{"id":918,"date":"2014-07-10T09:56:55","date_gmt":"2014-07-10T09:56:55","guid":{"rendered":"https:\/\/www.doldrumsbv.nl\/?page_id=918"},"modified":"2014-07-16T16:27:57","modified_gmt":"2014-07-16T16:27:57","slug":"nautische-und-technische-untersuchungen","status":"publish","type":"page","link":"https:\/\/www.doldrumsbv.nl\/de\/dienste\/nautische-und-technische-untersuchungen\/","title":{"rendered":"Nautische und technische untersuchungen"},"content":{"rendered":"<p>In den vorkommendenn F\u00e4lle werden wir gefragt um nautische oder technische Sch\u00e4den zu untersuchen. Bei nautischen Sch\u00e4den betrifft es oft eine Untersuchung des Sachverhalts, zum Beispiel bei \u00fcber Bord gefallenen Ladung, Ladungssch\u00e4den w\u00e4hrend der Reise usw. Doldrums wird regelm\u00e4\u00dfig eingeschaltet durch Sachverst\u00e4ndigenb\u00fcros mit unterschiedlichen Spezialgebiete. Unsere Spezialisten werden auch regelm\u00e4\u00dfig gefragt um Brennstoff bedingten Probleme zu untersuchen. Seeschiffe kommen dabei in Ber\u00fchrung mit Charterer und ein off-hire claim.<\/p>\n","protected":false},"excerpt":{"rendered":"<p>In den vorkommendenn F\u00e4lle werden wir gefragt um nautische oder technische Sch\u00e4den zu untersuchen. Bei nautischen Sch\u00e4den betrifft es oft eine Untersuchung des Sachverhalts, zum Beispiel bei \u00fcber Bord gefallenen Ladung, Ladungssch\u00e4den w\u00e4hrend der Reise usw. Doldrums wird regelm\u00e4\u00dfig eingeschaltet durch Sachverst\u00e4ndigenb\u00fcros mit unterschiedlichen Spezialgebiete. Unsere Spezialisten werden auch regelm\u00e4\u00dfig gefragt um Brennstoff bedingten Probleme [&hellip;]<\/p>\n","protected":false},"author":2,"featured_media":0,"parent":109,"menu_order":8,"comment_status":"open","ping_status":"closed","template":"","meta":{"_acf_changed":false,"footnotes":""},"class_list":["post-918","page","type-page","status-publish","hentry"],"acf":[],"yoast_head":"<!-- This site is optimized with the Yoast SEO plugin v27.4 - https:\/\/yoast.com\/product\/yoast-seo-wordpress\/ -->\n<title>Nautische und technische untersuchungen - Doldrums<\/title>\n<meta name=\"description\" content=\"In den vorkommendenn F\u00e4lle werden wir gefragt um nautische oder technische Sch\u00e4den zu untersuchen.\" \/>\n<meta name=\"robots\" content=\"index, follow, max-snippet:-1, max-image-preview:large, max-video-preview:-1\" \/>\n<link rel=\"canonical\" href=\"https:\/\/www.doldrumsbv.nl\/de\/dienste\/nautische-und-technische-untersuchungen\/\" \/>\n<meta property=\"og:locale\" content=\"de_DE\" \/>\n<meta property=\"og:type\" content=\"article\" \/>\n<meta property=\"og:title\" content=\"Nautische und technische untersuchungen - Doldrums\" \/>\n<meta property=\"og:description\" content=\"In den vorkommendenn F\u00e4lle werden wir gefragt um nautische oder technische Sch\u00e4den zu untersuchen.\" \/>\n<meta property=\"og:url\" content=\"https:\/\/www.doldrumsbv.nl\/de\/dienste\/nautische-und-technische-untersuchungen\/\" \/>\n<meta property=\"og:site_name\" content=\"Doldrums\" \/>\n<meta property=\"article:modified_time\" content=\"2014-07-16T16:27:57+00:00\" \/>\n<script type=\"application\/ld+json\" class=\"yoast-schema-graph\">{\"@context\":\"https:\\\/\\\/schema.org\",\"@graph\":[{\"@type\":\"WebPage\",\"@id\":\"https:\\\/\\\/www.doldrumsbv.nl\\\/de\\\/dienste\\\/nautische-und-technische-untersuchungen\\\/\",\"url\":\"https:\\\/\\\/www.doldrumsbv.nl\\\/de\\\/dienste\\\/nautische-und-technische-untersuchungen\\\/\",\"name\":\"Nautische und technische untersuchungen - Doldrums\",\"isPartOf\":{\"@id\":\"https:\\\/\\\/www.doldrumsbv.nl\\\/#website\"},\"datePublished\":\"2014-07-10T09:56:55+00:00\",\"dateModified\":\"2014-07-16T16:27:57+00:00\",\"description\":\"In den vorkommendenn F\u00e4lle werden wir gefragt um nautische oder technische Sch\u00e4den zu untersuchen.\",\"breadcrumb\":{\"@id\":\"https:\\\/\\\/www.doldrumsbv.nl\\\/de\\\/dienste\\\/nautische-und-technische-untersuchungen\\\/#breadcrumb\"},\"inLanguage\":\"de\",\"potentialAction\":[{\"@type\":\"ReadAction\",\"target\":[\"https:\\\/\\\/www.doldrumsbv.nl\\\/de\\\/dienste\\\/nautische-und-technische-untersuchungen\\\/\"]}]},{\"@type\":\"BreadcrumbList\",\"@id\":\"https:\\\/\\\/www.doldrumsbv.nl\\\/de\\\/dienste\\\/nautische-und-technische-untersuchungen\\\/#breadcrumb\",\"itemListElement\":[{\"@type\":\"ListItem\",\"position\":1,\"name\":\"Home\",\"item\":\"https:\\\/\\\/www.doldrumsbv.nl\\\/de\\\/\"},{\"@type\":\"ListItem\",\"position\":2,\"name\":\"Dienste\",\"item\":\"https:\\\/\\\/www.doldrumsbv.nl\\\/de\\\/dienste\\\/\"},{\"@type\":\"ListItem\",\"position\":3,\"name\":\"Nautische und technische untersuchungen\"}]},{\"@type\":\"WebSite\",\"@id\":\"https:\\\/\\\/www.doldrumsbv.nl\\\/#website\",\"url\":\"https:\\\/\\\/www.doldrumsbv.nl\\\/\",\"name\":\"Doldrums\",\"description\":\"Marine &amp; Technical Surveyors\",\"potentialAction\":[{\"@type\":\"SearchAction\",\"target\":{\"@type\":\"EntryPoint\",\"urlTemplate\":\"https:\\\/\\\/www.doldrumsbv.nl\\\/?s={search_term_string}\"},\"query-input\":{\"@type\":\"PropertyValueSpecification\",\"valueRequired\":true,\"valueName\":\"search_term_string\"}}],\"inLanguage\":\"de\"}]}<\/script>\n<!-- \/ Yoast SEO plugin. -->","yoast_head_json":{"title":"Nautische und technische untersuchungen - Doldrums","description":"In den vorkommendenn F\u00e4lle werden wir gefragt um nautische oder technische Sch\u00e4den zu untersuchen.","robots":{"index":"index","follow":"follow","max-snippet":"max-snippet:-1","max-image-preview":"max-image-preview:large","max-video-preview":"max-video-preview:-1"},"canonical":"https:\/\/www.doldrumsbv.nl\/de\/dienste\/nautische-und-technische-untersuchungen\/","og_locale":"de_DE","og_type":"article","og_title":"Nautische und technische untersuchungen - Doldrums","og_description":"In den vorkommendenn F\u00e4lle werden wir gefragt um nautische oder technische Sch\u00e4den zu untersuchen.","og_url":"https:\/\/www.doldrumsbv.nl\/de\/dienste\/nautische-und-technische-untersuchungen\/","og_site_name":"Doldrums","article_modified_time":"2014-07-16T16:27:57+00:00","schema":{"@context":"https:\/\/schema.org","@graph":[{"@type":"WebPage","@id":"https:\/\/www.doldrumsbv.nl\/de\/dienste\/nautische-und-technische-untersuchungen\/","url":"https:\/\/www.doldrumsbv.nl\/de\/dienste\/nautische-und-technische-untersuchungen\/","name":"Nautische und technische untersuchungen - Doldrums","isPartOf":{"@id":"https:\/\/www.doldrumsbv.nl\/#website"},"datePublished":"2014-07-10T09:56:55+00:00","dateModified":"2014-07-16T16:27:57+00:00","description":"In den vorkommendenn F\u00e4lle werden wir gefragt um nautische oder technische Sch\u00e4den zu untersuchen.","breadcrumb":{"@id":"https:\/\/www.doldrumsbv.nl\/de\/dienste\/nautische-und-technische-untersuchungen\/#breadcrumb"},"inLanguage":"de","potentialAction":[{"@type":"ReadAction","target":["https:\/\/www.doldrumsbv.nl\/de\/dienste\/nautische-und-technische-untersuchungen\/"]}]},{"@type":"BreadcrumbList","@id":"https:\/\/www.doldrumsbv.nl\/de\/dienste\/nautische-und-technische-untersuchungen\/#breadcrumb","itemListElement":[{"@type":"ListItem","position":1,"name":"Home","item":"https:\/\/www.doldrumsbv.nl\/de\/"},{"@type":"ListItem","position":2,"name":"Dienste","item":"https:\/\/www.doldrumsbv.nl\/de\/dienste\/"},{"@type":"ListItem","position":3,"name":"Nautische und technische untersuchungen"}]},{"@type":"WebSite","@id":"https:\/\/www.doldrumsbv.nl\/#website","url":"https:\/\/www.doldrumsbv.nl\/","name":"Doldrums","description":"Marine &amp; Technical Surveyors","potentialAction":[{"@type":"SearchAction","target":{"@type":"EntryPoint","urlTemplate":"https:\/\/www.doldrumsbv.nl\/?s={search_term_string}"},"query-input":{"@type":"PropertyValueSpecification","valueRequired":true,"valueName":"search_term_string"}}],"inLanguage":"de"}]}},"_links":{"self":[{"href":"https:\/\/www.doldrumsbv.nl\/de\/wp-json\/wp\/v2\/pages\/918","targetHints":{"allow":["GET"]}}],"collection":[{"href":"https:\/\/www.doldrumsbv.nl\/de\/wp-json\/wp\/v2\/pages"}],"about":[{"href":"https:\/\/www.doldrumsbv.nl\/de\/wp-json\/wp\/v2\/types\/page"}],"author":[{"embeddable":true,"href":"https:\/\/www.doldrumsbv.nl\/de\/wp-json\/wp\/v2\/users\/2"}],"replies":[{"embeddable":true,"href":"https:\/\/www.doldrumsbv.nl\/de\/wp-json\/wp\/v2\/comments?post=918"}],"version-history":[{"count":2,"href":"https:\/\/www.doldrumsbv.nl\/de\/wp-json\/wp\/v2\/pages\/918\/revisions"}],"predecessor-version":[{"id":1086,"href":"https:\/\/www.doldrumsbv.nl\/de\/wp-json\/wp\/v2\/pages\/918\/revisions\/1086"}],"up":[{"embeddable":true,"href":"https:\/\/www.doldrumsbv.nl\/de\/wp-json\/wp\/v2\/pages\/109"}],"wp:attachment":[{"href":"https:\/\/www.doldrumsbv.nl\/de\/wp-json\/wp\/v2\/media?parent=918"}],"curies":[{"name":"wp","href":"https:\/\/api.w.org\/{rel}","templated":true}]}}