{"id":910,"date":"2014-07-10T09:44:55","date_gmt":"2014-07-10T09:44:55","guid":{"rendered":"https:\/\/www.doldrumsbv.nl\/?page_id=910"},"modified":"2014-07-16T16:26:51","modified_gmt":"2014-07-16T16:26:51","slug":"consultancy-in-der-seefahrt","status":"publish","type":"page","link":"https:\/\/www.doldrumsbv.nl\/de\/dienste\/consultancy-in-der-seefahrt\/","title":{"rendered":"Consultancy in der Seefahrt"},"content":{"rendered":"<p>Doldrums hat viele Kenntnis und Erfahrung in kurzfristige Projekten f\u00fcr Reparatur- und Umbau-Unterst\u00fctzung, Superintendency und sogar Umflaggen von Seeschiffen. F\u00fcr derartige Projekten ist eine Kenntnis der internationalen Gesetzgebung und Zertifizierung unverzichtbar. In den vergangenen Jahren sind diverse komplexen Projekten zu aller Zufriedenheit unseren Kunden vollendet.<\/p>\n","protected":false},"excerpt":{"rendered":"<p>Doldrums hat viele Kenntnis und Erfahrung in kurzfristige Projekten f\u00fcr Reparatur- und Umbau-Unterst\u00fctzung, Superintendency und sogar Umflaggen von Seeschiffen. F\u00fcr derartige Projekten ist eine Kenntnis der internationalen Gesetzgebung und Zertifizierung unverzichtbar. In den vergangenen Jahren sind diverse komplexen Projekten zu aller Zufriedenheit unseren Kunden vollendet.<\/p>\n","protected":false},"author":2,"featured_media":0,"parent":109,"menu_order":7,"comment_status":"open","ping_status":"closed","template":"","meta":{"_acf_changed":false,"footnotes":""},"class_list":["post-910","page","type-page","status-publish","hentry"],"acf":[],"yoast_head":"<!-- This site is optimized with the Yoast SEO plugin v27.4 - https:\/\/yoast.com\/product\/yoast-seo-wordpress\/ -->\n<title>Consultancy in der Seefahrt - Doldrums<\/title>\n<meta name=\"description\" content=\"Doldrums hat viele Kenntnis und Erfahrung in kurzfristige Projekten f\u00fcr Reparatur- und Umbau-Unterst\u00fctzung, Superintendency und Umflaggen von Seeschiffen.\" \/>\n<meta name=\"robots\" content=\"index, follow, max-snippet:-1, max-image-preview:large, max-video-preview:-1\" \/>\n<link rel=\"canonical\" href=\"https:\/\/www.doldrumsbv.nl\/de\/dienste\/consultancy-in-der-seefahrt\/\" \/>\n<meta property=\"og:locale\" content=\"de_DE\" \/>\n<meta property=\"og:type\" content=\"article\" \/>\n<meta property=\"og:title\" content=\"Consultancy in der Seefahrt - Doldrums\" \/>\n<meta property=\"og:description\" content=\"Doldrums hat viele Kenntnis und Erfahrung in kurzfristige Projekten f\u00fcr Reparatur- und Umbau-Unterst\u00fctzung, Superintendency und Umflaggen von Seeschiffen.\" \/>\n<meta property=\"og:url\" content=\"https:\/\/www.doldrumsbv.nl\/de\/dienste\/consultancy-in-der-seefahrt\/\" \/>\n<meta property=\"og:site_name\" content=\"Doldrums\" \/>\n<meta property=\"article:modified_time\" content=\"2014-07-16T16:26:51+00:00\" \/>\n<script type=\"application\/ld+json\" class=\"yoast-schema-graph\">{\"@context\":\"https:\\\/\\\/schema.org\",\"@graph\":[{\"@type\":\"WebPage\",\"@id\":\"https:\\\/\\\/www.doldrumsbv.nl\\\/de\\\/dienste\\\/consultancy-in-der-seefahrt\\\/\",\"url\":\"https:\\\/\\\/www.doldrumsbv.nl\\\/de\\\/dienste\\\/consultancy-in-der-seefahrt\\\/\",\"name\":\"Consultancy in der Seefahrt - Doldrums\",\"isPartOf\":{\"@id\":\"https:\\\/\\\/www.doldrumsbv.nl\\\/#website\"},\"datePublished\":\"2014-07-10T09:44:55+00:00\",\"dateModified\":\"2014-07-16T16:26:51+00:00\",\"description\":\"Doldrums hat viele Kenntnis und Erfahrung in kurzfristige Projekten f\u00fcr Reparatur- und Umbau-Unterst\u00fctzung, Superintendency und Umflaggen von Seeschiffen.\",\"breadcrumb\":{\"@id\":\"https:\\\/\\\/www.doldrumsbv.nl\\\/de\\\/dienste\\\/consultancy-in-der-seefahrt\\\/#breadcrumb\"},\"inLanguage\":\"de\",\"potentialAction\":[{\"@type\":\"ReadAction\",\"target\":[\"https:\\\/\\\/www.doldrumsbv.nl\\\/de\\\/dienste\\\/consultancy-in-der-seefahrt\\\/\"]}]},{\"@type\":\"BreadcrumbList\",\"@id\":\"https:\\\/\\\/www.doldrumsbv.nl\\\/de\\\/dienste\\\/consultancy-in-der-seefahrt\\\/#breadcrumb\",\"itemListElement\":[{\"@type\":\"ListItem\",\"position\":1,\"name\":\"Home\",\"item\":\"https:\\\/\\\/www.doldrumsbv.nl\\\/de\\\/\"},{\"@type\":\"ListItem\",\"position\":2,\"name\":\"Dienste\",\"item\":\"https:\\\/\\\/www.doldrumsbv.nl\\\/de\\\/dienste\\\/\"},{\"@type\":\"ListItem\",\"position\":3,\"name\":\"Consultancy in der Seefahrt\"}]},{\"@type\":\"WebSite\",\"@id\":\"https:\\\/\\\/www.doldrumsbv.nl\\\/#website\",\"url\":\"https:\\\/\\\/www.doldrumsbv.nl\\\/\",\"name\":\"Doldrums\",\"description\":\"Marine &amp; Technical Surveyors\",\"potentialAction\":[{\"@type\":\"SearchAction\",\"target\":{\"@type\":\"EntryPoint\",\"urlTemplate\":\"https:\\\/\\\/www.doldrumsbv.nl\\\/?s={search_term_string}\"},\"query-input\":{\"@type\":\"PropertyValueSpecification\",\"valueRequired\":true,\"valueName\":\"search_term_string\"}}],\"inLanguage\":\"de\"}]}<\/script>\n<!-- \/ Yoast SEO plugin. -->","yoast_head_json":{"title":"Consultancy in der Seefahrt - Doldrums","description":"Doldrums hat viele Kenntnis und Erfahrung in kurzfristige Projekten f\u00fcr Reparatur- und Umbau-Unterst\u00fctzung, Superintendency und Umflaggen von Seeschiffen.","robots":{"index":"index","follow":"follow","max-snippet":"max-snippet:-1","max-image-preview":"max-image-preview:large","max-video-preview":"max-video-preview:-1"},"canonical":"https:\/\/www.doldrumsbv.nl\/de\/dienste\/consultancy-in-der-seefahrt\/","og_locale":"de_DE","og_type":"article","og_title":"Consultancy in der Seefahrt - Doldrums","og_description":"Doldrums hat viele Kenntnis und Erfahrung in kurzfristige Projekten f\u00fcr Reparatur- und Umbau-Unterst\u00fctzung, Superintendency und Umflaggen von Seeschiffen.","og_url":"https:\/\/www.doldrumsbv.nl\/de\/dienste\/consultancy-in-der-seefahrt\/","og_site_name":"Doldrums","article_modified_time":"2014-07-16T16:26:51+00:00","schema":{"@context":"https:\/\/schema.org","@graph":[{"@type":"WebPage","@id":"https:\/\/www.doldrumsbv.nl\/de\/dienste\/consultancy-in-der-seefahrt\/","url":"https:\/\/www.doldrumsbv.nl\/de\/dienste\/consultancy-in-der-seefahrt\/","name":"Consultancy in der Seefahrt - Doldrums","isPartOf":{"@id":"https:\/\/www.doldrumsbv.nl\/#website"},"datePublished":"2014-07-10T09:44:55+00:00","dateModified":"2014-07-16T16:26:51+00:00","description":"Doldrums hat viele Kenntnis und Erfahrung in kurzfristige Projekten f\u00fcr Reparatur- und Umbau-Unterst\u00fctzung, Superintendency und Umflaggen von Seeschiffen.","breadcrumb":{"@id":"https:\/\/www.doldrumsbv.nl\/de\/dienste\/consultancy-in-der-seefahrt\/#breadcrumb"},"inLanguage":"de","potentialAction":[{"@type":"ReadAction","target":["https:\/\/www.doldrumsbv.nl\/de\/dienste\/consultancy-in-der-seefahrt\/"]}]},{"@type":"BreadcrumbList","@id":"https:\/\/www.doldrumsbv.nl\/de\/dienste\/consultancy-in-der-seefahrt\/#breadcrumb","itemListElement":[{"@type":"ListItem","position":1,"name":"Home","item":"https:\/\/www.doldrumsbv.nl\/de\/"},{"@type":"ListItem","position":2,"name":"Dienste","item":"https:\/\/www.doldrumsbv.nl\/de\/dienste\/"},{"@type":"ListItem","position":3,"name":"Consultancy in der Seefahrt"}]},{"@type":"WebSite","@id":"https:\/\/www.doldrumsbv.nl\/#website","url":"https:\/\/www.doldrumsbv.nl\/","name":"Doldrums","description":"Marine &amp; Technical Surveyors","potentialAction":[{"@type":"SearchAction","target":{"@type":"EntryPoint","urlTemplate":"https:\/\/www.doldrumsbv.nl\/?s={search_term_string}"},"query-input":{"@type":"PropertyValueSpecification","valueRequired":true,"valueName":"search_term_string"}}],"inLanguage":"de"}]}},"_links":{"self":[{"href":"https:\/\/www.doldrumsbv.nl\/de\/wp-json\/wp\/v2\/pages\/910","targetHints":{"allow":["GET"]}}],"collection":[{"href":"https:\/\/www.doldrumsbv.nl\/de\/wp-json\/wp\/v2\/pages"}],"about":[{"href":"https:\/\/www.doldrumsbv.nl\/de\/wp-json\/wp\/v2\/types\/page"}],"author":[{"embeddable":true,"href":"https:\/\/www.doldrumsbv.nl\/de\/wp-json\/wp\/v2\/users\/2"}],"replies":[{"embeddable":true,"href":"https:\/\/www.doldrumsbv.nl\/de\/wp-json\/wp\/v2\/comments?post=910"}],"version-history":[{"count":5,"href":"https:\/\/www.doldrumsbv.nl\/de\/wp-json\/wp\/v2\/pages\/910\/revisions"}],"predecessor-version":[{"id":1084,"href":"https:\/\/www.doldrumsbv.nl\/de\/wp-json\/wp\/v2\/pages\/910\/revisions\/1084"}],"up":[{"embeddable":true,"href":"https:\/\/www.doldrumsbv.nl\/de\/wp-json\/wp\/v2\/pages\/109"}],"wp:attachment":[{"href":"https:\/\/www.doldrumsbv.nl\/de\/wp-json\/wp\/v2\/media?parent=910"}],"curies":[{"name":"wp","href":"https:\/\/api.w.org\/{rel}","templated":true}]}}