{"id":906,"date":"2014-07-10T09:40:15","date_gmt":"2014-07-10T09:40:15","guid":{"rendered":"https:\/\/www.doldrumsbv.nl\/?page_id=906"},"modified":"2014-07-16T16:25:03","modified_gmt":"2014-07-16T16:25:03","slug":"vermittlung-mediation-arbitrage","status":"publish","type":"page","link":"https:\/\/www.doldrumsbv.nl\/de\/dienste\/vermittlung-mediation-arbitrage\/","title":{"rendered":"Mediation und arbitrage"},"content":{"rendered":"<p>Regelm\u00e4\u00dfig werden Sachverst\u00e4ndigen von Doldrums bei Konflikten durch Parteien oder die beteiligten Anw\u00e4lte gefragt um als Schlichter oder Begutachter ernennt zu werden. Auch werden sie, auf Grund ihrer umfangreichen Kenntnisse und Spezialwissen, regelm\u00e4\u00dfig durch die Gerichtsbeh\u00f6rde als Gerichtssachverst\u00e4ndigen berufen. Ein der Sachverst\u00e4ndigen hat eine Ausbildung zum Mediator und Gerichtssachverst\u00e4ndiger gemacht und ist eingeschrieben im Landelijk Register van Gerechtelijke Deskundigen (LRGD) (Niederl\u00e4ndisch Register von Gerichtssachverst\u00e4ndigen)<\/p>\n","protected":false},"excerpt":{"rendered":"<p>Regelm\u00e4\u00dfig werden Sachverst\u00e4ndigen von Doldrums bei Konflikten durch Parteien oder die beteiligten Anw\u00e4lte gefragt um als Schlichter oder Begutachter ernennt zu werden. Auch werden sie, auf Grund ihrer umfangreichen Kenntnisse und Spezialwissen, regelm\u00e4\u00dfig durch die Gerichtsbeh\u00f6rde als Gerichtssachverst\u00e4ndigen berufen. Ein der Sachverst\u00e4ndigen hat eine Ausbildung zum Mediator und Gerichtssachverst\u00e4ndiger gemacht und ist eingeschrieben im Landelijk [&hellip;]<\/p>\n","protected":false},"author":2,"featured_media":0,"parent":109,"menu_order":6,"comment_status":"open","ping_status":"open","template":"","meta":{"_acf_changed":false,"footnotes":""},"class_list":["post-906","page","type-page","status-publish","hentry"],"acf":[],"yoast_head":"<!-- This site is optimized with the Yoast SEO plugin v27.4 - https:\/\/yoast.com\/product\/yoast-seo-wordpress\/ -->\n<title>Mediation und arbitrage - Doldrums<\/title>\n<meta name=\"description\" content=\"Sachverst\u00e4ndigen von Doldrums werden bei Konflikten durch Parteien oder die beteiligten Anw\u00e4lte gefragt um als Schlichter oder Begutachter ernennt zu werden\" \/>\n<meta name=\"robots\" content=\"index, follow, max-snippet:-1, max-image-preview:large, max-video-preview:-1\" \/>\n<link rel=\"canonical\" href=\"https:\/\/www.doldrumsbv.nl\/de\/dienste\/vermittlung-mediation-arbitrage\/\" \/>\n<meta property=\"og:locale\" content=\"de_DE\" \/>\n<meta property=\"og:type\" content=\"article\" \/>\n<meta property=\"og:title\" content=\"Mediation und arbitrage - Doldrums\" \/>\n<meta property=\"og:description\" content=\"Sachverst\u00e4ndigen von Doldrums werden bei Konflikten durch Parteien oder die beteiligten Anw\u00e4lte gefragt um als Schlichter oder Begutachter ernennt zu werden\" \/>\n<meta property=\"og:url\" content=\"https:\/\/www.doldrumsbv.nl\/de\/dienste\/vermittlung-mediation-arbitrage\/\" \/>\n<meta property=\"og:site_name\" content=\"Doldrums\" \/>\n<meta property=\"article:modified_time\" content=\"2014-07-16T16:25:03+00:00\" \/>\n<script type=\"application\/ld+json\" class=\"yoast-schema-graph\">{\"@context\":\"https:\\\/\\\/schema.org\",\"@graph\":[{\"@type\":\"WebPage\",\"@id\":\"https:\\\/\\\/www.doldrumsbv.nl\\\/de\\\/dienste\\\/vermittlung-mediation-arbitrage\\\/\",\"url\":\"https:\\\/\\\/www.doldrumsbv.nl\\\/de\\\/dienste\\\/vermittlung-mediation-arbitrage\\\/\",\"name\":\"Mediation und arbitrage - Doldrums\",\"isPartOf\":{\"@id\":\"https:\\\/\\\/www.doldrumsbv.nl\\\/#website\"},\"datePublished\":\"2014-07-10T09:40:15+00:00\",\"dateModified\":\"2014-07-16T16:25:03+00:00\",\"description\":\"Sachverst\u00e4ndigen von Doldrums werden bei Konflikten durch Parteien oder die beteiligten Anw\u00e4lte gefragt um als Schlichter oder Begutachter ernennt zu werden\",\"breadcrumb\":{\"@id\":\"https:\\\/\\\/www.doldrumsbv.nl\\\/de\\\/dienste\\\/vermittlung-mediation-arbitrage\\\/#breadcrumb\"},\"inLanguage\":\"de\",\"potentialAction\":[{\"@type\":\"ReadAction\",\"target\":[\"https:\\\/\\\/www.doldrumsbv.nl\\\/de\\\/dienste\\\/vermittlung-mediation-arbitrage\\\/\"]}]},{\"@type\":\"BreadcrumbList\",\"@id\":\"https:\\\/\\\/www.doldrumsbv.nl\\\/de\\\/dienste\\\/vermittlung-mediation-arbitrage\\\/#breadcrumb\",\"itemListElement\":[{\"@type\":\"ListItem\",\"position\":1,\"name\":\"Home\",\"item\":\"https:\\\/\\\/www.doldrumsbv.nl\\\/de\\\/\"},{\"@type\":\"ListItem\",\"position\":2,\"name\":\"Dienste\",\"item\":\"https:\\\/\\\/www.doldrumsbv.nl\\\/de\\\/dienste\\\/\"},{\"@type\":\"ListItem\",\"position\":3,\"name\":\"Mediation und arbitrage\"}]},{\"@type\":\"WebSite\",\"@id\":\"https:\\\/\\\/www.doldrumsbv.nl\\\/#website\",\"url\":\"https:\\\/\\\/www.doldrumsbv.nl\\\/\",\"name\":\"Doldrums\",\"description\":\"Marine &amp; Technical Surveyors\",\"potentialAction\":[{\"@type\":\"SearchAction\",\"target\":{\"@type\":\"EntryPoint\",\"urlTemplate\":\"https:\\\/\\\/www.doldrumsbv.nl\\\/?s={search_term_string}\"},\"query-input\":{\"@type\":\"PropertyValueSpecification\",\"valueRequired\":true,\"valueName\":\"search_term_string\"}}],\"inLanguage\":\"de\"}]}<\/script>\n<!-- \/ Yoast SEO plugin. -->","yoast_head_json":{"title":"Mediation und arbitrage - Doldrums","description":"Sachverst\u00e4ndigen von Doldrums werden bei Konflikten durch Parteien oder die beteiligten Anw\u00e4lte gefragt um als Schlichter oder Begutachter ernennt zu werden","robots":{"index":"index","follow":"follow","max-snippet":"max-snippet:-1","max-image-preview":"max-image-preview:large","max-video-preview":"max-video-preview:-1"},"canonical":"https:\/\/www.doldrumsbv.nl\/de\/dienste\/vermittlung-mediation-arbitrage\/","og_locale":"de_DE","og_type":"article","og_title":"Mediation und arbitrage - Doldrums","og_description":"Sachverst\u00e4ndigen von Doldrums werden bei Konflikten durch Parteien oder die beteiligten Anw\u00e4lte gefragt um als Schlichter oder Begutachter ernennt zu werden","og_url":"https:\/\/www.doldrumsbv.nl\/de\/dienste\/vermittlung-mediation-arbitrage\/","og_site_name":"Doldrums","article_modified_time":"2014-07-16T16:25:03+00:00","schema":{"@context":"https:\/\/schema.org","@graph":[{"@type":"WebPage","@id":"https:\/\/www.doldrumsbv.nl\/de\/dienste\/vermittlung-mediation-arbitrage\/","url":"https:\/\/www.doldrumsbv.nl\/de\/dienste\/vermittlung-mediation-arbitrage\/","name":"Mediation und arbitrage - Doldrums","isPartOf":{"@id":"https:\/\/www.doldrumsbv.nl\/#website"},"datePublished":"2014-07-10T09:40:15+00:00","dateModified":"2014-07-16T16:25:03+00:00","description":"Sachverst\u00e4ndigen von Doldrums werden bei Konflikten durch Parteien oder die beteiligten Anw\u00e4lte gefragt um als Schlichter oder Begutachter ernennt zu werden","breadcrumb":{"@id":"https:\/\/www.doldrumsbv.nl\/de\/dienste\/vermittlung-mediation-arbitrage\/#breadcrumb"},"inLanguage":"de","potentialAction":[{"@type":"ReadAction","target":["https:\/\/www.doldrumsbv.nl\/de\/dienste\/vermittlung-mediation-arbitrage\/"]}]},{"@type":"BreadcrumbList","@id":"https:\/\/www.doldrumsbv.nl\/de\/dienste\/vermittlung-mediation-arbitrage\/#breadcrumb","itemListElement":[{"@type":"ListItem","position":1,"name":"Home","item":"https:\/\/www.doldrumsbv.nl\/de\/"},{"@type":"ListItem","position":2,"name":"Dienste","item":"https:\/\/www.doldrumsbv.nl\/de\/dienste\/"},{"@type":"ListItem","position":3,"name":"Mediation und arbitrage"}]},{"@type":"WebSite","@id":"https:\/\/www.doldrumsbv.nl\/#website","url":"https:\/\/www.doldrumsbv.nl\/","name":"Doldrums","description":"Marine &amp; Technical Surveyors","potentialAction":[{"@type":"SearchAction","target":{"@type":"EntryPoint","urlTemplate":"https:\/\/www.doldrumsbv.nl\/?s={search_term_string}"},"query-input":{"@type":"PropertyValueSpecification","valueRequired":true,"valueName":"search_term_string"}}],"inLanguage":"de"}]}},"_links":{"self":[{"href":"https:\/\/www.doldrumsbv.nl\/de\/wp-json\/wp\/v2\/pages\/906","targetHints":{"allow":["GET"]}}],"collection":[{"href":"https:\/\/www.doldrumsbv.nl\/de\/wp-json\/wp\/v2\/pages"}],"about":[{"href":"https:\/\/www.doldrumsbv.nl\/de\/wp-json\/wp\/v2\/types\/page"}],"author":[{"embeddable":true,"href":"https:\/\/www.doldrumsbv.nl\/de\/wp-json\/wp\/v2\/users\/2"}],"replies":[{"embeddable":true,"href":"https:\/\/www.doldrumsbv.nl\/de\/wp-json\/wp\/v2\/comments?post=906"}],"version-history":[{"count":3,"href":"https:\/\/www.doldrumsbv.nl\/de\/wp-json\/wp\/v2\/pages\/906\/revisions"}],"predecessor-version":[{"id":1081,"href":"https:\/\/www.doldrumsbv.nl\/de\/wp-json\/wp\/v2\/pages\/906\/revisions\/1081"}],"up":[{"embeddable":true,"href":"https:\/\/www.doldrumsbv.nl\/de\/wp-json\/wp\/v2\/pages\/109"}],"wp:attachment":[{"href":"https:\/\/www.doldrumsbv.nl\/de\/wp-json\/wp\/v2\/media?parent=906"}],"curies":[{"name":"wp","href":"https:\/\/api.w.org\/{rel}","templated":true}]}}