{"id":899,"date":"2014-07-10T09:31:25","date_gmt":"2014-07-10T09:31:25","guid":{"rendered":"https:\/\/www.doldrumsbv.nl\/?page_id=899"},"modified":"2014-10-17T08:54:52","modified_gmt":"2014-10-17T08:54:52","slug":"wertbegutachtung","status":"publish","type":"page","link":"https:\/\/www.doldrumsbv.nl\/de\/dienste\/wertbegutachtung\/","title":{"rendered":"Wertbegutachtung"},"content":{"rendered":"<p>Der Wert von Schiffen, egal ob es Binnenschiffe, Seeschiffe, Baggerschiffe, Offshore-Schiffe oder Werkschiffe betrifft, ist in den vergangenen Jahren starken Schwanken unterworfen. Wegen unserer Kenntnisse der Markten, sind wir in der Lage um zuverl\u00e4ssige und realistische Bewertungen zu machen f\u00fcr verschieden Zwecke, zum Beispiel f\u00fcr den wirtschaftlichen Wert, Versicherungswert, Liquidationswert usw. Neben regul\u00e4re Bewertungen, machen wir auch komplexe Bewertungen von Flotten und von \u00a0Sonderobjekten. \u00a0Unsere Auftraggeber sind haupts\u00e4chlich Schiffseigner, Schiffsk\u00e4ufer, Schiffsverk\u00e4ufer, Banken und Versicherungsgesellschaften. Ein unserer Sachverst\u00e4ndigen ist eingeschrieben im Verenigd Register van Taxateurs (VRT).<\/p>\n","protected":false},"excerpt":{"rendered":"<p>Der Wert von Schiffen, egal ob es Binnenschiffe, Seeschiffe, Baggerschiffe, Offshore-Schiffe oder Werkschiffe betrifft, ist in den vergangenen Jahren starken Schwanken unterworfen. Wegen unserer Kenntnisse der Markten, sind wir in der Lage um zuverl\u00e4ssige und realistische Bewertungen zu machen f\u00fcr verschieden Zwecke, zum Beispiel f\u00fcr den wirtschaftlichen Wert, Versicherungswert, Liquidationswert usw. Neben regul\u00e4re Bewertungen, machen [&hellip;]<\/p>\n","protected":false},"author":2,"featured_media":0,"parent":109,"menu_order":3,"comment_status":"open","ping_status":"open","template":"","meta":{"_acf_changed":false,"footnotes":""},"class_list":["post-899","page","type-page","status-publish","hentry"],"acf":[],"yoast_head":"<!-- This site is optimized with the Yoast SEO plugin v27.4 - https:\/\/yoast.com\/product\/yoast-seo-wordpress\/ -->\n<title>Wertbegutachtung - Doldrums<\/title>\n<meta name=\"description\" content=\"Wir sind in der Lage um zuverl\u00e4ssige Bewertungen zu machen f\u00fcr Binnenschiffe, Seeschiffe, Baggerschiffe, Offshore-Schiffe oder Werkschiffe.\" \/>\n<meta name=\"robots\" content=\"index, follow, max-snippet:-1, max-image-preview:large, max-video-preview:-1\" \/>\n<link rel=\"canonical\" href=\"https:\/\/www.doldrumsbv.nl\/de\/dienste\/wertbegutachtung\/\" \/>\n<meta property=\"og:locale\" content=\"de_DE\" \/>\n<meta property=\"og:type\" content=\"article\" \/>\n<meta property=\"og:title\" content=\"Wertbegutachtung - Doldrums\" \/>\n<meta property=\"og:description\" content=\"Wir sind in der Lage um zuverl\u00e4ssige Bewertungen zu machen f\u00fcr Binnenschiffe, Seeschiffe, Baggerschiffe, Offshore-Schiffe oder Werkschiffe.\" \/>\n<meta property=\"og:url\" content=\"https:\/\/www.doldrumsbv.nl\/de\/dienste\/wertbegutachtung\/\" \/>\n<meta property=\"og:site_name\" content=\"Doldrums\" \/>\n<meta property=\"article:modified_time\" content=\"2014-10-17T08:54:52+00:00\" \/>\n<script type=\"application\/ld+json\" class=\"yoast-schema-graph\">{\"@context\":\"https:\\\/\\\/schema.org\",\"@graph\":[{\"@type\":\"WebPage\",\"@id\":\"https:\\\/\\\/www.doldrumsbv.nl\\\/de\\\/dienste\\\/wertbegutachtung\\\/\",\"url\":\"https:\\\/\\\/www.doldrumsbv.nl\\\/de\\\/dienste\\\/wertbegutachtung\\\/\",\"name\":\"Wertbegutachtung - Doldrums\",\"isPartOf\":{\"@id\":\"https:\\\/\\\/www.doldrumsbv.nl\\\/#website\"},\"datePublished\":\"2014-07-10T09:31:25+00:00\",\"dateModified\":\"2014-10-17T08:54:52+00:00\",\"description\":\"Wir sind in der Lage um zuverl\u00e4ssige Bewertungen zu machen f\u00fcr Binnenschiffe, Seeschiffe, Baggerschiffe, Offshore-Schiffe oder Werkschiffe.\",\"breadcrumb\":{\"@id\":\"https:\\\/\\\/www.doldrumsbv.nl\\\/de\\\/dienste\\\/wertbegutachtung\\\/#breadcrumb\"},\"inLanguage\":\"de\",\"potentialAction\":[{\"@type\":\"ReadAction\",\"target\":[\"https:\\\/\\\/www.doldrumsbv.nl\\\/de\\\/dienste\\\/wertbegutachtung\\\/\"]}]},{\"@type\":\"BreadcrumbList\",\"@id\":\"https:\\\/\\\/www.doldrumsbv.nl\\\/de\\\/dienste\\\/wertbegutachtung\\\/#breadcrumb\",\"itemListElement\":[{\"@type\":\"ListItem\",\"position\":1,\"name\":\"Home\",\"item\":\"https:\\\/\\\/www.doldrumsbv.nl\\\/de\\\/\"},{\"@type\":\"ListItem\",\"position\":2,\"name\":\"Dienste\",\"item\":\"https:\\\/\\\/www.doldrumsbv.nl\\\/de\\\/dienste\\\/\"},{\"@type\":\"ListItem\",\"position\":3,\"name\":\"Wertbegutachtung\"}]},{\"@type\":\"WebSite\",\"@id\":\"https:\\\/\\\/www.doldrumsbv.nl\\\/#website\",\"url\":\"https:\\\/\\\/www.doldrumsbv.nl\\\/\",\"name\":\"Doldrums\",\"description\":\"Marine &amp; Technical Surveyors\",\"potentialAction\":[{\"@type\":\"SearchAction\",\"target\":{\"@type\":\"EntryPoint\",\"urlTemplate\":\"https:\\\/\\\/www.doldrumsbv.nl\\\/?s={search_term_string}\"},\"query-input\":{\"@type\":\"PropertyValueSpecification\",\"valueRequired\":true,\"valueName\":\"search_term_string\"}}],\"inLanguage\":\"de\"}]}<\/script>\n<!-- \/ Yoast SEO plugin. -->","yoast_head_json":{"title":"Wertbegutachtung - Doldrums","description":"Wir sind in der Lage um zuverl\u00e4ssige Bewertungen zu machen f\u00fcr Binnenschiffe, Seeschiffe, Baggerschiffe, Offshore-Schiffe oder Werkschiffe.","robots":{"index":"index","follow":"follow","max-snippet":"max-snippet:-1","max-image-preview":"max-image-preview:large","max-video-preview":"max-video-preview:-1"},"canonical":"https:\/\/www.doldrumsbv.nl\/de\/dienste\/wertbegutachtung\/","og_locale":"de_DE","og_type":"article","og_title":"Wertbegutachtung - Doldrums","og_description":"Wir sind in der Lage um zuverl\u00e4ssige Bewertungen zu machen f\u00fcr Binnenschiffe, Seeschiffe, Baggerschiffe, Offshore-Schiffe oder Werkschiffe.","og_url":"https:\/\/www.doldrumsbv.nl\/de\/dienste\/wertbegutachtung\/","og_site_name":"Doldrums","article_modified_time":"2014-10-17T08:54:52+00:00","schema":{"@context":"https:\/\/schema.org","@graph":[{"@type":"WebPage","@id":"https:\/\/www.doldrumsbv.nl\/de\/dienste\/wertbegutachtung\/","url":"https:\/\/www.doldrumsbv.nl\/de\/dienste\/wertbegutachtung\/","name":"Wertbegutachtung - Doldrums","isPartOf":{"@id":"https:\/\/www.doldrumsbv.nl\/#website"},"datePublished":"2014-07-10T09:31:25+00:00","dateModified":"2014-10-17T08:54:52+00:00","description":"Wir sind in der Lage um zuverl\u00e4ssige Bewertungen zu machen f\u00fcr Binnenschiffe, Seeschiffe, Baggerschiffe, Offshore-Schiffe oder Werkschiffe.","breadcrumb":{"@id":"https:\/\/www.doldrumsbv.nl\/de\/dienste\/wertbegutachtung\/#breadcrumb"},"inLanguage":"de","potentialAction":[{"@type":"ReadAction","target":["https:\/\/www.doldrumsbv.nl\/de\/dienste\/wertbegutachtung\/"]}]},{"@type":"BreadcrumbList","@id":"https:\/\/www.doldrumsbv.nl\/de\/dienste\/wertbegutachtung\/#breadcrumb","itemListElement":[{"@type":"ListItem","position":1,"name":"Home","item":"https:\/\/www.doldrumsbv.nl\/de\/"},{"@type":"ListItem","position":2,"name":"Dienste","item":"https:\/\/www.doldrumsbv.nl\/de\/dienste\/"},{"@type":"ListItem","position":3,"name":"Wertbegutachtung"}]},{"@type":"WebSite","@id":"https:\/\/www.doldrumsbv.nl\/#website","url":"https:\/\/www.doldrumsbv.nl\/","name":"Doldrums","description":"Marine &amp; Technical Surveyors","potentialAction":[{"@type":"SearchAction","target":{"@type":"EntryPoint","urlTemplate":"https:\/\/www.doldrumsbv.nl\/?s={search_term_string}"},"query-input":{"@type":"PropertyValueSpecification","valueRequired":true,"valueName":"search_term_string"}}],"inLanguage":"de"}]}},"_links":{"self":[{"href":"https:\/\/www.doldrumsbv.nl\/de\/wp-json\/wp\/v2\/pages\/899","targetHints":{"allow":["GET"]}}],"collection":[{"href":"https:\/\/www.doldrumsbv.nl\/de\/wp-json\/wp\/v2\/pages"}],"about":[{"href":"https:\/\/www.doldrumsbv.nl\/de\/wp-json\/wp\/v2\/types\/page"}],"author":[{"embeddable":true,"href":"https:\/\/www.doldrumsbv.nl\/de\/wp-json\/wp\/v2\/users\/2"}],"replies":[{"embeddable":true,"href":"https:\/\/www.doldrumsbv.nl\/de\/wp-json\/wp\/v2\/comments?post=899"}],"version-history":[{"count":3,"href":"https:\/\/www.doldrumsbv.nl\/de\/wp-json\/wp\/v2\/pages\/899\/revisions"}],"predecessor-version":[{"id":1360,"href":"https:\/\/www.doldrumsbv.nl\/de\/wp-json\/wp\/v2\/pages\/899\/revisions\/1360"}],"up":[{"embeddable":true,"href":"https:\/\/www.doldrumsbv.nl\/de\/wp-json\/wp\/v2\/pages\/109"}],"wp:attachment":[{"href":"https:\/\/www.doldrumsbv.nl\/de\/wp-json\/wp\/v2\/media?parent=899"}],"curies":[{"name":"wp","href":"https:\/\/api.w.org\/{rel}","templated":true}]}}