{"id":893,"date":"2014-07-10T09:09:29","date_gmt":"2014-07-10T09:09:29","guid":{"rendered":"https:\/\/www.doldrumsbv.nl\/?page_id=893"},"modified":"2025-02-04T09:31:51","modified_gmt":"2025-02-04T09:31:51","slug":"besichtigung","status":"publish","type":"page","link":"https:\/\/www.doldrumsbv.nl\/de\/dienste\/besichtigung\/","title":{"rendered":"Besichtigung"},"content":{"rendered":"<p>Die nachfolgenden Untersuchungen werden durch Doldrums durchgef\u00fchrt:<\/p>\n<ul>\n<li>Untersuchungen auf Helling und Fahrsicherheits\u00fcberpr\u00fcfungen von Binnenschiffen und Yachten zur Neuzertifizierung, gem\u00e4\u00df Vorschriften der Niederl\u00e4ndischen Beh\u00f6rden ILT (Inspectie Leefomgeving en Transport),\u00a0 von einem Rheinattest (Certificaat van Onderzoek), Schiffsattest mit r\u00e4umlich beschr\u00e4nktem Geltungsbereich (Communautair Binnenvaartcertificaat voor Binnenschepen) oder ADN Attest (Certificaat van Goedkeuring). Bei diesen Untersuchungen machen wir auch Materialst\u00e4rkenmessungen mit einem Ultraschall- Materialdickenmessger\u00e4t.<\/li>\n<li>Untersuchungen f\u00fcr die Rotterdamer Hafenbeh\u00f6rden an Kleinschiffe ohne Untersuchungspflicht gem\u00e4\u00df den Bedingungen vom &#8222;Besluit veiligheidseisen schepen voor bootlieden en voor personenvervoer&#8220; von der Havenbeheersverordening Rotterdam 2010.<\/li>\n<li>SPO Schadensverh\u00fctungsuntersuchungen an Bord von Binnenschiffe f\u00fcr die Versicherer, \u00a0zur Verh\u00fctung von Sch\u00e4den und Garantie f\u00fcr die Versicherbarkeit der Binnenschifffahrt. Diese Besichtigungen sind entwickelt durch die IVR (Internationale Vereinigung des Rheinschiffsregisters), in Zusammenarbeit mit den Niederl\u00e4ndischen Versicherer.<br \/>\nZwei unserer Sachverst\u00e4ndigen sind berufen zu diesen Untersuchungen.<\/li>\n<li>Besichtigungen zur Ein- und Ausmietung, wobei der Zustand von einem Objekt, vor Mietungsanfang und nach Mietungsende, festgelegt und verglichen wird.<\/li>\n<li>Zustandsbesichtigungen. Diese Besichtigungen werden an Bord von sowohl Seeschiffe als Binnenschiffe durchgef\u00fchrt, die meistens dazu dienen einem potentiellen K\u00e4ufer ein Bild vom Schiff zu vermitteln. Unsere Gutachten sind klar, weitgehend und strukturell, wodurch ein gutes Bild vom Schiff gegeben wird.<\/li>\n<\/ul>\n<p>&nbsp;<\/p>\n<p>&nbsp;<\/p>\n<p>&nbsp;<\/p>\n<p>&nbsp;<\/p>\n<p>&nbsp;<\/p>\n","protected":false},"excerpt":{"rendered":"<p>Die nachfolgenden Untersuchungen werden durch Doldrums durchgef\u00fchrt: Untersuchungen auf Helling und Fahrsicherheits\u00fcberpr\u00fcfungen von Binnenschiffen und Yachten zur Neuzertifizierung, gem\u00e4\u00df Vorschriften der Niederl\u00e4ndischen Beh\u00f6rden ILT (Inspectie Leefomgeving en Transport),\u00a0 von einem Rheinattest (Certificaat van Onderzoek), Schiffsattest mit r\u00e4umlich beschr\u00e4nktem Geltungsbereich (Communautair Binnenvaartcertificaat voor Binnenschepen) oder ADN Attest (Certificaat van Goedkeuring). Bei diesen Untersuchungen machen wir auch [&hellip;]<\/p>\n","protected":false},"author":2,"featured_media":0,"parent":109,"menu_order":2,"comment_status":"open","ping_status":"open","template":"","meta":{"_acf_changed":false,"footnotes":""},"class_list":["post-893","page","type-page","status-publish","hentry"],"acf":[],"yoast_head":"<!-- This site is optimized with the Yoast SEO plugin v27.4 - https:\/\/yoast.com\/product\/yoast-seo-wordpress\/ -->\n<title>Besichtigung - Doldrums<\/title>\n<meta name=\"description\" content=\"Helling und Fahrsicherheits\u00fcberpr\u00fcfungen, Untersuchungen f\u00fcr die Hafenbeh\u00f6rde, SPO Schadensverh\u00fctungsuntersuchungen, Besichtigungen zur Ein- und Ausmietung\" \/>\n<meta name=\"robots\" content=\"index, follow, max-snippet:-1, max-image-preview:large, max-video-preview:-1\" \/>\n<link rel=\"canonical\" href=\"https:\/\/www.doldrumsbv.nl\/de\/dienste\/besichtigung\/\" \/>\n<meta property=\"og:locale\" content=\"de_DE\" \/>\n<meta property=\"og:type\" content=\"article\" \/>\n<meta property=\"og:title\" content=\"Besichtigung - Doldrums\" \/>\n<meta property=\"og:description\" content=\"Helling und Fahrsicherheits\u00fcberpr\u00fcfungen, Untersuchungen f\u00fcr die Hafenbeh\u00f6rde, SPO Schadensverh\u00fctungsuntersuchungen, Besichtigungen zur Ein- und Ausmietung\" \/>\n<meta property=\"og:url\" content=\"https:\/\/www.doldrumsbv.nl\/de\/dienste\/besichtigung\/\" \/>\n<meta property=\"og:site_name\" content=\"Doldrums\" \/>\n<meta property=\"article:modified_time\" content=\"2025-02-04T09:31:51+00:00\" \/>\n<meta name=\"twitter:label1\" content=\"Gesch\u00e4tzte Lesezeit\" \/>\n\t<meta name=\"twitter:data1\" content=\"1\u00a0Minute\" \/>\n<script type=\"application\/ld+json\" class=\"yoast-schema-graph\">{\"@context\":\"https:\\\/\\\/schema.org\",\"@graph\":[{\"@type\":\"WebPage\",\"@id\":\"https:\\\/\\\/www.doldrumsbv.nl\\\/de\\\/dienste\\\/besichtigung\\\/\",\"url\":\"https:\\\/\\\/www.doldrumsbv.nl\\\/de\\\/dienste\\\/besichtigung\\\/\",\"name\":\"Besichtigung - Doldrums\",\"isPartOf\":{\"@id\":\"https:\\\/\\\/www.doldrumsbv.nl\\\/#website\"},\"datePublished\":\"2014-07-10T09:09:29+00:00\",\"dateModified\":\"2025-02-04T09:31:51+00:00\",\"description\":\"Helling und Fahrsicherheits\u00fcberpr\u00fcfungen, Untersuchungen f\u00fcr die Hafenbeh\u00f6rde, SPO Schadensverh\u00fctungsuntersuchungen, Besichtigungen zur Ein- und Ausmietung\",\"breadcrumb\":{\"@id\":\"https:\\\/\\\/www.doldrumsbv.nl\\\/de\\\/dienste\\\/besichtigung\\\/#breadcrumb\"},\"inLanguage\":\"de\",\"potentialAction\":[{\"@type\":\"ReadAction\",\"target\":[\"https:\\\/\\\/www.doldrumsbv.nl\\\/de\\\/dienste\\\/besichtigung\\\/\"]}]},{\"@type\":\"BreadcrumbList\",\"@id\":\"https:\\\/\\\/www.doldrumsbv.nl\\\/de\\\/dienste\\\/besichtigung\\\/#breadcrumb\",\"itemListElement\":[{\"@type\":\"ListItem\",\"position\":1,\"name\":\"Home\",\"item\":\"https:\\\/\\\/www.doldrumsbv.nl\\\/de\\\/\"},{\"@type\":\"ListItem\",\"position\":2,\"name\":\"Dienste\",\"item\":\"https:\\\/\\\/www.doldrumsbv.nl\\\/de\\\/dienste\\\/\"},{\"@type\":\"ListItem\",\"position\":3,\"name\":\"Besichtigung\"}]},{\"@type\":\"WebSite\",\"@id\":\"https:\\\/\\\/www.doldrumsbv.nl\\\/#website\",\"url\":\"https:\\\/\\\/www.doldrumsbv.nl\\\/\",\"name\":\"Doldrums\",\"description\":\"Marine &amp; Technical Surveyors\",\"potentialAction\":[{\"@type\":\"SearchAction\",\"target\":{\"@type\":\"EntryPoint\",\"urlTemplate\":\"https:\\\/\\\/www.doldrumsbv.nl\\\/?s={search_term_string}\"},\"query-input\":{\"@type\":\"PropertyValueSpecification\",\"valueRequired\":true,\"valueName\":\"search_term_string\"}}],\"inLanguage\":\"de\"}]}<\/script>\n<!-- \/ Yoast SEO plugin. -->","yoast_head_json":{"title":"Besichtigung - Doldrums","description":"Helling und Fahrsicherheits\u00fcberpr\u00fcfungen, Untersuchungen f\u00fcr die Hafenbeh\u00f6rde, SPO Schadensverh\u00fctungsuntersuchungen, Besichtigungen zur Ein- und Ausmietung","robots":{"index":"index","follow":"follow","max-snippet":"max-snippet:-1","max-image-preview":"max-image-preview:large","max-video-preview":"max-video-preview:-1"},"canonical":"https:\/\/www.doldrumsbv.nl\/de\/dienste\/besichtigung\/","og_locale":"de_DE","og_type":"article","og_title":"Besichtigung - Doldrums","og_description":"Helling und Fahrsicherheits\u00fcberpr\u00fcfungen, Untersuchungen f\u00fcr die Hafenbeh\u00f6rde, SPO Schadensverh\u00fctungsuntersuchungen, Besichtigungen zur Ein- und Ausmietung","og_url":"https:\/\/www.doldrumsbv.nl\/de\/dienste\/besichtigung\/","og_site_name":"Doldrums","article_modified_time":"2025-02-04T09:31:51+00:00","twitter_misc":{"Gesch\u00e4tzte Lesezeit":"1\u00a0Minute"},"schema":{"@context":"https:\/\/schema.org","@graph":[{"@type":"WebPage","@id":"https:\/\/www.doldrumsbv.nl\/de\/dienste\/besichtigung\/","url":"https:\/\/www.doldrumsbv.nl\/de\/dienste\/besichtigung\/","name":"Besichtigung - Doldrums","isPartOf":{"@id":"https:\/\/www.doldrumsbv.nl\/#website"},"datePublished":"2014-07-10T09:09:29+00:00","dateModified":"2025-02-04T09:31:51+00:00","description":"Helling und Fahrsicherheits\u00fcberpr\u00fcfungen, Untersuchungen f\u00fcr die Hafenbeh\u00f6rde, SPO Schadensverh\u00fctungsuntersuchungen, Besichtigungen zur Ein- und Ausmietung","breadcrumb":{"@id":"https:\/\/www.doldrumsbv.nl\/de\/dienste\/besichtigung\/#breadcrumb"},"inLanguage":"de","potentialAction":[{"@type":"ReadAction","target":["https:\/\/www.doldrumsbv.nl\/de\/dienste\/besichtigung\/"]}]},{"@type":"BreadcrumbList","@id":"https:\/\/www.doldrumsbv.nl\/de\/dienste\/besichtigung\/#breadcrumb","itemListElement":[{"@type":"ListItem","position":1,"name":"Home","item":"https:\/\/www.doldrumsbv.nl\/de\/"},{"@type":"ListItem","position":2,"name":"Dienste","item":"https:\/\/www.doldrumsbv.nl\/de\/dienste\/"},{"@type":"ListItem","position":3,"name":"Besichtigung"}]},{"@type":"WebSite","@id":"https:\/\/www.doldrumsbv.nl\/#website","url":"https:\/\/www.doldrumsbv.nl\/","name":"Doldrums","description":"Marine &amp; Technical Surveyors","potentialAction":[{"@type":"SearchAction","target":{"@type":"EntryPoint","urlTemplate":"https:\/\/www.doldrumsbv.nl\/?s={search_term_string}"},"query-input":{"@type":"PropertyValueSpecification","valueRequired":true,"valueName":"search_term_string"}}],"inLanguage":"de"}]}},"_links":{"self":[{"href":"https:\/\/www.doldrumsbv.nl\/de\/wp-json\/wp\/v2\/pages\/893","targetHints":{"allow":["GET"]}}],"collection":[{"href":"https:\/\/www.doldrumsbv.nl\/de\/wp-json\/wp\/v2\/pages"}],"about":[{"href":"https:\/\/www.doldrumsbv.nl\/de\/wp-json\/wp\/v2\/types\/page"}],"author":[{"embeddable":true,"href":"https:\/\/www.doldrumsbv.nl\/de\/wp-json\/wp\/v2\/users\/2"}],"replies":[{"embeddable":true,"href":"https:\/\/www.doldrumsbv.nl\/de\/wp-json\/wp\/v2\/comments?post=893"}],"version-history":[{"count":6,"href":"https:\/\/www.doldrumsbv.nl\/de\/wp-json\/wp\/v2\/pages\/893\/revisions"}],"predecessor-version":[{"id":1905,"href":"https:\/\/www.doldrumsbv.nl\/de\/wp-json\/wp\/v2\/pages\/893\/revisions\/1905"}],"up":[{"embeddable":true,"href":"https:\/\/www.doldrumsbv.nl\/de\/wp-json\/wp\/v2\/pages\/109"}],"wp:attachment":[{"href":"https:\/\/www.doldrumsbv.nl\/de\/wp-json\/wp\/v2\/media?parent=893"}],"curies":[{"name":"wp","href":"https:\/\/api.w.org\/{rel}","templated":true}]}}