{"id":889,"date":"2014-07-10T08:28:15","date_gmt":"2014-07-10T08:28:15","guid":{"rendered":"https:\/\/www.doldrumsbv.nl\/?page_id=889"},"modified":"2014-10-17T09:21:04","modified_gmt":"2014-10-17T09:21:04","slug":"schadesgutachen","status":"publish","type":"page","link":"https:\/\/www.doldrumsbv.nl\/de\/dienste\/schadesgutachen\/","title":{"rendered":"Schadesgutachen"},"content":{"rendered":"<p>Doldrums wird meistens durch Versicherer \/ Versicherungsmakler, aber auch durch Havarie-Kommissare, Schiffswerften, Unternehmer und Schiffseigner angestellt. Kurz gesagt, werden dabei der Umfang und die Reparaturkosten des Schadens festgestellt und wird die Ursache untersucht. Von dieser Befunde und Feststellungen wird ein klares Gutachten erstellt, womit die Versicherer den Schaden mit ihren Kunden oder mit der Gegenseite finanziell abwickeln k\u00f6nnen.<br \/>\nJeder Schaden ist anders. Die Sch\u00e4den womit unsere Sachverst\u00e4ndigen zu tun haben, variieren von einem einfachen Kaskoschaden bis einen komplexen Motorschaden, von einer geringen Kollision bis eine umfangreiche Bergung oder Hilfeleistung, von einem \u00d6lunfall bis einen angefahrenen Schleusentor, von einem umgekippten Turmdrehkran bis einen ausgebrannten Trecker.<\/p>\n<p>Innerhalb dieser Vielfalt der Sch\u00e4den, kommen unsere Sachverst\u00e4ndigen unter anderem in Ber\u00fchrung mit:<\/p>\n<ul>\n<li>Untersuchung der Schuldfrage und des Sachverhalts<\/li>\n<li>Nautische oder technische Untersuchungen bei Anfahrungen, Ladungssch\u00e4den usw.<\/li>\n<li>Haftungsfragen und P&amp;I Angelegenheiten<\/li>\n<li>Ausschreibung von Tenderverfahren bei umfangreicher Sch\u00e4den<\/li>\n<li>Metallurgische Gutachten<\/li>\n<li>Betreuung bei Bergung und Hilfeleistung<\/li>\n<li>Umwelt- und \u00d6lverschmutzung<\/li>\n<li>Feststellung von Zeitverlust wegen Nutzungsverlust<\/li>\n<\/ul>\n<p>Durch jahrelange Erfahrung und sowohl breite Kenntnisse als Spezialwissen, beherrschen unsere Sachverst\u00e4ndigen alle Aspekten von Schadensbegutachtung, nicht nur im technischen\/nautischen Sinn, jedoch auch auf Versicherungsgebiet. Auch im Hinblick auf unsere klare Berichterstattung, kurze Kommunikationsketten und pragmatische Vorgehensweise, k\u00f6nnen auch komplexe Sch\u00e4den flott und professionell abgewickelt werden.<\/p>\n<p>&nbsp;<\/p>\n","protected":false},"excerpt":{"rendered":"<p>Doldrums wird meistens durch Versicherer \/ Versicherungsmakler, aber auch durch Havarie-Kommissare, Schiffswerften, Unternehmer und Schiffseigner angestellt. Kurz gesagt, werden dabei der Umfang und die Reparaturkosten des Schadens festgestellt und wird die Ursache untersucht. Von dieser Befunde und Feststellungen wird ein klares Gutachten erstellt, womit die Versicherer den Schaden mit ihren Kunden oder mit der Gegenseite [&hellip;]<\/p>\n","protected":false},"author":2,"featured_media":0,"parent":109,"menu_order":1,"comment_status":"open","ping_status":"open","template":"","meta":{"_acf_changed":false,"footnotes":""},"class_list":["post-889","page","type-page","status-publish","hentry"],"acf":[],"yoast_head":"<!-- This site is optimized with the Yoast SEO plugin v27.4 - https:\/\/yoast.com\/product\/yoast-seo-wordpress\/ -->\n<title>Schadesgutachen - Doldrums<\/title>\n<meta name=\"description\" content=\"Unsere Sachverst\u00e4ndigen beherrschen alle Aspekten von Schadensbegutachtung, nicht nur im technischen\/nautischen Sinn, jedoch auch auf Versicherungsgebiet.\" \/>\n<meta name=\"robots\" content=\"index, follow, max-snippet:-1, max-image-preview:large, max-video-preview:-1\" \/>\n<link rel=\"canonical\" href=\"https:\/\/www.doldrumsbv.nl\/de\/dienste\/schadesgutachen\/\" \/>\n<meta property=\"og:locale\" content=\"de_DE\" \/>\n<meta property=\"og:type\" content=\"article\" \/>\n<meta property=\"og:title\" content=\"Schadesgutachen - Doldrums\" \/>\n<meta property=\"og:description\" content=\"Unsere Sachverst\u00e4ndigen beherrschen alle Aspekten von Schadensbegutachtung, nicht nur im technischen\/nautischen Sinn, jedoch auch auf Versicherungsgebiet.\" \/>\n<meta property=\"og:url\" content=\"https:\/\/www.doldrumsbv.nl\/de\/dienste\/schadesgutachen\/\" \/>\n<meta property=\"og:site_name\" content=\"Doldrums\" \/>\n<meta property=\"article:modified_time\" content=\"2014-10-17T09:21:04+00:00\" \/>\n<meta name=\"twitter:label1\" content=\"Gesch\u00e4tzte Lesezeit\" \/>\n\t<meta name=\"twitter:data1\" content=\"1\u00a0Minute\" \/>\n<script type=\"application\/ld+json\" class=\"yoast-schema-graph\">{\"@context\":\"https:\\\/\\\/schema.org\",\"@graph\":[{\"@type\":\"WebPage\",\"@id\":\"https:\\\/\\\/www.doldrumsbv.nl\\\/de\\\/dienste\\\/schadesgutachen\\\/\",\"url\":\"https:\\\/\\\/www.doldrumsbv.nl\\\/de\\\/dienste\\\/schadesgutachen\\\/\",\"name\":\"Schadesgutachen - Doldrums\",\"isPartOf\":{\"@id\":\"https:\\\/\\\/www.doldrumsbv.nl\\\/#website\"},\"datePublished\":\"2014-07-10T08:28:15+00:00\",\"dateModified\":\"2014-10-17T09:21:04+00:00\",\"description\":\"Unsere Sachverst\u00e4ndigen beherrschen alle Aspekten von Schadensbegutachtung, nicht nur im technischen\\\/nautischen Sinn, jedoch auch auf Versicherungsgebiet.\",\"breadcrumb\":{\"@id\":\"https:\\\/\\\/www.doldrumsbv.nl\\\/de\\\/dienste\\\/schadesgutachen\\\/#breadcrumb\"},\"inLanguage\":\"de\",\"potentialAction\":[{\"@type\":\"ReadAction\",\"target\":[\"https:\\\/\\\/www.doldrumsbv.nl\\\/de\\\/dienste\\\/schadesgutachen\\\/\"]}]},{\"@type\":\"BreadcrumbList\",\"@id\":\"https:\\\/\\\/www.doldrumsbv.nl\\\/de\\\/dienste\\\/schadesgutachen\\\/#breadcrumb\",\"itemListElement\":[{\"@type\":\"ListItem\",\"position\":1,\"name\":\"Home\",\"item\":\"https:\\\/\\\/www.doldrumsbv.nl\\\/de\\\/\"},{\"@type\":\"ListItem\",\"position\":2,\"name\":\"Dienste\",\"item\":\"https:\\\/\\\/www.doldrumsbv.nl\\\/de\\\/dienste\\\/\"},{\"@type\":\"ListItem\",\"position\":3,\"name\":\"Schadesgutachen\"}]},{\"@type\":\"WebSite\",\"@id\":\"https:\\\/\\\/www.doldrumsbv.nl\\\/#website\",\"url\":\"https:\\\/\\\/www.doldrumsbv.nl\\\/\",\"name\":\"Doldrums\",\"description\":\"Marine &amp; Technical Surveyors\",\"potentialAction\":[{\"@type\":\"SearchAction\",\"target\":{\"@type\":\"EntryPoint\",\"urlTemplate\":\"https:\\\/\\\/www.doldrumsbv.nl\\\/?s={search_term_string}\"},\"query-input\":{\"@type\":\"PropertyValueSpecification\",\"valueRequired\":true,\"valueName\":\"search_term_string\"}}],\"inLanguage\":\"de\"}]}<\/script>\n<!-- \/ Yoast SEO plugin. -->","yoast_head_json":{"title":"Schadesgutachen - Doldrums","description":"Unsere Sachverst\u00e4ndigen beherrschen alle Aspekten von Schadensbegutachtung, nicht nur im technischen\/nautischen Sinn, jedoch auch auf Versicherungsgebiet.","robots":{"index":"index","follow":"follow","max-snippet":"max-snippet:-1","max-image-preview":"max-image-preview:large","max-video-preview":"max-video-preview:-1"},"canonical":"https:\/\/www.doldrumsbv.nl\/de\/dienste\/schadesgutachen\/","og_locale":"de_DE","og_type":"article","og_title":"Schadesgutachen - Doldrums","og_description":"Unsere Sachverst\u00e4ndigen beherrschen alle Aspekten von Schadensbegutachtung, nicht nur im technischen\/nautischen Sinn, jedoch auch auf Versicherungsgebiet.","og_url":"https:\/\/www.doldrumsbv.nl\/de\/dienste\/schadesgutachen\/","og_site_name":"Doldrums","article_modified_time":"2014-10-17T09:21:04+00:00","twitter_misc":{"Gesch\u00e4tzte Lesezeit":"1\u00a0Minute"},"schema":{"@context":"https:\/\/schema.org","@graph":[{"@type":"WebPage","@id":"https:\/\/www.doldrumsbv.nl\/de\/dienste\/schadesgutachen\/","url":"https:\/\/www.doldrumsbv.nl\/de\/dienste\/schadesgutachen\/","name":"Schadesgutachen - Doldrums","isPartOf":{"@id":"https:\/\/www.doldrumsbv.nl\/#website"},"datePublished":"2014-07-10T08:28:15+00:00","dateModified":"2014-10-17T09:21:04+00:00","description":"Unsere Sachverst\u00e4ndigen beherrschen alle Aspekten von Schadensbegutachtung, nicht nur im technischen\/nautischen Sinn, jedoch auch auf Versicherungsgebiet.","breadcrumb":{"@id":"https:\/\/www.doldrumsbv.nl\/de\/dienste\/schadesgutachen\/#breadcrumb"},"inLanguage":"de","potentialAction":[{"@type":"ReadAction","target":["https:\/\/www.doldrumsbv.nl\/de\/dienste\/schadesgutachen\/"]}]},{"@type":"BreadcrumbList","@id":"https:\/\/www.doldrumsbv.nl\/de\/dienste\/schadesgutachen\/#breadcrumb","itemListElement":[{"@type":"ListItem","position":1,"name":"Home","item":"https:\/\/www.doldrumsbv.nl\/de\/"},{"@type":"ListItem","position":2,"name":"Dienste","item":"https:\/\/www.doldrumsbv.nl\/de\/dienste\/"},{"@type":"ListItem","position":3,"name":"Schadesgutachen"}]},{"@type":"WebSite","@id":"https:\/\/www.doldrumsbv.nl\/#website","url":"https:\/\/www.doldrumsbv.nl\/","name":"Doldrums","description":"Marine &amp; Technical Surveyors","potentialAction":[{"@type":"SearchAction","target":{"@type":"EntryPoint","urlTemplate":"https:\/\/www.doldrumsbv.nl\/?s={search_term_string}"},"query-input":{"@type":"PropertyValueSpecification","valueRequired":true,"valueName":"search_term_string"}}],"inLanguage":"de"}]}},"_links":{"self":[{"href":"https:\/\/www.doldrumsbv.nl\/de\/wp-json\/wp\/v2\/pages\/889","targetHints":{"allow":["GET"]}}],"collection":[{"href":"https:\/\/www.doldrumsbv.nl\/de\/wp-json\/wp\/v2\/pages"}],"about":[{"href":"https:\/\/www.doldrumsbv.nl\/de\/wp-json\/wp\/v2\/types\/page"}],"author":[{"embeddable":true,"href":"https:\/\/www.doldrumsbv.nl\/de\/wp-json\/wp\/v2\/users\/2"}],"replies":[{"embeddable":true,"href":"https:\/\/www.doldrumsbv.nl\/de\/wp-json\/wp\/v2\/comments?post=889"}],"version-history":[{"count":4,"href":"https:\/\/www.doldrumsbv.nl\/de\/wp-json\/wp\/v2\/pages\/889\/revisions"}],"predecessor-version":[{"id":1374,"href":"https:\/\/www.doldrumsbv.nl\/de\/wp-json\/wp\/v2\/pages\/889\/revisions\/1374"}],"up":[{"embeddable":true,"href":"https:\/\/www.doldrumsbv.nl\/de\/wp-json\/wp\/v2\/pages\/109"}],"wp:attachment":[{"href":"https:\/\/www.doldrumsbv.nl\/de\/wp-json\/wp\/v2\/media?parent=889"}],"curies":[{"name":"wp","href":"https:\/\/api.w.org\/{rel}","templated":true}]}}