{"id":878,"date":"2014-07-10T08:04:31","date_gmt":"2014-07-10T08:04:31","guid":{"rendered":"https:\/\/www.doldrumsbv.nl\/?page_id=878"},"modified":"2014-07-16T16:04:47","modified_gmt":"2014-07-16T16:04:47","slug":"bedeutung-2","status":"publish","type":"page","link":"https:\/\/www.doldrumsbv.nl\/de\/doldrums\/bedeutung-2\/","title":{"rendered":"Bedeutung"},"content":{"rendered":"<p>Doldrums ist eine in\u00a0\u00c4quatorn\u00e4he Tiefdruckrinne\u00a0im Bereich der von Norden und S\u00fcden aufeinandertreffenden\u00a0Passatwinde. Diese Zone wird auch anders genannt. Der meist g\u00e4ngige Name ist ITCZ (= Intertropische Konvergenzzone). Die generelle Windstille in diesem Teil der Ozeane (Doldrums) wird mehrfach am Tag durch Platzregen\u00a0und\u00a0Gewitter\u00a0mit st\u00fcrmischen und stark drehenden B\u00f6en unterbrochen. Haupts\u00e4chlich die langwierigen Perioden von Windstille, in fr\u00fcheren Jahren, als es nur noch Segelfahrt gab, wurden gef\u00fcrchtet wegen Mangel an frische Gem\u00fcse mit Skorbut als Folge. Was das Wetter in den Doldrums angeht, gibt es dort sogenannten \u2018cloudclusters\u2019: gro\u00dfe und sehr h\u00f6he zusammengezogenen Wolkengruppen, die horizontal weit ausdehnen. Ein sch\u00f6nes Beispiel davon wird hiernach mit dem Satellitenfoto dargestellt (Quelle: wikipedia.org).<\/p>\n","protected":false},"excerpt":{"rendered":"<p>Doldrums ist eine in\u00a0\u00c4quatorn\u00e4he Tiefdruckrinne\u00a0im Bereich der von Norden und S\u00fcden aufeinandertreffenden\u00a0Passatwinde. Diese Zone wird auch anders genannt. Der meist g\u00e4ngige Name ist ITCZ (= Intertropische Konvergenzzone). Die generelle Windstille in diesem Teil der Ozeane (Doldrums) wird mehrfach am Tag durch Platzregen\u00a0und\u00a0Gewitter\u00a0mit st\u00fcrmischen und stark drehenden B\u00f6en unterbrochen. Haupts\u00e4chlich die langwierigen Perioden von Windstille, in [&hellip;]<\/p>\n","protected":false},"author":2,"featured_media":0,"parent":115,"menu_order":0,"comment_status":"open","ping_status":"open","template":"","meta":{"_acf_changed":false,"footnotes":""},"class_list":["post-878","page","type-page","status-publish","hentry"],"acf":[],"yoast_head":"<!-- This site is optimized with the Yoast SEO plugin v27.4 - https:\/\/yoast.com\/product\/yoast-seo-wordpress\/ -->\n<title>Bedeutung - Doldrums<\/title>\n<meta name=\"description\" content=\"Doldrums ist eine in \u00c4quatorn\u00e4he Tiefdruckrinne im Bereich der von Norden und S\u00fcden aufeinandertreffenden Passatwinde\" \/>\n<meta name=\"robots\" content=\"index, follow, max-snippet:-1, max-image-preview:large, max-video-preview:-1\" \/>\n<link rel=\"canonical\" href=\"https:\/\/www.doldrumsbv.nl\/de\/doldrums\/bedeutung-2\/\" \/>\n<meta property=\"og:locale\" content=\"de_DE\" \/>\n<meta property=\"og:type\" content=\"article\" \/>\n<meta property=\"og:title\" content=\"Bedeutung - Doldrums\" \/>\n<meta property=\"og:description\" content=\"Doldrums ist eine in \u00c4quatorn\u00e4he Tiefdruckrinne im Bereich der von Norden und S\u00fcden aufeinandertreffenden Passatwinde\" \/>\n<meta property=\"og:url\" content=\"https:\/\/www.doldrumsbv.nl\/de\/doldrums\/bedeutung-2\/\" \/>\n<meta property=\"og:site_name\" content=\"Doldrums\" \/>\n<meta property=\"article:modified_time\" content=\"2014-07-16T16:04:47+00:00\" \/>\n<meta name=\"twitter:label1\" content=\"Gesch\u00e4tzte Lesezeit\" \/>\n\t<meta name=\"twitter:data1\" content=\"1\u00a0Minute\" \/>\n<script type=\"application\/ld+json\" class=\"yoast-schema-graph\">{\"@context\":\"https:\\\/\\\/schema.org\",\"@graph\":[{\"@type\":\"WebPage\",\"@id\":\"https:\\\/\\\/www.doldrumsbv.nl\\\/de\\\/doldrums\\\/bedeutung-2\\\/\",\"url\":\"https:\\\/\\\/www.doldrumsbv.nl\\\/de\\\/doldrums\\\/bedeutung-2\\\/\",\"name\":\"Bedeutung - Doldrums\",\"isPartOf\":{\"@id\":\"https:\\\/\\\/www.doldrumsbv.nl\\\/#website\"},\"datePublished\":\"2014-07-10T08:04:31+00:00\",\"dateModified\":\"2014-07-16T16:04:47+00:00\",\"description\":\"Doldrums ist eine in \u00c4quatorn\u00e4he Tiefdruckrinne im Bereich der von Norden und S\u00fcden aufeinandertreffenden Passatwinde\",\"breadcrumb\":{\"@id\":\"https:\\\/\\\/www.doldrumsbv.nl\\\/de\\\/doldrums\\\/bedeutung-2\\\/#breadcrumb\"},\"inLanguage\":\"de\",\"potentialAction\":[{\"@type\":\"ReadAction\",\"target\":[\"https:\\\/\\\/www.doldrumsbv.nl\\\/de\\\/doldrums\\\/bedeutung-2\\\/\"]}]},{\"@type\":\"BreadcrumbList\",\"@id\":\"https:\\\/\\\/www.doldrumsbv.nl\\\/de\\\/doldrums\\\/bedeutung-2\\\/#breadcrumb\",\"itemListElement\":[{\"@type\":\"ListItem\",\"position\":1,\"name\":\"Home\",\"item\":\"https:\\\/\\\/www.doldrumsbv.nl\\\/de\\\/\"},{\"@type\":\"ListItem\",\"position\":2,\"name\":\"Doldrums\",\"item\":\"https:\\\/\\\/www.doldrumsbv.nl\\\/de\\\/doldrums\\\/\"},{\"@type\":\"ListItem\",\"position\":3,\"name\":\"Bedeutung\"}]},{\"@type\":\"WebSite\",\"@id\":\"https:\\\/\\\/www.doldrumsbv.nl\\\/#website\",\"url\":\"https:\\\/\\\/www.doldrumsbv.nl\\\/\",\"name\":\"Doldrums\",\"description\":\"Marine &amp; Technical Surveyors\",\"potentialAction\":[{\"@type\":\"SearchAction\",\"target\":{\"@type\":\"EntryPoint\",\"urlTemplate\":\"https:\\\/\\\/www.doldrumsbv.nl\\\/?s={search_term_string}\"},\"query-input\":{\"@type\":\"PropertyValueSpecification\",\"valueRequired\":true,\"valueName\":\"search_term_string\"}}],\"inLanguage\":\"de\"}]}<\/script>\n<!-- \/ Yoast SEO plugin. -->","yoast_head_json":{"title":"Bedeutung - Doldrums","description":"Doldrums ist eine in \u00c4quatorn\u00e4he Tiefdruckrinne im Bereich der von Norden und S\u00fcden aufeinandertreffenden Passatwinde","robots":{"index":"index","follow":"follow","max-snippet":"max-snippet:-1","max-image-preview":"max-image-preview:large","max-video-preview":"max-video-preview:-1"},"canonical":"https:\/\/www.doldrumsbv.nl\/de\/doldrums\/bedeutung-2\/","og_locale":"de_DE","og_type":"article","og_title":"Bedeutung - Doldrums","og_description":"Doldrums ist eine in \u00c4quatorn\u00e4he Tiefdruckrinne im Bereich der von Norden und S\u00fcden aufeinandertreffenden Passatwinde","og_url":"https:\/\/www.doldrumsbv.nl\/de\/doldrums\/bedeutung-2\/","og_site_name":"Doldrums","article_modified_time":"2014-07-16T16:04:47+00:00","twitter_misc":{"Gesch\u00e4tzte Lesezeit":"1\u00a0Minute"},"schema":{"@context":"https:\/\/schema.org","@graph":[{"@type":"WebPage","@id":"https:\/\/www.doldrumsbv.nl\/de\/doldrums\/bedeutung-2\/","url":"https:\/\/www.doldrumsbv.nl\/de\/doldrums\/bedeutung-2\/","name":"Bedeutung - Doldrums","isPartOf":{"@id":"https:\/\/www.doldrumsbv.nl\/#website"},"datePublished":"2014-07-10T08:04:31+00:00","dateModified":"2014-07-16T16:04:47+00:00","description":"Doldrums ist eine in \u00c4quatorn\u00e4he Tiefdruckrinne im Bereich der von Norden und S\u00fcden aufeinandertreffenden Passatwinde","breadcrumb":{"@id":"https:\/\/www.doldrumsbv.nl\/de\/doldrums\/bedeutung-2\/#breadcrumb"},"inLanguage":"de","potentialAction":[{"@type":"ReadAction","target":["https:\/\/www.doldrumsbv.nl\/de\/doldrums\/bedeutung-2\/"]}]},{"@type":"BreadcrumbList","@id":"https:\/\/www.doldrumsbv.nl\/de\/doldrums\/bedeutung-2\/#breadcrumb","itemListElement":[{"@type":"ListItem","position":1,"name":"Home","item":"https:\/\/www.doldrumsbv.nl\/de\/"},{"@type":"ListItem","position":2,"name":"Doldrums","item":"https:\/\/www.doldrumsbv.nl\/de\/doldrums\/"},{"@type":"ListItem","position":3,"name":"Bedeutung"}]},{"@type":"WebSite","@id":"https:\/\/www.doldrumsbv.nl\/#website","url":"https:\/\/www.doldrumsbv.nl\/","name":"Doldrums","description":"Marine &amp; Technical Surveyors","potentialAction":[{"@type":"SearchAction","target":{"@type":"EntryPoint","urlTemplate":"https:\/\/www.doldrumsbv.nl\/?s={search_term_string}"},"query-input":{"@type":"PropertyValueSpecification","valueRequired":true,"valueName":"search_term_string"}}],"inLanguage":"de"}]}},"_links":{"self":[{"href":"https:\/\/www.doldrumsbv.nl\/de\/wp-json\/wp\/v2\/pages\/878","targetHints":{"allow":["GET"]}}],"collection":[{"href":"https:\/\/www.doldrumsbv.nl\/de\/wp-json\/wp\/v2\/pages"}],"about":[{"href":"https:\/\/www.doldrumsbv.nl\/de\/wp-json\/wp\/v2\/types\/page"}],"author":[{"embeddable":true,"href":"https:\/\/www.doldrumsbv.nl\/de\/wp-json\/wp\/v2\/users\/2"}],"replies":[{"embeddable":true,"href":"https:\/\/www.doldrumsbv.nl\/de\/wp-json\/wp\/v2\/comments?post=878"}],"version-history":[{"count":2,"href":"https:\/\/www.doldrumsbv.nl\/de\/wp-json\/wp\/v2\/pages\/878\/revisions"}],"predecessor-version":[{"id":1050,"href":"https:\/\/www.doldrumsbv.nl\/de\/wp-json\/wp\/v2\/pages\/878\/revisions\/1050"}],"up":[{"embeddable":true,"href":"https:\/\/www.doldrumsbv.nl\/de\/wp-json\/wp\/v2\/pages\/115"}],"wp:attachment":[{"href":"https:\/\/www.doldrumsbv.nl\/de\/wp-json\/wp\/v2\/media?parent=878"}],"curies":[{"name":"wp","href":"https:\/\/api.w.org\/{rel}","templated":true}]}}