{"id":863,"date":"2014-07-09T19:32:41","date_gmt":"2014-07-09T19:32:41","guid":{"rendered":"https:\/\/www.doldrumsbv.nl\/?page_id=863"},"modified":"2014-07-16T16:15:02","modified_gmt":"2014-07-16T16:15:02","slug":"technische-anlagen","status":"publish","type":"page","link":"https:\/\/www.doldrumsbv.nl\/de\/arbeitsbereiche\/technische-anlagen\/","title":{"rendered":"Technische Anlagen"},"content":{"rendered":"<p>All unsere Sachverst\u00e4ndigen verf\u00fcgen, als ehemalige Seefahrer, \u00fcber breite technischen Kenntnisse auf dem Gebiet von Dieseltechnik, Pneumatik, Hydraulik und Elektrotechnik, wobei eine Anzahl Sachverst\u00e4ndigen mehr Spezialwissen hat.\u00a0Diese Kenntnisse werden aktualisiert mit den immer fortschrittenden technischen Entwickelungen.\u00a0Aus diesem Grund ist Doldrums in der Lage um eine Mehrwert zu sein bei Problemen \u00fcber technische Anlagen; entweder es sich handelt \u00fcber ein Schadensgutachten, eine Zustandsbesichtigung oder Beratung.<\/p>\n","protected":false},"excerpt":{"rendered":"<p>All unsere Sachverst\u00e4ndigen verf\u00fcgen, als ehemalige Seefahrer, \u00fcber breite technischen Kenntnisse auf dem Gebiet von Dieseltechnik, Pneumatik, Hydraulik und Elektrotechnik, wobei eine Anzahl Sachverst\u00e4ndigen mehr Spezialwissen hat.\u00a0Diese Kenntnisse werden aktualisiert mit den immer fortschrittenden technischen Entwickelungen.\u00a0Aus diesem Grund ist Doldrums in der Lage um eine Mehrwert zu sein bei Problemen \u00fcber technische Anlagen; entweder es [&hellip;]<\/p>\n","protected":false},"author":2,"featured_media":0,"parent":72,"menu_order":6,"comment_status":"open","ping_status":"open","template":"","meta":{"_acf_changed":false,"footnotes":""},"class_list":["post-863","page","type-page","status-publish","hentry"],"acf":[],"yoast_head":"<!-- This site is optimized with the Yoast SEO plugin v27.4 - https:\/\/yoast.com\/product\/yoast-seo-wordpress\/ -->\n<title>Technische Anlagen - Doldrums<\/title>\n<meta name=\"description\" content=\"All unsere Sachverst\u00e4ndigen verf\u00fcgen \u00fcber breite technischen Kenntnisse auf dem Gebiet von Dieseltechnik, Pneumatik, Hydraulik und Elektrotechnik.\" \/>\n<meta name=\"robots\" content=\"index, follow, max-snippet:-1, max-image-preview:large, max-video-preview:-1\" \/>\n<link rel=\"canonical\" href=\"https:\/\/www.doldrumsbv.nl\/de\/arbeitsbereiche\/technische-anlagen\/\" \/>\n<meta property=\"og:locale\" content=\"de_DE\" \/>\n<meta property=\"og:type\" content=\"article\" \/>\n<meta property=\"og:title\" content=\"Technische Anlagen - Doldrums\" \/>\n<meta property=\"og:description\" content=\"All unsere Sachverst\u00e4ndigen verf\u00fcgen \u00fcber breite technischen Kenntnisse auf dem Gebiet von Dieseltechnik, Pneumatik, Hydraulik und Elektrotechnik.\" \/>\n<meta property=\"og:url\" content=\"https:\/\/www.doldrumsbv.nl\/de\/arbeitsbereiche\/technische-anlagen\/\" \/>\n<meta property=\"og:site_name\" content=\"Doldrums\" \/>\n<meta property=\"article:modified_time\" content=\"2014-07-16T16:15:02+00:00\" \/>\n<script type=\"application\/ld+json\" class=\"yoast-schema-graph\">{\"@context\":\"https:\\\/\\\/schema.org\",\"@graph\":[{\"@type\":\"WebPage\",\"@id\":\"https:\\\/\\\/www.doldrumsbv.nl\\\/de\\\/arbeitsbereiche\\\/technische-anlagen\\\/\",\"url\":\"https:\\\/\\\/www.doldrumsbv.nl\\\/de\\\/arbeitsbereiche\\\/technische-anlagen\\\/\",\"name\":\"Technische Anlagen - Doldrums\",\"isPartOf\":{\"@id\":\"https:\\\/\\\/www.doldrumsbv.nl\\\/#website\"},\"datePublished\":\"2014-07-09T19:32:41+00:00\",\"dateModified\":\"2014-07-16T16:15:02+00:00\",\"description\":\"All unsere Sachverst\u00e4ndigen verf\u00fcgen \u00fcber breite technischen Kenntnisse auf dem Gebiet von Dieseltechnik, Pneumatik, Hydraulik und Elektrotechnik.\",\"breadcrumb\":{\"@id\":\"https:\\\/\\\/www.doldrumsbv.nl\\\/de\\\/arbeitsbereiche\\\/technische-anlagen\\\/#breadcrumb\"},\"inLanguage\":\"de\",\"potentialAction\":[{\"@type\":\"ReadAction\",\"target\":[\"https:\\\/\\\/www.doldrumsbv.nl\\\/de\\\/arbeitsbereiche\\\/technische-anlagen\\\/\"]}]},{\"@type\":\"BreadcrumbList\",\"@id\":\"https:\\\/\\\/www.doldrumsbv.nl\\\/de\\\/arbeitsbereiche\\\/technische-anlagen\\\/#breadcrumb\",\"itemListElement\":[{\"@type\":\"ListItem\",\"position\":1,\"name\":\"Home\",\"item\":\"https:\\\/\\\/www.doldrumsbv.nl\\\/de\\\/\"},{\"@type\":\"ListItem\",\"position\":2,\"name\":\"Arbeitsbereiche\",\"item\":\"https:\\\/\\\/www.doldrumsbv.nl\\\/de\\\/arbeitsbereiche\\\/\"},{\"@type\":\"ListItem\",\"position\":3,\"name\":\"Technische Anlagen\"}]},{\"@type\":\"WebSite\",\"@id\":\"https:\\\/\\\/www.doldrumsbv.nl\\\/#website\",\"url\":\"https:\\\/\\\/www.doldrumsbv.nl\\\/\",\"name\":\"Doldrums\",\"description\":\"Marine &amp; Technical Surveyors\",\"potentialAction\":[{\"@type\":\"SearchAction\",\"target\":{\"@type\":\"EntryPoint\",\"urlTemplate\":\"https:\\\/\\\/www.doldrumsbv.nl\\\/?s={search_term_string}\"},\"query-input\":{\"@type\":\"PropertyValueSpecification\",\"valueRequired\":true,\"valueName\":\"search_term_string\"}}],\"inLanguage\":\"de\"}]}<\/script>\n<!-- \/ Yoast SEO plugin. -->","yoast_head_json":{"title":"Technische Anlagen - Doldrums","description":"All unsere Sachverst\u00e4ndigen verf\u00fcgen \u00fcber breite technischen Kenntnisse auf dem Gebiet von Dieseltechnik, Pneumatik, Hydraulik und Elektrotechnik.","robots":{"index":"index","follow":"follow","max-snippet":"max-snippet:-1","max-image-preview":"max-image-preview:large","max-video-preview":"max-video-preview:-1"},"canonical":"https:\/\/www.doldrumsbv.nl\/de\/arbeitsbereiche\/technische-anlagen\/","og_locale":"de_DE","og_type":"article","og_title":"Technische Anlagen - Doldrums","og_description":"All unsere Sachverst\u00e4ndigen verf\u00fcgen \u00fcber breite technischen Kenntnisse auf dem Gebiet von Dieseltechnik, Pneumatik, Hydraulik und Elektrotechnik.","og_url":"https:\/\/www.doldrumsbv.nl\/de\/arbeitsbereiche\/technische-anlagen\/","og_site_name":"Doldrums","article_modified_time":"2014-07-16T16:15:02+00:00","schema":{"@context":"https:\/\/schema.org","@graph":[{"@type":"WebPage","@id":"https:\/\/www.doldrumsbv.nl\/de\/arbeitsbereiche\/technische-anlagen\/","url":"https:\/\/www.doldrumsbv.nl\/de\/arbeitsbereiche\/technische-anlagen\/","name":"Technische Anlagen - Doldrums","isPartOf":{"@id":"https:\/\/www.doldrumsbv.nl\/#website"},"datePublished":"2014-07-09T19:32:41+00:00","dateModified":"2014-07-16T16:15:02+00:00","description":"All unsere Sachverst\u00e4ndigen verf\u00fcgen \u00fcber breite technischen Kenntnisse auf dem Gebiet von Dieseltechnik, Pneumatik, Hydraulik und Elektrotechnik.","breadcrumb":{"@id":"https:\/\/www.doldrumsbv.nl\/de\/arbeitsbereiche\/technische-anlagen\/#breadcrumb"},"inLanguage":"de","potentialAction":[{"@type":"ReadAction","target":["https:\/\/www.doldrumsbv.nl\/de\/arbeitsbereiche\/technische-anlagen\/"]}]},{"@type":"BreadcrumbList","@id":"https:\/\/www.doldrumsbv.nl\/de\/arbeitsbereiche\/technische-anlagen\/#breadcrumb","itemListElement":[{"@type":"ListItem","position":1,"name":"Home","item":"https:\/\/www.doldrumsbv.nl\/de\/"},{"@type":"ListItem","position":2,"name":"Arbeitsbereiche","item":"https:\/\/www.doldrumsbv.nl\/de\/arbeitsbereiche\/"},{"@type":"ListItem","position":3,"name":"Technische Anlagen"}]},{"@type":"WebSite","@id":"https:\/\/www.doldrumsbv.nl\/#website","url":"https:\/\/www.doldrumsbv.nl\/","name":"Doldrums","description":"Marine &amp; Technical Surveyors","potentialAction":[{"@type":"SearchAction","target":{"@type":"EntryPoint","urlTemplate":"https:\/\/www.doldrumsbv.nl\/?s={search_term_string}"},"query-input":{"@type":"PropertyValueSpecification","valueRequired":true,"valueName":"search_term_string"}}],"inLanguage":"de"}]}},"_links":{"self":[{"href":"https:\/\/www.doldrumsbv.nl\/de\/wp-json\/wp\/v2\/pages\/863","targetHints":{"allow":["GET"]}}],"collection":[{"href":"https:\/\/www.doldrumsbv.nl\/de\/wp-json\/wp\/v2\/pages"}],"about":[{"href":"https:\/\/www.doldrumsbv.nl\/de\/wp-json\/wp\/v2\/types\/page"}],"author":[{"embeddable":true,"href":"https:\/\/www.doldrumsbv.nl\/de\/wp-json\/wp\/v2\/users\/2"}],"replies":[{"embeddable":true,"href":"https:\/\/www.doldrumsbv.nl\/de\/wp-json\/wp\/v2\/comments?post=863"}],"version-history":[{"count":3,"href":"https:\/\/www.doldrumsbv.nl\/de\/wp-json\/wp\/v2\/pages\/863\/revisions"}],"predecessor-version":[{"id":1068,"href":"https:\/\/www.doldrumsbv.nl\/de\/wp-json\/wp\/v2\/pages\/863\/revisions\/1068"}],"up":[{"embeddable":true,"href":"https:\/\/www.doldrumsbv.nl\/de\/wp-json\/wp\/v2\/pages\/72"}],"wp:attachment":[{"href":"https:\/\/www.doldrumsbv.nl\/de\/wp-json\/wp\/v2\/media?parent=863"}],"curies":[{"name":"wp","href":"https:\/\/api.w.org\/{rel}","templated":true}]}}