{"id":859,"date":"2014-07-09T19:22:22","date_gmt":"2014-07-09T19:22:22","guid":{"rendered":"https:\/\/www.doldrumsbv.nl\/?page_id=859"},"modified":"2014-10-17T08:51:40","modified_gmt":"2014-10-17T08:51:40","slug":"land-maschinen","status":"publish","type":"page","link":"https:\/\/www.doldrumsbv.nl\/de\/arbeitsbereiche\/land-maschinen\/","title":{"rendered":"Landmaschinen"},"content":{"rendered":"<p class=\"p1\">Neben dem maritimen Bereich, haben unsere Sachverst\u00e4ndigen in den vergangenen Jahre ein breites Spektrum an Erfahrungen gemacht in Schadensbegutachtung f\u00fcr landwirtschaftliche Maschinen. \u2028Zu diesen Maschinen geh\u00f6ren diverse Landmaschinen (Traktoren, Mais- und Feldh\u00e4ckselmaschinen, Bodenbearbeitungsmaschinen, D\u00fcngerstreuer, usw.), Baggermaschinen, Radlader, Mastwagen, Gabelstapler und Mobilkr\u00e4ne. Auch H\u00e4fen- und Umschlagkr\u00e4ne geh\u00f6ren dazu.<\/p>\n","protected":false},"excerpt":{"rendered":"<p>Neben dem maritimen Bereich, haben unsere Sachverst\u00e4ndigen in den vergangenen Jahre ein breites Spektrum an Erfahrungen gemacht in Schadensbegutachtung f\u00fcr landwirtschaftliche Maschinen. \u2028Zu diesen Maschinen geh\u00f6ren diverse Landmaschinen (Traktoren, Mais- und Feldh\u00e4ckselmaschinen, Bodenbearbeitungsmaschinen, D\u00fcngerstreuer, usw.), Baggermaschinen, Radlader, Mastwagen, Gabelstapler und Mobilkr\u00e4ne. Auch H\u00e4fen- und Umschlagkr\u00e4ne geh\u00f6ren dazu.<\/p>\n","protected":false},"author":2,"featured_media":0,"parent":72,"menu_order":5,"comment_status":"open","ping_status":"open","template":"","meta":{"_acf_changed":false,"footnotes":""},"class_list":["post-859","page","type-page","status-publish","hentry"],"acf":[],"yoast_head":"<!-- This site is optimized with the Yoast SEO plugin v27.4 - https:\/\/yoast.com\/product\/yoast-seo-wordpress\/ -->\n<title>Landmaschinen - Doldrums<\/title>\n<meta name=\"description\" content=\"Unsere Sachverst\u00e4ndigen haben in den vergangenen Jahre ein breites Spektrum an Erfahrungen gemacht in Schadensbegutachtung f\u00fcr landwirtschaftliche Maschinen\" \/>\n<meta name=\"robots\" content=\"index, follow, max-snippet:-1, max-image-preview:large, max-video-preview:-1\" \/>\n<link rel=\"canonical\" href=\"https:\/\/www.doldrumsbv.nl\/de\/arbeitsbereiche\/land-maschinen\/\" \/>\n<meta property=\"og:locale\" content=\"de_DE\" \/>\n<meta property=\"og:type\" content=\"article\" \/>\n<meta property=\"og:title\" content=\"Landmaschinen - Doldrums\" \/>\n<meta property=\"og:description\" content=\"Unsere Sachverst\u00e4ndigen haben in den vergangenen Jahre ein breites Spektrum an Erfahrungen gemacht in Schadensbegutachtung f\u00fcr landwirtschaftliche Maschinen\" \/>\n<meta property=\"og:url\" content=\"https:\/\/www.doldrumsbv.nl\/de\/arbeitsbereiche\/land-maschinen\/\" \/>\n<meta property=\"og:site_name\" content=\"Doldrums\" \/>\n<meta property=\"article:modified_time\" content=\"2014-10-17T08:51:40+00:00\" \/>\n<script type=\"application\/ld+json\" class=\"yoast-schema-graph\">{\"@context\":\"https:\\\/\\\/schema.org\",\"@graph\":[{\"@type\":\"WebPage\",\"@id\":\"https:\\\/\\\/www.doldrumsbv.nl\\\/de\\\/arbeitsbereiche\\\/land-maschinen\\\/\",\"url\":\"https:\\\/\\\/www.doldrumsbv.nl\\\/de\\\/arbeitsbereiche\\\/land-maschinen\\\/\",\"name\":\"Landmaschinen - Doldrums\",\"isPartOf\":{\"@id\":\"https:\\\/\\\/www.doldrumsbv.nl\\\/#website\"},\"datePublished\":\"2014-07-09T19:22:22+00:00\",\"dateModified\":\"2014-10-17T08:51:40+00:00\",\"description\":\"Unsere Sachverst\u00e4ndigen haben in den vergangenen Jahre ein breites Spektrum an Erfahrungen gemacht in Schadensbegutachtung f\u00fcr landwirtschaftliche Maschinen\",\"breadcrumb\":{\"@id\":\"https:\\\/\\\/www.doldrumsbv.nl\\\/de\\\/arbeitsbereiche\\\/land-maschinen\\\/#breadcrumb\"},\"inLanguage\":\"de\",\"potentialAction\":[{\"@type\":\"ReadAction\",\"target\":[\"https:\\\/\\\/www.doldrumsbv.nl\\\/de\\\/arbeitsbereiche\\\/land-maschinen\\\/\"]}]},{\"@type\":\"BreadcrumbList\",\"@id\":\"https:\\\/\\\/www.doldrumsbv.nl\\\/de\\\/arbeitsbereiche\\\/land-maschinen\\\/#breadcrumb\",\"itemListElement\":[{\"@type\":\"ListItem\",\"position\":1,\"name\":\"Home\",\"item\":\"https:\\\/\\\/www.doldrumsbv.nl\\\/de\\\/\"},{\"@type\":\"ListItem\",\"position\":2,\"name\":\"Arbeitsbereiche\",\"item\":\"https:\\\/\\\/www.doldrumsbv.nl\\\/de\\\/arbeitsbereiche\\\/\"},{\"@type\":\"ListItem\",\"position\":3,\"name\":\"Landmaschinen\"}]},{\"@type\":\"WebSite\",\"@id\":\"https:\\\/\\\/www.doldrumsbv.nl\\\/#website\",\"url\":\"https:\\\/\\\/www.doldrumsbv.nl\\\/\",\"name\":\"Doldrums\",\"description\":\"Marine &amp; Technical Surveyors\",\"potentialAction\":[{\"@type\":\"SearchAction\",\"target\":{\"@type\":\"EntryPoint\",\"urlTemplate\":\"https:\\\/\\\/www.doldrumsbv.nl\\\/?s={search_term_string}\"},\"query-input\":{\"@type\":\"PropertyValueSpecification\",\"valueRequired\":true,\"valueName\":\"search_term_string\"}}],\"inLanguage\":\"de\"}]}<\/script>\n<!-- \/ Yoast SEO plugin. -->","yoast_head_json":{"title":"Landmaschinen - Doldrums","description":"Unsere Sachverst\u00e4ndigen haben in den vergangenen Jahre ein breites Spektrum an Erfahrungen gemacht in Schadensbegutachtung f\u00fcr landwirtschaftliche Maschinen","robots":{"index":"index","follow":"follow","max-snippet":"max-snippet:-1","max-image-preview":"max-image-preview:large","max-video-preview":"max-video-preview:-1"},"canonical":"https:\/\/www.doldrumsbv.nl\/de\/arbeitsbereiche\/land-maschinen\/","og_locale":"de_DE","og_type":"article","og_title":"Landmaschinen - Doldrums","og_description":"Unsere Sachverst\u00e4ndigen haben in den vergangenen Jahre ein breites Spektrum an Erfahrungen gemacht in Schadensbegutachtung f\u00fcr landwirtschaftliche Maschinen","og_url":"https:\/\/www.doldrumsbv.nl\/de\/arbeitsbereiche\/land-maschinen\/","og_site_name":"Doldrums","article_modified_time":"2014-10-17T08:51:40+00:00","schema":{"@context":"https:\/\/schema.org","@graph":[{"@type":"WebPage","@id":"https:\/\/www.doldrumsbv.nl\/de\/arbeitsbereiche\/land-maschinen\/","url":"https:\/\/www.doldrumsbv.nl\/de\/arbeitsbereiche\/land-maschinen\/","name":"Landmaschinen - Doldrums","isPartOf":{"@id":"https:\/\/www.doldrumsbv.nl\/#website"},"datePublished":"2014-07-09T19:22:22+00:00","dateModified":"2014-10-17T08:51:40+00:00","description":"Unsere Sachverst\u00e4ndigen haben in den vergangenen Jahre ein breites Spektrum an Erfahrungen gemacht in Schadensbegutachtung f\u00fcr landwirtschaftliche Maschinen","breadcrumb":{"@id":"https:\/\/www.doldrumsbv.nl\/de\/arbeitsbereiche\/land-maschinen\/#breadcrumb"},"inLanguage":"de","potentialAction":[{"@type":"ReadAction","target":["https:\/\/www.doldrumsbv.nl\/de\/arbeitsbereiche\/land-maschinen\/"]}]},{"@type":"BreadcrumbList","@id":"https:\/\/www.doldrumsbv.nl\/de\/arbeitsbereiche\/land-maschinen\/#breadcrumb","itemListElement":[{"@type":"ListItem","position":1,"name":"Home","item":"https:\/\/www.doldrumsbv.nl\/de\/"},{"@type":"ListItem","position":2,"name":"Arbeitsbereiche","item":"https:\/\/www.doldrumsbv.nl\/de\/arbeitsbereiche\/"},{"@type":"ListItem","position":3,"name":"Landmaschinen"}]},{"@type":"WebSite","@id":"https:\/\/www.doldrumsbv.nl\/#website","url":"https:\/\/www.doldrumsbv.nl\/","name":"Doldrums","description":"Marine &amp; Technical Surveyors","potentialAction":[{"@type":"SearchAction","target":{"@type":"EntryPoint","urlTemplate":"https:\/\/www.doldrumsbv.nl\/?s={search_term_string}"},"query-input":{"@type":"PropertyValueSpecification","valueRequired":true,"valueName":"search_term_string"}}],"inLanguage":"de"}]}},"_links":{"self":[{"href":"https:\/\/www.doldrumsbv.nl\/de\/wp-json\/wp\/v2\/pages\/859","targetHints":{"allow":["GET"]}}],"collection":[{"href":"https:\/\/www.doldrumsbv.nl\/de\/wp-json\/wp\/v2\/pages"}],"about":[{"href":"https:\/\/www.doldrumsbv.nl\/de\/wp-json\/wp\/v2\/types\/page"}],"author":[{"embeddable":true,"href":"https:\/\/www.doldrumsbv.nl\/de\/wp-json\/wp\/v2\/users\/2"}],"replies":[{"embeddable":true,"href":"https:\/\/www.doldrumsbv.nl\/de\/wp-json\/wp\/v2\/comments?post=859"}],"version-history":[{"count":4,"href":"https:\/\/www.doldrumsbv.nl\/de\/wp-json\/wp\/v2\/pages\/859\/revisions"}],"predecessor-version":[{"id":1357,"href":"https:\/\/www.doldrumsbv.nl\/de\/wp-json\/wp\/v2\/pages\/859\/revisions\/1357"}],"up":[{"embeddable":true,"href":"https:\/\/www.doldrumsbv.nl\/de\/wp-json\/wp\/v2\/pages\/72"}],"wp:attachment":[{"href":"https:\/\/www.doldrumsbv.nl\/de\/wp-json\/wp\/v2\/media?parent=859"}],"curies":[{"name":"wp","href":"https:\/\/api.w.org\/{rel}","templated":true}]}}