{"id":855,"date":"2014-07-09T19:11:39","date_gmt":"2014-07-09T19:11:39","guid":{"rendered":"https:\/\/www.doldrumsbv.nl\/?page_id=855"},"modified":"2014-10-17T08:50:31","modified_gmt":"2014-10-17T08:50:31","slug":"yacht-schifffahrt","status":"publish","type":"page","link":"https:\/\/www.doldrumsbv.nl\/de\/arbeitsbereiche\/yacht-schifffahrt\/","title":{"rendered":"Yacht-Schifffahrt\u00a0"},"content":{"rendered":"<p class=\"p1\">Die Niederlanden haben eine gro\u00dfe Name auf dem Gebiet vom Neubau gr\u00f6\u00dferer Yachten, sowohl Motor- als Segelyachten, auch Megayachten genannt. Im Allgemeinen sind es seeg\u00e4ngige Fahrzeuge, l\u00e4nger als 50 Meter.\u00a0Doldrums hat Erfahrung in spezifische Schadensbegutachtung derartiger Fahrzeuge, sowohl w\u00e4hrend des Neubaus als danach, wenn diese Fahrzeuge in Fahrt sind.<\/p>\n","protected":false},"excerpt":{"rendered":"<p>Die Niederlanden haben eine gro\u00dfe Name auf dem Gebiet vom Neubau gr\u00f6\u00dferer Yachten, sowohl Motor- als Segelyachten, auch Megayachten genannt. Im Allgemeinen sind es seeg\u00e4ngige Fahrzeuge, l\u00e4nger als 50 Meter.\u00a0Doldrums hat Erfahrung in spezifische Schadensbegutachtung derartiger Fahrzeuge, sowohl w\u00e4hrend des Neubaus als danach, wenn diese Fahrzeuge in Fahrt sind.<\/p>\n","protected":false},"author":2,"featured_media":0,"parent":72,"menu_order":4,"comment_status":"open","ping_status":"open","template":"","meta":{"_acf_changed":false,"footnotes":""},"class_list":["post-855","page","type-page","status-publish","hentry"],"acf":[],"yoast_head":"<!-- This site is optimized with the Yoast SEO plugin v27.4 - https:\/\/yoast.com\/product\/yoast-seo-wordpress\/ -->\n<title>Yacht-Schifffahrt\u00a0 - Doldrums<\/title>\n<meta name=\"description\" content=\"Doldrums hat Erfahrung in Schadensbegutachtung von Gr\u00f6ssere Yacht-Schifffahrt\u00a0, sowohl w\u00e4hrend des Neubaus als danach, wenn diese Fahrzeuge in Fahrt sind.\" \/>\n<meta name=\"robots\" content=\"index, follow, max-snippet:-1, max-image-preview:large, max-video-preview:-1\" \/>\n<link rel=\"canonical\" href=\"https:\/\/www.doldrumsbv.nl\/de\/arbeitsbereiche\/yacht-schifffahrt\/\" \/>\n<meta property=\"og:locale\" content=\"de_DE\" \/>\n<meta property=\"og:type\" content=\"article\" \/>\n<meta property=\"og:title\" content=\"Yacht-Schifffahrt\u00a0 - Doldrums\" \/>\n<meta property=\"og:description\" content=\"Doldrums hat Erfahrung in Schadensbegutachtung von Gr\u00f6ssere Yacht-Schifffahrt\u00a0, sowohl w\u00e4hrend des Neubaus als danach, wenn diese Fahrzeuge in Fahrt sind.\" \/>\n<meta property=\"og:url\" content=\"https:\/\/www.doldrumsbv.nl\/de\/arbeitsbereiche\/yacht-schifffahrt\/\" \/>\n<meta property=\"og:site_name\" content=\"Doldrums\" \/>\n<meta property=\"article:modified_time\" content=\"2014-10-17T08:50:31+00:00\" \/>\n<script type=\"application\/ld+json\" class=\"yoast-schema-graph\">{\"@context\":\"https:\\\/\\\/schema.org\",\"@graph\":[{\"@type\":\"WebPage\",\"@id\":\"https:\\\/\\\/www.doldrumsbv.nl\\\/de\\\/arbeitsbereiche\\\/yacht-schifffahrt\\\/\",\"url\":\"https:\\\/\\\/www.doldrumsbv.nl\\\/de\\\/arbeitsbereiche\\\/yacht-schifffahrt\\\/\",\"name\":\"Yacht-Schifffahrt\u00a0 - Doldrums\",\"isPartOf\":{\"@id\":\"https:\\\/\\\/www.doldrumsbv.nl\\\/#website\"},\"datePublished\":\"2014-07-09T19:11:39+00:00\",\"dateModified\":\"2014-10-17T08:50:31+00:00\",\"description\":\"Doldrums hat Erfahrung in Schadensbegutachtung von Gr\u00f6ssere Yacht-Schifffahrt\u00a0, sowohl w\u00e4hrend des Neubaus als danach, wenn diese Fahrzeuge in Fahrt sind.\",\"breadcrumb\":{\"@id\":\"https:\\\/\\\/www.doldrumsbv.nl\\\/de\\\/arbeitsbereiche\\\/yacht-schifffahrt\\\/#breadcrumb\"},\"inLanguage\":\"de\",\"potentialAction\":[{\"@type\":\"ReadAction\",\"target\":[\"https:\\\/\\\/www.doldrumsbv.nl\\\/de\\\/arbeitsbereiche\\\/yacht-schifffahrt\\\/\"]}]},{\"@type\":\"BreadcrumbList\",\"@id\":\"https:\\\/\\\/www.doldrumsbv.nl\\\/de\\\/arbeitsbereiche\\\/yacht-schifffahrt\\\/#breadcrumb\",\"itemListElement\":[{\"@type\":\"ListItem\",\"position\":1,\"name\":\"Home\",\"item\":\"https:\\\/\\\/www.doldrumsbv.nl\\\/de\\\/\"},{\"@type\":\"ListItem\",\"position\":2,\"name\":\"Arbeitsbereiche\",\"item\":\"https:\\\/\\\/www.doldrumsbv.nl\\\/de\\\/arbeitsbereiche\\\/\"},{\"@type\":\"ListItem\",\"position\":3,\"name\":\"Yacht-Schifffahrt\u00a0\"}]},{\"@type\":\"WebSite\",\"@id\":\"https:\\\/\\\/www.doldrumsbv.nl\\\/#website\",\"url\":\"https:\\\/\\\/www.doldrumsbv.nl\\\/\",\"name\":\"Doldrums\",\"description\":\"Marine &amp; Technical Surveyors\",\"potentialAction\":[{\"@type\":\"SearchAction\",\"target\":{\"@type\":\"EntryPoint\",\"urlTemplate\":\"https:\\\/\\\/www.doldrumsbv.nl\\\/?s={search_term_string}\"},\"query-input\":{\"@type\":\"PropertyValueSpecification\",\"valueRequired\":true,\"valueName\":\"search_term_string\"}}],\"inLanguage\":\"de\"}]}<\/script>\n<!-- \/ Yoast SEO plugin. -->","yoast_head_json":{"title":"Yacht-Schifffahrt\u00a0 - Doldrums","description":"Doldrums hat Erfahrung in Schadensbegutachtung von Gr\u00f6ssere Yacht-Schifffahrt\u00a0, sowohl w\u00e4hrend des Neubaus als danach, wenn diese Fahrzeuge in Fahrt sind.","robots":{"index":"index","follow":"follow","max-snippet":"max-snippet:-1","max-image-preview":"max-image-preview:large","max-video-preview":"max-video-preview:-1"},"canonical":"https:\/\/www.doldrumsbv.nl\/de\/arbeitsbereiche\/yacht-schifffahrt\/","og_locale":"de_DE","og_type":"article","og_title":"Yacht-Schifffahrt\u00a0 - Doldrums","og_description":"Doldrums hat Erfahrung in Schadensbegutachtung von Gr\u00f6ssere Yacht-Schifffahrt\u00a0, sowohl w\u00e4hrend des Neubaus als danach, wenn diese Fahrzeuge in Fahrt sind.","og_url":"https:\/\/www.doldrumsbv.nl\/de\/arbeitsbereiche\/yacht-schifffahrt\/","og_site_name":"Doldrums","article_modified_time":"2014-10-17T08:50:31+00:00","schema":{"@context":"https:\/\/schema.org","@graph":[{"@type":"WebPage","@id":"https:\/\/www.doldrumsbv.nl\/de\/arbeitsbereiche\/yacht-schifffahrt\/","url":"https:\/\/www.doldrumsbv.nl\/de\/arbeitsbereiche\/yacht-schifffahrt\/","name":"Yacht-Schifffahrt\u00a0 - Doldrums","isPartOf":{"@id":"https:\/\/www.doldrumsbv.nl\/#website"},"datePublished":"2014-07-09T19:11:39+00:00","dateModified":"2014-10-17T08:50:31+00:00","description":"Doldrums hat Erfahrung in Schadensbegutachtung von Gr\u00f6ssere Yacht-Schifffahrt\u00a0, sowohl w\u00e4hrend des Neubaus als danach, wenn diese Fahrzeuge in Fahrt sind.","breadcrumb":{"@id":"https:\/\/www.doldrumsbv.nl\/de\/arbeitsbereiche\/yacht-schifffahrt\/#breadcrumb"},"inLanguage":"de","potentialAction":[{"@type":"ReadAction","target":["https:\/\/www.doldrumsbv.nl\/de\/arbeitsbereiche\/yacht-schifffahrt\/"]}]},{"@type":"BreadcrumbList","@id":"https:\/\/www.doldrumsbv.nl\/de\/arbeitsbereiche\/yacht-schifffahrt\/#breadcrumb","itemListElement":[{"@type":"ListItem","position":1,"name":"Home","item":"https:\/\/www.doldrumsbv.nl\/de\/"},{"@type":"ListItem","position":2,"name":"Arbeitsbereiche","item":"https:\/\/www.doldrumsbv.nl\/de\/arbeitsbereiche\/"},{"@type":"ListItem","position":3,"name":"Yacht-Schifffahrt\u00a0"}]},{"@type":"WebSite","@id":"https:\/\/www.doldrumsbv.nl\/#website","url":"https:\/\/www.doldrumsbv.nl\/","name":"Doldrums","description":"Marine &amp; Technical Surveyors","potentialAction":[{"@type":"SearchAction","target":{"@type":"EntryPoint","urlTemplate":"https:\/\/www.doldrumsbv.nl\/?s={search_term_string}"},"query-input":{"@type":"PropertyValueSpecification","valueRequired":true,"valueName":"search_term_string"}}],"inLanguage":"de"}]}},"_links":{"self":[{"href":"https:\/\/www.doldrumsbv.nl\/de\/wp-json\/wp\/v2\/pages\/855","targetHints":{"allow":["GET"]}}],"collection":[{"href":"https:\/\/www.doldrumsbv.nl\/de\/wp-json\/wp\/v2\/pages"}],"about":[{"href":"https:\/\/www.doldrumsbv.nl\/de\/wp-json\/wp\/v2\/types\/page"}],"author":[{"embeddable":true,"href":"https:\/\/www.doldrumsbv.nl\/de\/wp-json\/wp\/v2\/users\/2"}],"replies":[{"embeddable":true,"href":"https:\/\/www.doldrumsbv.nl\/de\/wp-json\/wp\/v2\/comments?post=855"}],"version-history":[{"count":4,"href":"https:\/\/www.doldrumsbv.nl\/de\/wp-json\/wp\/v2\/pages\/855\/revisions"}],"predecessor-version":[{"id":1356,"href":"https:\/\/www.doldrumsbv.nl\/de\/wp-json\/wp\/v2\/pages\/855\/revisions\/1356"}],"up":[{"embeddable":true,"href":"https:\/\/www.doldrumsbv.nl\/de\/wp-json\/wp\/v2\/pages\/72"}],"wp:attachment":[{"href":"https:\/\/www.doldrumsbv.nl\/de\/wp-json\/wp\/v2\/media?parent=855"}],"curies":[{"name":"wp","href":"https:\/\/api.w.org\/{rel}","templated":true}]}}