{"id":851,"date":"2014-07-09T19:05:36","date_gmt":"2014-07-09T19:05:36","guid":{"rendered":"https:\/\/www.doldrumsbv.nl\/?page_id=851"},"modified":"2014-10-17T08:49:16","modified_gmt":"2014-10-17T08:49:16","slug":"fischerei","status":"publish","type":"page","link":"https:\/\/www.doldrumsbv.nl\/de\/arbeitsbereiche\/fischerei\/","title":{"rendered":"Fischerei"},"content":{"rendered":"<p>In der Niederl\u00e4ndischen Fischerei haben wir eine einzigartige Rolle.\u2028Doldrums ist durch den Staat, das Niederl\u00e4ndische Wirtschaftsministerium, autorisiert um Antriebsleistungsmessungen und Versiegelungen am Hauptmotor der Niederl\u00e4ndischen Fischerfahrzeugen durchzuf\u00fchren und zwar anhand der vorgeschriebenen Lizenz-Leistungen.\u00a0Es betrifft sowohl Nordseekutter, Garnelenkutter als seeg\u00e4ngige Fahrzeugen f\u00fcr die Angelfischerei und die Treibnetzfischerei, mit einer Mindestleistung von 100 kW.<\/p>\n","protected":false},"excerpt":{"rendered":"<p>In der Niederl\u00e4ndischen Fischerei haben wir eine einzigartige Rolle.\u2028Doldrums ist durch den Staat, das Niederl\u00e4ndische Wirtschaftsministerium, autorisiert um Antriebsleistungsmessungen und Versiegelungen am Hauptmotor der Niederl\u00e4ndischen Fischerfahrzeugen durchzuf\u00fchren und zwar anhand der vorgeschriebenen Lizenz-Leistungen.\u00a0Es betrifft sowohl Nordseekutter, Garnelenkutter als seeg\u00e4ngige Fahrzeugen f\u00fcr die Angelfischerei und die Treibnetzfischerei, mit einer Mindestleistung von 100 kW.<\/p>\n","protected":false},"author":2,"featured_media":0,"parent":72,"menu_order":3,"comment_status":"open","ping_status":"open","template":"","meta":{"_acf_changed":false,"footnotes":""},"class_list":["post-851","page","type-page","status-publish","hentry"],"acf":[],"yoast_head":"<!-- This site is optimized with the Yoast SEO plugin v27.4 - https:\/\/yoast.com\/product\/yoast-seo-wordpress\/ -->\n<title>Fischerei - Doldrums<\/title>\n<meta name=\"description\" content=\"Doldrums ist durch das Wirtschaftsministerium autorisiert um Antriebsleistungsmessungen und Versiegelungen am Hauptmotor der Fischerfahrzeugen durchzuf\u00fchren\" \/>\n<meta name=\"robots\" content=\"index, follow, max-snippet:-1, max-image-preview:large, max-video-preview:-1\" \/>\n<link rel=\"canonical\" href=\"https:\/\/www.doldrumsbv.nl\/de\/arbeitsbereiche\/fischerei\/\" \/>\n<meta property=\"og:locale\" content=\"de_DE\" \/>\n<meta property=\"og:type\" content=\"article\" \/>\n<meta property=\"og:title\" content=\"Fischerei - Doldrums\" \/>\n<meta property=\"og:description\" content=\"Doldrums ist durch das Wirtschaftsministerium autorisiert um Antriebsleistungsmessungen und Versiegelungen am Hauptmotor der Fischerfahrzeugen durchzuf\u00fchren\" \/>\n<meta property=\"og:url\" content=\"https:\/\/www.doldrumsbv.nl\/de\/arbeitsbereiche\/fischerei\/\" \/>\n<meta property=\"og:site_name\" content=\"Doldrums\" \/>\n<meta property=\"article:modified_time\" content=\"2014-10-17T08:49:16+00:00\" \/>\n<script type=\"application\/ld+json\" class=\"yoast-schema-graph\">{\"@context\":\"https:\\\/\\\/schema.org\",\"@graph\":[{\"@type\":\"WebPage\",\"@id\":\"https:\\\/\\\/www.doldrumsbv.nl\\\/de\\\/arbeitsbereiche\\\/fischerei\\\/\",\"url\":\"https:\\\/\\\/www.doldrumsbv.nl\\\/de\\\/arbeitsbereiche\\\/fischerei\\\/\",\"name\":\"Fischerei - Doldrums\",\"isPartOf\":{\"@id\":\"https:\\\/\\\/www.doldrumsbv.nl\\\/#website\"},\"datePublished\":\"2014-07-09T19:05:36+00:00\",\"dateModified\":\"2014-10-17T08:49:16+00:00\",\"description\":\"Doldrums ist durch das Wirtschaftsministerium autorisiert um Antriebsleistungsmessungen und Versiegelungen am Hauptmotor der Fischerfahrzeugen durchzuf\u00fchren\",\"breadcrumb\":{\"@id\":\"https:\\\/\\\/www.doldrumsbv.nl\\\/de\\\/arbeitsbereiche\\\/fischerei\\\/#breadcrumb\"},\"inLanguage\":\"de\",\"potentialAction\":[{\"@type\":\"ReadAction\",\"target\":[\"https:\\\/\\\/www.doldrumsbv.nl\\\/de\\\/arbeitsbereiche\\\/fischerei\\\/\"]}]},{\"@type\":\"BreadcrumbList\",\"@id\":\"https:\\\/\\\/www.doldrumsbv.nl\\\/de\\\/arbeitsbereiche\\\/fischerei\\\/#breadcrumb\",\"itemListElement\":[{\"@type\":\"ListItem\",\"position\":1,\"name\":\"Home\",\"item\":\"https:\\\/\\\/www.doldrumsbv.nl\\\/de\\\/\"},{\"@type\":\"ListItem\",\"position\":2,\"name\":\"Arbeitsbereiche\",\"item\":\"https:\\\/\\\/www.doldrumsbv.nl\\\/de\\\/arbeitsbereiche\\\/\"},{\"@type\":\"ListItem\",\"position\":3,\"name\":\"Fischerei\"}]},{\"@type\":\"WebSite\",\"@id\":\"https:\\\/\\\/www.doldrumsbv.nl\\\/#website\",\"url\":\"https:\\\/\\\/www.doldrumsbv.nl\\\/\",\"name\":\"Doldrums\",\"description\":\"Marine &amp; Technical Surveyors\",\"potentialAction\":[{\"@type\":\"SearchAction\",\"target\":{\"@type\":\"EntryPoint\",\"urlTemplate\":\"https:\\\/\\\/www.doldrumsbv.nl\\\/?s={search_term_string}\"},\"query-input\":{\"@type\":\"PropertyValueSpecification\",\"valueRequired\":true,\"valueName\":\"search_term_string\"}}],\"inLanguage\":\"de\"}]}<\/script>\n<!-- \/ Yoast SEO plugin. -->","yoast_head_json":{"title":"Fischerei - Doldrums","description":"Doldrums ist durch das Wirtschaftsministerium autorisiert um Antriebsleistungsmessungen und Versiegelungen am Hauptmotor der Fischerfahrzeugen durchzuf\u00fchren","robots":{"index":"index","follow":"follow","max-snippet":"max-snippet:-1","max-image-preview":"max-image-preview:large","max-video-preview":"max-video-preview:-1"},"canonical":"https:\/\/www.doldrumsbv.nl\/de\/arbeitsbereiche\/fischerei\/","og_locale":"de_DE","og_type":"article","og_title":"Fischerei - Doldrums","og_description":"Doldrums ist durch das Wirtschaftsministerium autorisiert um Antriebsleistungsmessungen und Versiegelungen am Hauptmotor der Fischerfahrzeugen durchzuf\u00fchren","og_url":"https:\/\/www.doldrumsbv.nl\/de\/arbeitsbereiche\/fischerei\/","og_site_name":"Doldrums","article_modified_time":"2014-10-17T08:49:16+00:00","schema":{"@context":"https:\/\/schema.org","@graph":[{"@type":"WebPage","@id":"https:\/\/www.doldrumsbv.nl\/de\/arbeitsbereiche\/fischerei\/","url":"https:\/\/www.doldrumsbv.nl\/de\/arbeitsbereiche\/fischerei\/","name":"Fischerei - Doldrums","isPartOf":{"@id":"https:\/\/www.doldrumsbv.nl\/#website"},"datePublished":"2014-07-09T19:05:36+00:00","dateModified":"2014-10-17T08:49:16+00:00","description":"Doldrums ist durch das Wirtschaftsministerium autorisiert um Antriebsleistungsmessungen und Versiegelungen am Hauptmotor der Fischerfahrzeugen durchzuf\u00fchren","breadcrumb":{"@id":"https:\/\/www.doldrumsbv.nl\/de\/arbeitsbereiche\/fischerei\/#breadcrumb"},"inLanguage":"de","potentialAction":[{"@type":"ReadAction","target":["https:\/\/www.doldrumsbv.nl\/de\/arbeitsbereiche\/fischerei\/"]}]},{"@type":"BreadcrumbList","@id":"https:\/\/www.doldrumsbv.nl\/de\/arbeitsbereiche\/fischerei\/#breadcrumb","itemListElement":[{"@type":"ListItem","position":1,"name":"Home","item":"https:\/\/www.doldrumsbv.nl\/de\/"},{"@type":"ListItem","position":2,"name":"Arbeitsbereiche","item":"https:\/\/www.doldrumsbv.nl\/de\/arbeitsbereiche\/"},{"@type":"ListItem","position":3,"name":"Fischerei"}]},{"@type":"WebSite","@id":"https:\/\/www.doldrumsbv.nl\/#website","url":"https:\/\/www.doldrumsbv.nl\/","name":"Doldrums","description":"Marine &amp; Technical Surveyors","potentialAction":[{"@type":"SearchAction","target":{"@type":"EntryPoint","urlTemplate":"https:\/\/www.doldrumsbv.nl\/?s={search_term_string}"},"query-input":{"@type":"PropertyValueSpecification","valueRequired":true,"valueName":"search_term_string"}}],"inLanguage":"de"}]}},"_links":{"self":[{"href":"https:\/\/www.doldrumsbv.nl\/de\/wp-json\/wp\/v2\/pages\/851","targetHints":{"allow":["GET"]}}],"collection":[{"href":"https:\/\/www.doldrumsbv.nl\/de\/wp-json\/wp\/v2\/pages"}],"about":[{"href":"https:\/\/www.doldrumsbv.nl\/de\/wp-json\/wp\/v2\/types\/page"}],"author":[{"embeddable":true,"href":"https:\/\/www.doldrumsbv.nl\/de\/wp-json\/wp\/v2\/users\/2"}],"replies":[{"embeddable":true,"href":"https:\/\/www.doldrumsbv.nl\/de\/wp-json\/wp\/v2\/comments?post=851"}],"version-history":[{"count":4,"href":"https:\/\/www.doldrumsbv.nl\/de\/wp-json\/wp\/v2\/pages\/851\/revisions"}],"predecessor-version":[{"id":1355,"href":"https:\/\/www.doldrumsbv.nl\/de\/wp-json\/wp\/v2\/pages\/851\/revisions\/1355"}],"up":[{"embeddable":true,"href":"https:\/\/www.doldrumsbv.nl\/de\/wp-json\/wp\/v2\/pages\/72"}],"wp:attachment":[{"href":"https:\/\/www.doldrumsbv.nl\/de\/wp-json\/wp\/v2\/media?parent=851"}],"curies":[{"name":"wp","href":"https:\/\/api.w.org\/{rel}","templated":true}]}}