{"id":847,"date":"2014-07-09T18:56:12","date_gmt":"2014-07-09T18:56:12","guid":{"rendered":"https:\/\/www.doldrumsbv.nl\/?page_id=847"},"modified":"2014-07-16T16:10:16","modified_gmt":"2014-07-16T16:10:16","slug":"binnenfahrt","status":"publish","type":"page","link":"https:\/\/www.doldrumsbv.nl\/de\/arbeitsbereiche\/binnenfahrt\/","title":{"rendered":"Binnenfahrt"},"content":{"rendered":"<p>Die Binnenfahrt ist in den vergangenen Dezennien in schnellem Tempo intensiviert und modernisiert. Haupts\u00e4chlich die Niederl\u00e4ndische Flotte ist sehr stark gewachsen. Unsere Sachverst\u00e4ndigen haben umfangreiche Erfahrungen in Schadensbegutachtung, Untersuchungen und Wertbegutachtung der konventionellen und modernen G\u00fcterschifffahrt, Tankschifffahrt, Schub- und Schleppschifffahrt, sowie der stark wachsenden Passagierschifffahrt. Doldrums ist f\u00fcr die Binnenfahrt t\u00e4tig f\u00fcr eine gro\u00dfe Anzahl Versicherer und Versicherungsmakler in sowohl den Niederlanden als im Ausland.<\/p>\n","protected":false},"excerpt":{"rendered":"<p>Die Binnenfahrt ist in den vergangenen Dezennien in schnellem Tempo intensiviert und modernisiert. Haupts\u00e4chlich die Niederl\u00e4ndische Flotte ist sehr stark gewachsen. Unsere Sachverst\u00e4ndigen haben umfangreiche Erfahrungen in Schadensbegutachtung, Untersuchungen und Wertbegutachtung der konventionellen und modernen G\u00fcterschifffahrt, Tankschifffahrt, Schub- und Schleppschifffahrt, sowie der stark wachsenden Passagierschifffahrt. Doldrums ist f\u00fcr die Binnenfahrt t\u00e4tig f\u00fcr eine gro\u00dfe Anzahl [&hellip;]<\/p>\n","protected":false},"author":2,"featured_media":0,"parent":72,"menu_order":2,"comment_status":"open","ping_status":"open","template":"","meta":{"_acf_changed":false,"footnotes":""},"class_list":["post-847","page","type-page","status-publish","hentry"],"acf":[],"yoast_head":"<!-- This site is optimized with the Yoast SEO plugin v27.4 - https:\/\/yoast.com\/product\/yoast-seo-wordpress\/ -->\n<title>Binnenfahrt - Doldrums<\/title>\n<meta name=\"description\" content=\"Doldrums has Erfahrungen in Schadensbegutachtung, Untersuchungen und der G\u00fcter und Tankschifffahrt, Schub- und Schleppschifffahrt, der Passagierschifffahrt.\" \/>\n<meta name=\"robots\" content=\"index, follow, max-snippet:-1, max-image-preview:large, max-video-preview:-1\" \/>\n<link rel=\"canonical\" href=\"https:\/\/www.doldrumsbv.nl\/de\/arbeitsbereiche\/binnenfahrt\/\" \/>\n<meta property=\"og:locale\" content=\"de_DE\" \/>\n<meta property=\"og:type\" content=\"article\" \/>\n<meta property=\"og:title\" content=\"Binnenfahrt - Doldrums\" \/>\n<meta property=\"og:description\" content=\"Doldrums has Erfahrungen in Schadensbegutachtung, Untersuchungen und der G\u00fcter und Tankschifffahrt, Schub- und Schleppschifffahrt, der Passagierschifffahrt.\" \/>\n<meta property=\"og:url\" content=\"https:\/\/www.doldrumsbv.nl\/de\/arbeitsbereiche\/binnenfahrt\/\" \/>\n<meta property=\"og:site_name\" content=\"Doldrums\" \/>\n<meta property=\"article:modified_time\" content=\"2014-07-16T16:10:16+00:00\" \/>\n<script type=\"application\/ld+json\" class=\"yoast-schema-graph\">{\"@context\":\"https:\\\/\\\/schema.org\",\"@graph\":[{\"@type\":\"WebPage\",\"@id\":\"https:\\\/\\\/www.doldrumsbv.nl\\\/de\\\/arbeitsbereiche\\\/binnenfahrt\\\/\",\"url\":\"https:\\\/\\\/www.doldrumsbv.nl\\\/de\\\/arbeitsbereiche\\\/binnenfahrt\\\/\",\"name\":\"Binnenfahrt - Doldrums\",\"isPartOf\":{\"@id\":\"https:\\\/\\\/www.doldrumsbv.nl\\\/#website\"},\"datePublished\":\"2014-07-09T18:56:12+00:00\",\"dateModified\":\"2014-07-16T16:10:16+00:00\",\"description\":\"Doldrums has Erfahrungen in Schadensbegutachtung, Untersuchungen und der G\u00fcter und Tankschifffahrt, Schub- und Schleppschifffahrt, der Passagierschifffahrt.\",\"breadcrumb\":{\"@id\":\"https:\\\/\\\/www.doldrumsbv.nl\\\/de\\\/arbeitsbereiche\\\/binnenfahrt\\\/#breadcrumb\"},\"inLanguage\":\"de\",\"potentialAction\":[{\"@type\":\"ReadAction\",\"target\":[\"https:\\\/\\\/www.doldrumsbv.nl\\\/de\\\/arbeitsbereiche\\\/binnenfahrt\\\/\"]}]},{\"@type\":\"BreadcrumbList\",\"@id\":\"https:\\\/\\\/www.doldrumsbv.nl\\\/de\\\/arbeitsbereiche\\\/binnenfahrt\\\/#breadcrumb\",\"itemListElement\":[{\"@type\":\"ListItem\",\"position\":1,\"name\":\"Home\",\"item\":\"https:\\\/\\\/www.doldrumsbv.nl\\\/de\\\/\"},{\"@type\":\"ListItem\",\"position\":2,\"name\":\"Arbeitsbereiche\",\"item\":\"https:\\\/\\\/www.doldrumsbv.nl\\\/de\\\/arbeitsbereiche\\\/\"},{\"@type\":\"ListItem\",\"position\":3,\"name\":\"Binnenfahrt\"}]},{\"@type\":\"WebSite\",\"@id\":\"https:\\\/\\\/www.doldrumsbv.nl\\\/#website\",\"url\":\"https:\\\/\\\/www.doldrumsbv.nl\\\/\",\"name\":\"Doldrums\",\"description\":\"Marine &amp; Technical Surveyors\",\"potentialAction\":[{\"@type\":\"SearchAction\",\"target\":{\"@type\":\"EntryPoint\",\"urlTemplate\":\"https:\\\/\\\/www.doldrumsbv.nl\\\/?s={search_term_string}\"},\"query-input\":{\"@type\":\"PropertyValueSpecification\",\"valueRequired\":true,\"valueName\":\"search_term_string\"}}],\"inLanguage\":\"de\"}]}<\/script>\n<!-- \/ Yoast SEO plugin. -->","yoast_head_json":{"title":"Binnenfahrt - Doldrums","description":"Doldrums has Erfahrungen in Schadensbegutachtung, Untersuchungen und der G\u00fcter und Tankschifffahrt, Schub- und Schleppschifffahrt, der Passagierschifffahrt.","robots":{"index":"index","follow":"follow","max-snippet":"max-snippet:-1","max-image-preview":"max-image-preview:large","max-video-preview":"max-video-preview:-1"},"canonical":"https:\/\/www.doldrumsbv.nl\/de\/arbeitsbereiche\/binnenfahrt\/","og_locale":"de_DE","og_type":"article","og_title":"Binnenfahrt - Doldrums","og_description":"Doldrums has Erfahrungen in Schadensbegutachtung, Untersuchungen und der G\u00fcter und Tankschifffahrt, Schub- und Schleppschifffahrt, der Passagierschifffahrt.","og_url":"https:\/\/www.doldrumsbv.nl\/de\/arbeitsbereiche\/binnenfahrt\/","og_site_name":"Doldrums","article_modified_time":"2014-07-16T16:10:16+00:00","schema":{"@context":"https:\/\/schema.org","@graph":[{"@type":"WebPage","@id":"https:\/\/www.doldrumsbv.nl\/de\/arbeitsbereiche\/binnenfahrt\/","url":"https:\/\/www.doldrumsbv.nl\/de\/arbeitsbereiche\/binnenfahrt\/","name":"Binnenfahrt - Doldrums","isPartOf":{"@id":"https:\/\/www.doldrumsbv.nl\/#website"},"datePublished":"2014-07-09T18:56:12+00:00","dateModified":"2014-07-16T16:10:16+00:00","description":"Doldrums has Erfahrungen in Schadensbegutachtung, Untersuchungen und der G\u00fcter und Tankschifffahrt, Schub- und Schleppschifffahrt, der Passagierschifffahrt.","breadcrumb":{"@id":"https:\/\/www.doldrumsbv.nl\/de\/arbeitsbereiche\/binnenfahrt\/#breadcrumb"},"inLanguage":"de","potentialAction":[{"@type":"ReadAction","target":["https:\/\/www.doldrumsbv.nl\/de\/arbeitsbereiche\/binnenfahrt\/"]}]},{"@type":"BreadcrumbList","@id":"https:\/\/www.doldrumsbv.nl\/de\/arbeitsbereiche\/binnenfahrt\/#breadcrumb","itemListElement":[{"@type":"ListItem","position":1,"name":"Home","item":"https:\/\/www.doldrumsbv.nl\/de\/"},{"@type":"ListItem","position":2,"name":"Arbeitsbereiche","item":"https:\/\/www.doldrumsbv.nl\/de\/arbeitsbereiche\/"},{"@type":"ListItem","position":3,"name":"Binnenfahrt"}]},{"@type":"WebSite","@id":"https:\/\/www.doldrumsbv.nl\/#website","url":"https:\/\/www.doldrumsbv.nl\/","name":"Doldrums","description":"Marine &amp; Technical Surveyors","potentialAction":[{"@type":"SearchAction","target":{"@type":"EntryPoint","urlTemplate":"https:\/\/www.doldrumsbv.nl\/?s={search_term_string}"},"query-input":{"@type":"PropertyValueSpecification","valueRequired":true,"valueName":"search_term_string"}}],"inLanguage":"de"}]}},"_links":{"self":[{"href":"https:\/\/www.doldrumsbv.nl\/de\/wp-json\/wp\/v2\/pages\/847","targetHints":{"allow":["GET"]}}],"collection":[{"href":"https:\/\/www.doldrumsbv.nl\/de\/wp-json\/wp\/v2\/pages"}],"about":[{"href":"https:\/\/www.doldrumsbv.nl\/de\/wp-json\/wp\/v2\/types\/page"}],"author":[{"embeddable":true,"href":"https:\/\/www.doldrumsbv.nl\/de\/wp-json\/wp\/v2\/users\/2"}],"replies":[{"embeddable":true,"href":"https:\/\/www.doldrumsbv.nl\/de\/wp-json\/wp\/v2\/comments?post=847"}],"version-history":[{"count":2,"href":"https:\/\/www.doldrumsbv.nl\/de\/wp-json\/wp\/v2\/pages\/847\/revisions"}],"predecessor-version":[{"id":1058,"href":"https:\/\/www.doldrumsbv.nl\/de\/wp-json\/wp\/v2\/pages\/847\/revisions\/1058"}],"up":[{"embeddable":true,"href":"https:\/\/www.doldrumsbv.nl\/de\/wp-json\/wp\/v2\/pages\/72"}],"wp:attachment":[{"href":"https:\/\/www.doldrumsbv.nl\/de\/wp-json\/wp\/v2\/media?parent=847"}],"curies":[{"name":"wp","href":"https:\/\/api.w.org\/{rel}","templated":true}]}}