{"id":842,"date":"2014-07-04T13:31:20","date_gmt":"2014-07-04T13:31:20","guid":{"rendered":"https:\/\/www.doldrumsbv.nl\/?page_id=842"},"modified":"2023-08-11T10:31:51","modified_gmt":"2023-08-11T10:31:51","slug":"seefahrt","status":"publish","type":"page","link":"https:\/\/www.doldrumsbv.nl\/de\/arbeitsbereiche\/seefahrt\/","title":{"rendered":"Seefahrt"},"content":{"rendered":"<p>Die Seeh\u00e4fen in den Niederlanden, mit Rotterdam als Welthafen, begr\u00fc\u00dfen t\u00e4glich eine Verschiedenheit an Seeschiffen; von Schlepper bis Sch\u00fcttgutfrachter, von K\u00fcstenmotorschiffen bis Mega-Containerschiffen, von Tanker bis Baggerschiffen und von Offshore-Schiffen bis Kreuzfahrtschiffen.<\/p>\n<p>Nicht nur in den Niederlanden, doch auch Weltweit, sind unsere Sachverst\u00e4ndigen besch\u00e4ftigt um, f\u00fcr sowohl Niederl\u00e4ndische als ausl\u00e4ndische Versicherer und sonstige Auftraggeber, auseinanderliegende Sch\u00e4den zu begutachten, entweder ein Kaskoschaden, eine Kollision, eine Festfahrung, ein Motorschaden oder andersartige technischen Sch\u00e4den, Brennstoffproblemen, oder nautische Untersuchung bei Schiffsunf\u00e4llen.<\/p>\n<p>Doldrums hat ein internationales Netz mit zuverl\u00e4ssigen lokalen Sachverst\u00e4ndigen, woran einen Appel gerichtet werden kann.<br \/>\nNeben Schadensbegutachtungen f\u00fchren wir auch Zustandsbesichtigungen und Bewertungen aus f\u00fcr unterschiedliche Auftraggeber und werden wir Projektm\u00e4\u00dfig eingesetzt bei Reparatur- und Umbau-Unterst\u00fctzung von Seeschiffen.<\/p>\n","protected":false},"excerpt":{"rendered":"<p>Die Seeh\u00e4fen in den Niederlanden, mit Rotterdam als Welthafen, begr\u00fc\u00dfen t\u00e4glich eine Verschiedenheit an Seeschiffen; von Schlepper bis Sch\u00fcttgutfrachter, von K\u00fcstenmotorschiffen bis Mega-Containerschiffen, von Tanker bis Baggerschiffen und von Offshore-Schiffen bis Kreuzfahrtschiffen. Nicht nur in den Niederlanden, doch auch Weltweit, sind unsere Sachverst\u00e4ndigen besch\u00e4ftigt um, f\u00fcr sowohl Niederl\u00e4ndische als ausl\u00e4ndische Versicherer und sonstige Auftraggeber, auseinanderliegende [&hellip;]<\/p>\n","protected":false},"author":2,"featured_media":0,"parent":72,"menu_order":1,"comment_status":"open","ping_status":"closed","template":"","meta":{"_acf_changed":false,"footnotes":""},"class_list":["post-842","page","type-page","status-publish","hentry"],"acf":[],"yoast_head":"<!-- This site is optimized with the Yoast SEO plugin v27.1.1 - https:\/\/yoast.com\/product\/yoast-seo-wordpress\/ -->\n<title>Seefahrt - Doldrums<\/title>\n<meta name=\"description\" content=\"Weltweit sind unsere Sachverst\u00e4ndigen besch\u00e4ftigt um Sch\u00e4den, Brennstoffproblemen, oder nautische Untersuchung bei Schiffsunf\u00e4llen zu begutachten.\" \/>\n<meta name=\"robots\" content=\"index, follow, max-snippet:-1, max-image-preview:large, max-video-preview:-1\" \/>\n<link rel=\"canonical\" href=\"https:\/\/www.doldrumsbv.nl\/de\/arbeitsbereiche\/seefahrt\/\" \/>\n<meta property=\"og:locale\" content=\"de_DE\" \/>\n<meta property=\"og:type\" content=\"article\" \/>\n<meta property=\"og:title\" content=\"Seefahrt - Doldrums\" \/>\n<meta property=\"og:description\" content=\"Weltweit sind unsere Sachverst\u00e4ndigen besch\u00e4ftigt um Sch\u00e4den, Brennstoffproblemen, oder nautische Untersuchung bei Schiffsunf\u00e4llen zu begutachten.\" \/>\n<meta property=\"og:url\" content=\"https:\/\/www.doldrumsbv.nl\/de\/arbeitsbereiche\/seefahrt\/\" \/>\n<meta property=\"og:site_name\" content=\"Doldrums\" \/>\n<meta property=\"article:modified_time\" content=\"2023-08-11T10:31:51+00:00\" \/>\n<meta name=\"twitter:label1\" content=\"Gesch\u00e4tzte Lesezeit\" \/>\n\t<meta name=\"twitter:data1\" content=\"1\u00a0Minute\" \/>\n<script type=\"application\/ld+json\" class=\"yoast-schema-graph\">{\"@context\":\"https:\/\/schema.org\",\"@graph\":[{\"@type\":\"WebPage\",\"@id\":\"https:\/\/www.doldrumsbv.nl\/de\/arbeitsbereiche\/seefahrt\/\",\"url\":\"https:\/\/www.doldrumsbv.nl\/de\/arbeitsbereiche\/seefahrt\/\",\"name\":\"Seefahrt - Doldrums\",\"isPartOf\":{\"@id\":\"https:\/\/www.doldrumsbv.nl\/#website\"},\"datePublished\":\"2014-07-04T13:31:20+00:00\",\"dateModified\":\"2023-08-11T10:31:51+00:00\",\"description\":\"Weltweit sind unsere Sachverst\u00e4ndigen besch\u00e4ftigt um Sch\u00e4den, Brennstoffproblemen, oder nautische Untersuchung bei Schiffsunf\u00e4llen zu begutachten.\",\"breadcrumb\":{\"@id\":\"https:\/\/www.doldrumsbv.nl\/de\/arbeitsbereiche\/seefahrt\/#breadcrumb\"},\"inLanguage\":\"de\",\"potentialAction\":[{\"@type\":\"ReadAction\",\"target\":[\"https:\/\/www.doldrumsbv.nl\/de\/arbeitsbereiche\/seefahrt\/\"]}]},{\"@type\":\"BreadcrumbList\",\"@id\":\"https:\/\/www.doldrumsbv.nl\/de\/arbeitsbereiche\/seefahrt\/#breadcrumb\",\"itemListElement\":[{\"@type\":\"ListItem\",\"position\":1,\"name\":\"Home\",\"item\":\"https:\/\/www.doldrumsbv.nl\/de\/\"},{\"@type\":\"ListItem\",\"position\":2,\"name\":\"Arbeitsbereiche\",\"item\":\"https:\/\/www.doldrumsbv.nl\/de\/arbeitsbereiche\/\"},{\"@type\":\"ListItem\",\"position\":3,\"name\":\"Seefahrt\"}]},{\"@type\":\"WebSite\",\"@id\":\"https:\/\/www.doldrumsbv.nl\/#website\",\"url\":\"https:\/\/www.doldrumsbv.nl\/\",\"name\":\"Doldrums\",\"description\":\"Marine &amp; Technical Surveyors\",\"potentialAction\":[{\"@type\":\"SearchAction\",\"target\":{\"@type\":\"EntryPoint\",\"urlTemplate\":\"https:\/\/www.doldrumsbv.nl\/?s={search_term_string}\"},\"query-input\":{\"@type\":\"PropertyValueSpecification\",\"valueRequired\":true,\"valueName\":\"search_term_string\"}}],\"inLanguage\":\"de\"}]}<\/script>\n<!-- \/ Yoast SEO plugin. -->","yoast_head_json":{"title":"Seefahrt - Doldrums","description":"Weltweit sind unsere Sachverst\u00e4ndigen besch\u00e4ftigt um Sch\u00e4den, Brennstoffproblemen, oder nautische Untersuchung bei Schiffsunf\u00e4llen zu begutachten.","robots":{"index":"index","follow":"follow","max-snippet":"max-snippet:-1","max-image-preview":"max-image-preview:large","max-video-preview":"max-video-preview:-1"},"canonical":"https:\/\/www.doldrumsbv.nl\/de\/arbeitsbereiche\/seefahrt\/","og_locale":"de_DE","og_type":"article","og_title":"Seefahrt - Doldrums","og_description":"Weltweit sind unsere Sachverst\u00e4ndigen besch\u00e4ftigt um Sch\u00e4den, Brennstoffproblemen, oder nautische Untersuchung bei Schiffsunf\u00e4llen zu begutachten.","og_url":"https:\/\/www.doldrumsbv.nl\/de\/arbeitsbereiche\/seefahrt\/","og_site_name":"Doldrums","article_modified_time":"2023-08-11T10:31:51+00:00","twitter_misc":{"Gesch\u00e4tzte Lesezeit":"1\u00a0Minute"},"schema":{"@context":"https:\/\/schema.org","@graph":[{"@type":"WebPage","@id":"https:\/\/www.doldrumsbv.nl\/de\/arbeitsbereiche\/seefahrt\/","url":"https:\/\/www.doldrumsbv.nl\/de\/arbeitsbereiche\/seefahrt\/","name":"Seefahrt - Doldrums","isPartOf":{"@id":"https:\/\/www.doldrumsbv.nl\/#website"},"datePublished":"2014-07-04T13:31:20+00:00","dateModified":"2023-08-11T10:31:51+00:00","description":"Weltweit sind unsere Sachverst\u00e4ndigen besch\u00e4ftigt um Sch\u00e4den, Brennstoffproblemen, oder nautische Untersuchung bei Schiffsunf\u00e4llen zu begutachten.","breadcrumb":{"@id":"https:\/\/www.doldrumsbv.nl\/de\/arbeitsbereiche\/seefahrt\/#breadcrumb"},"inLanguage":"de","potentialAction":[{"@type":"ReadAction","target":["https:\/\/www.doldrumsbv.nl\/de\/arbeitsbereiche\/seefahrt\/"]}]},{"@type":"BreadcrumbList","@id":"https:\/\/www.doldrumsbv.nl\/de\/arbeitsbereiche\/seefahrt\/#breadcrumb","itemListElement":[{"@type":"ListItem","position":1,"name":"Home","item":"https:\/\/www.doldrumsbv.nl\/de\/"},{"@type":"ListItem","position":2,"name":"Arbeitsbereiche","item":"https:\/\/www.doldrumsbv.nl\/de\/arbeitsbereiche\/"},{"@type":"ListItem","position":3,"name":"Seefahrt"}]},{"@type":"WebSite","@id":"https:\/\/www.doldrumsbv.nl\/#website","url":"https:\/\/www.doldrumsbv.nl\/","name":"Doldrums","description":"Marine &amp; Technical Surveyors","potentialAction":[{"@type":"SearchAction","target":{"@type":"EntryPoint","urlTemplate":"https:\/\/www.doldrumsbv.nl\/?s={search_term_string}"},"query-input":{"@type":"PropertyValueSpecification","valueRequired":true,"valueName":"search_term_string"}}],"inLanguage":"de"}]}},"_links":{"self":[{"href":"https:\/\/www.doldrumsbv.nl\/de\/wp-json\/wp\/v2\/pages\/842","targetHints":{"allow":["GET"]}}],"collection":[{"href":"https:\/\/www.doldrumsbv.nl\/de\/wp-json\/wp\/v2\/pages"}],"about":[{"href":"https:\/\/www.doldrumsbv.nl\/de\/wp-json\/wp\/v2\/types\/page"}],"author":[{"embeddable":true,"href":"https:\/\/www.doldrumsbv.nl\/de\/wp-json\/wp\/v2\/users\/2"}],"replies":[{"embeddable":true,"href":"https:\/\/www.doldrumsbv.nl\/de\/wp-json\/wp\/v2\/comments?post=842"}],"version-history":[{"count":3,"href":"https:\/\/www.doldrumsbv.nl\/de\/wp-json\/wp\/v2\/pages\/842\/revisions"}],"predecessor-version":[{"id":1870,"href":"https:\/\/www.doldrumsbv.nl\/de\/wp-json\/wp\/v2\/pages\/842\/revisions\/1870"}],"up":[{"embeddable":true,"href":"https:\/\/www.doldrumsbv.nl\/de\/wp-json\/wp\/v2\/pages\/72"}],"wp:attachment":[{"href":"https:\/\/www.doldrumsbv.nl\/de\/wp-json\/wp\/v2\/media?parent=842"}],"curies":[{"name":"wp","href":"https:\/\/api.w.org\/{rel}","templated":true}]}}