{"id":832,"date":"2014-07-04T13:08:25","date_gmt":"2014-07-04T13:08:25","guid":{"rendered":"https:\/\/www.doldrumsbv.nl\/?page_id=832"},"modified":"2014-07-16T16:06:32","modified_gmt":"2014-07-16T16:06:32","slug":"weitblick","status":"publish","type":"page","link":"https:\/\/www.doldrumsbv.nl\/de\/doldrums\/weitblick\/","title":{"rendered":"Weitblick"},"content":{"rendered":"<p>Wir sehen unsere Gesch\u00e4fte als Spezial Ma\u00dfarbeit; jeder Schaden ist anders. \u2028Es ist unsere Herausforderung um mit Sachverst\u00e4ndigengutachtung, Integrit\u00e4t, ein kritischer Blick, klare Kommunikation und Berichterstattung, jeder Auftrag zu Zufriedenheit unserer Kunden auszuf\u00fchren.<br \/>\nObwohl Doldrums erst seit 2007 existiert, genie\u00dfen wir ein gro\u00dfes Vertrauen von unseren Auftraggeber, unter denen die gro\u00dfe Mehrheit der Versicher und Makler im maritimen Sektor.<br \/>\nJeder Tag arbeiten wir an Aufrechterhaltung dieses Vertrauen und bauen wir an einer langfristigen Beziehung mit allen unseren Kunden.<\/p>\n","protected":false},"excerpt":{"rendered":"<p>Wir sehen unsere Gesch\u00e4fte als Spezial Ma\u00dfarbeit; jeder Schaden ist anders. \u2028Es ist unsere Herausforderung um mit Sachverst\u00e4ndigengutachtung, Integrit\u00e4t, ein kritischer Blick, klare Kommunikation und Berichterstattung, jeder Auftrag zu Zufriedenheit unserer Kunden auszuf\u00fchren. Obwohl Doldrums erst seit 2007 existiert, genie\u00dfen wir ein gro\u00dfes Vertrauen von unseren Auftraggeber, unter denen die gro\u00dfe Mehrheit der Versicher und [&hellip;]<\/p>\n","protected":false},"author":2,"featured_media":0,"parent":115,"menu_order":0,"comment_status":"open","ping_status":"open","template":"","meta":{"_acf_changed":false,"footnotes":""},"class_list":["post-832","page","type-page","status-publish","hentry"],"acf":[],"yoast_head":"<!-- This site is optimized with the Yoast SEO plugin v27.4 - https:\/\/yoast.com\/product\/yoast-seo-wordpress\/ -->\n<title>Weitblick - Doldrums<\/title>\n<meta name=\"description\" content=\"Wir sehen unsere Gesch\u00e4fte als Spezial Ma\u00dfarbeit; jeder Schaden ist anders.\" \/>\n<meta name=\"robots\" content=\"index, follow, max-snippet:-1, max-image-preview:large, max-video-preview:-1\" \/>\n<link rel=\"canonical\" href=\"https:\/\/www.doldrumsbv.nl\/de\/doldrums\/weitblick\/\" \/>\n<meta property=\"og:locale\" content=\"de_DE\" \/>\n<meta property=\"og:type\" content=\"article\" \/>\n<meta property=\"og:title\" content=\"Weitblick - Doldrums\" \/>\n<meta property=\"og:description\" content=\"Wir sehen unsere Gesch\u00e4fte als Spezial Ma\u00dfarbeit; jeder Schaden ist anders.\" \/>\n<meta property=\"og:url\" content=\"https:\/\/www.doldrumsbv.nl\/de\/doldrums\/weitblick\/\" \/>\n<meta property=\"og:site_name\" content=\"Doldrums\" \/>\n<meta property=\"article:modified_time\" content=\"2014-07-16T16:06:32+00:00\" \/>\n<script type=\"application\/ld+json\" class=\"yoast-schema-graph\">{\"@context\":\"https:\\\/\\\/schema.org\",\"@graph\":[{\"@type\":\"WebPage\",\"@id\":\"https:\\\/\\\/www.doldrumsbv.nl\\\/de\\\/doldrums\\\/weitblick\\\/\",\"url\":\"https:\\\/\\\/www.doldrumsbv.nl\\\/de\\\/doldrums\\\/weitblick\\\/\",\"name\":\"Weitblick - Doldrums\",\"isPartOf\":{\"@id\":\"https:\\\/\\\/www.doldrumsbv.nl\\\/#website\"},\"datePublished\":\"2014-07-04T13:08:25+00:00\",\"dateModified\":\"2014-07-16T16:06:32+00:00\",\"description\":\"Wir sehen unsere Gesch\u00e4fte als Spezial Ma\u00dfarbeit; jeder Schaden ist anders.\",\"breadcrumb\":{\"@id\":\"https:\\\/\\\/www.doldrumsbv.nl\\\/de\\\/doldrums\\\/weitblick\\\/#breadcrumb\"},\"inLanguage\":\"de\",\"potentialAction\":[{\"@type\":\"ReadAction\",\"target\":[\"https:\\\/\\\/www.doldrumsbv.nl\\\/de\\\/doldrums\\\/weitblick\\\/\"]}]},{\"@type\":\"BreadcrumbList\",\"@id\":\"https:\\\/\\\/www.doldrumsbv.nl\\\/de\\\/doldrums\\\/weitblick\\\/#breadcrumb\",\"itemListElement\":[{\"@type\":\"ListItem\",\"position\":1,\"name\":\"Home\",\"item\":\"https:\\\/\\\/www.doldrumsbv.nl\\\/de\\\/\"},{\"@type\":\"ListItem\",\"position\":2,\"name\":\"Doldrums\",\"item\":\"https:\\\/\\\/www.doldrumsbv.nl\\\/de\\\/doldrums\\\/\"},{\"@type\":\"ListItem\",\"position\":3,\"name\":\"Weitblick\"}]},{\"@type\":\"WebSite\",\"@id\":\"https:\\\/\\\/www.doldrumsbv.nl\\\/#website\",\"url\":\"https:\\\/\\\/www.doldrumsbv.nl\\\/\",\"name\":\"Doldrums\",\"description\":\"Marine &amp; Technical Surveyors\",\"potentialAction\":[{\"@type\":\"SearchAction\",\"target\":{\"@type\":\"EntryPoint\",\"urlTemplate\":\"https:\\\/\\\/www.doldrumsbv.nl\\\/?s={search_term_string}\"},\"query-input\":{\"@type\":\"PropertyValueSpecification\",\"valueRequired\":true,\"valueName\":\"search_term_string\"}}],\"inLanguage\":\"de\"}]}<\/script>\n<!-- \/ Yoast SEO plugin. -->","yoast_head_json":{"title":"Weitblick - Doldrums","description":"Wir sehen unsere Gesch\u00e4fte als Spezial Ma\u00dfarbeit; jeder Schaden ist anders.","robots":{"index":"index","follow":"follow","max-snippet":"max-snippet:-1","max-image-preview":"max-image-preview:large","max-video-preview":"max-video-preview:-1"},"canonical":"https:\/\/www.doldrumsbv.nl\/de\/doldrums\/weitblick\/","og_locale":"de_DE","og_type":"article","og_title":"Weitblick - Doldrums","og_description":"Wir sehen unsere Gesch\u00e4fte als Spezial Ma\u00dfarbeit; jeder Schaden ist anders.","og_url":"https:\/\/www.doldrumsbv.nl\/de\/doldrums\/weitblick\/","og_site_name":"Doldrums","article_modified_time":"2014-07-16T16:06:32+00:00","schema":{"@context":"https:\/\/schema.org","@graph":[{"@type":"WebPage","@id":"https:\/\/www.doldrumsbv.nl\/de\/doldrums\/weitblick\/","url":"https:\/\/www.doldrumsbv.nl\/de\/doldrums\/weitblick\/","name":"Weitblick - Doldrums","isPartOf":{"@id":"https:\/\/www.doldrumsbv.nl\/#website"},"datePublished":"2014-07-04T13:08:25+00:00","dateModified":"2014-07-16T16:06:32+00:00","description":"Wir sehen unsere Gesch\u00e4fte als Spezial Ma\u00dfarbeit; jeder Schaden ist anders.","breadcrumb":{"@id":"https:\/\/www.doldrumsbv.nl\/de\/doldrums\/weitblick\/#breadcrumb"},"inLanguage":"de","potentialAction":[{"@type":"ReadAction","target":["https:\/\/www.doldrumsbv.nl\/de\/doldrums\/weitblick\/"]}]},{"@type":"BreadcrumbList","@id":"https:\/\/www.doldrumsbv.nl\/de\/doldrums\/weitblick\/#breadcrumb","itemListElement":[{"@type":"ListItem","position":1,"name":"Home","item":"https:\/\/www.doldrumsbv.nl\/de\/"},{"@type":"ListItem","position":2,"name":"Doldrums","item":"https:\/\/www.doldrumsbv.nl\/de\/doldrums\/"},{"@type":"ListItem","position":3,"name":"Weitblick"}]},{"@type":"WebSite","@id":"https:\/\/www.doldrumsbv.nl\/#website","url":"https:\/\/www.doldrumsbv.nl\/","name":"Doldrums","description":"Marine &amp; Technical Surveyors","potentialAction":[{"@type":"SearchAction","target":{"@type":"EntryPoint","urlTemplate":"https:\/\/www.doldrumsbv.nl\/?s={search_term_string}"},"query-input":{"@type":"PropertyValueSpecification","valueRequired":true,"valueName":"search_term_string"}}],"inLanguage":"de"}]}},"_links":{"self":[{"href":"https:\/\/www.doldrumsbv.nl\/de\/wp-json\/wp\/v2\/pages\/832","targetHints":{"allow":["GET"]}}],"collection":[{"href":"https:\/\/www.doldrumsbv.nl\/de\/wp-json\/wp\/v2\/pages"}],"about":[{"href":"https:\/\/www.doldrumsbv.nl\/de\/wp-json\/wp\/v2\/types\/page"}],"author":[{"embeddable":true,"href":"https:\/\/www.doldrumsbv.nl\/de\/wp-json\/wp\/v2\/users\/2"}],"replies":[{"embeddable":true,"href":"https:\/\/www.doldrumsbv.nl\/de\/wp-json\/wp\/v2\/comments?post=832"}],"version-history":[{"count":2,"href":"https:\/\/www.doldrumsbv.nl\/de\/wp-json\/wp\/v2\/pages\/832\/revisions"}],"predecessor-version":[{"id":1053,"href":"https:\/\/www.doldrumsbv.nl\/de\/wp-json\/wp\/v2\/pages\/832\/revisions\/1053"}],"up":[{"embeddable":true,"href":"https:\/\/www.doldrumsbv.nl\/de\/wp-json\/wp\/v2\/pages\/115"}],"wp:attachment":[{"href":"https:\/\/www.doldrumsbv.nl\/de\/wp-json\/wp\/v2\/media?parent=832"}],"curies":[{"name":"wp","href":"https:\/\/api.w.org\/{rel}","templated":true}]}}