{"id":72,"date":"2013-10-16T12:23:18","date_gmt":"2013-10-16T12:23:18","guid":{"rendered":"https:\/\/www.doldrumsbv.nl\/?page_id=72"},"modified":"2014-07-16T16:07:56","modified_gmt":"2014-07-16T16:07:56","slug":"arbeitsbereiche","status":"publish","type":"page","link":"https:\/\/www.doldrumsbv.nl\/de\/arbeitsbereiche\/","title":{"rendered":"Arbeitsbereiche"},"content":{"rendered":"<p class=\"p1\"><span class=\"s1\">Doldrums ist t\u00e4tig in Schadensbegutachtung, Untersuchungen und Wertbegutachtungen im maritimen Bereich, sowohl die Seefahrt, Binnenfahrt, Fischerei als die Yacht-Schifffahrt. Dazu geh\u00f6ren auch Bergung und Hilfeleistung.<\/span><\/p>\n<p class=\"p1\"><span class=\"s1\">Daneben begutachten wir auch Sch\u00e4den an Wasserbauwerken wie Br\u00fccken, Schleusen, Kais und Ufer, sowie (\u00d6l)Verschmutzung in H\u00e4fen und Wasserwegen.\u00a0<\/span><\/p>\n<p class=\"p2\"><span class=\"s1\">Auch im Non-Maritimen Bereich ist Doldrums t\u00e4tig und zwar im Bereich von Landmaschinen und technischen Anlagen, in weitesten Sinne.<\/span><\/p>\n","protected":false},"excerpt":{"rendered":"<p>Doldrums ist t\u00e4tig in Schadensbegutachtung, Untersuchungen und Wertbegutachtungen im maritimen Bereich, sowohl die Seefahrt, Binnenfahrt, Fischerei als die Yacht-Schifffahrt. Dazu geh\u00f6ren auch Bergung und Hilfeleistung. Daneben begutachten wir auch Sch\u00e4den an Wasserbauwerken wie Br\u00fccken, Schleusen, Kais und Ufer, sowie (\u00d6l)Verschmutzung in H\u00e4fen und Wasserwegen.\u00a0 Auch im Non-Maritimen Bereich ist Doldrums t\u00e4tig und zwar im Bereich [&hellip;]<\/p>\n","protected":false},"author":2,"featured_media":0,"parent":0,"menu_order":1,"comment_status":"open","ping_status":"open","template":"","meta":{"_acf_changed":false,"footnotes":""},"class_list":["post-72","page","type-page","status-publish","hentry"],"acf":[],"yoast_head":"<!-- This site is optimized with the Yoast SEO plugin v27.4 - https:\/\/yoast.com\/product\/yoast-seo-wordpress\/ -->\n<title>Arbeitsbereiche - Doldrums<\/title>\n<meta name=\"description\" content=\"Doldrums ist t\u00e4tig in Schadensbegutachtung, Untersuchungen und Wertbegutachtungen im maritimen Bereich, Fischerei als die Yacht-Schifffahrt.\" \/>\n<meta name=\"robots\" content=\"index, follow, max-snippet:-1, max-image-preview:large, max-video-preview:-1\" \/>\n<link rel=\"canonical\" href=\"https:\/\/www.doldrumsbv.nl\/de\/arbeitsbereiche\/\" \/>\n<meta property=\"og:locale\" content=\"de_DE\" \/>\n<meta property=\"og:type\" content=\"article\" \/>\n<meta property=\"og:title\" content=\"Arbeitsbereiche - Doldrums\" \/>\n<meta property=\"og:description\" content=\"Doldrums ist t\u00e4tig in Schadensbegutachtung, Untersuchungen und Wertbegutachtungen im maritimen Bereich, Fischerei als die Yacht-Schifffahrt.\" \/>\n<meta property=\"og:url\" content=\"https:\/\/www.doldrumsbv.nl\/de\/arbeitsbereiche\/\" \/>\n<meta property=\"og:site_name\" content=\"Doldrums\" \/>\n<meta property=\"article:modified_time\" content=\"2014-07-16T16:07:56+00:00\" \/>\n<script type=\"application\/ld+json\" class=\"yoast-schema-graph\">{\"@context\":\"https:\\\/\\\/schema.org\",\"@graph\":[{\"@type\":\"WebPage\",\"@id\":\"https:\\\/\\\/www.doldrumsbv.nl\\\/de\\\/arbeitsbereiche\\\/\",\"url\":\"https:\\\/\\\/www.doldrumsbv.nl\\\/de\\\/arbeitsbereiche\\\/\",\"name\":\"Arbeitsbereiche - Doldrums\",\"isPartOf\":{\"@id\":\"https:\\\/\\\/www.doldrumsbv.nl\\\/#website\"},\"datePublished\":\"2013-10-16T12:23:18+00:00\",\"dateModified\":\"2014-07-16T16:07:56+00:00\",\"description\":\"Doldrums ist t\u00e4tig in Schadensbegutachtung, Untersuchungen und Wertbegutachtungen im maritimen Bereich, Fischerei als die Yacht-Schifffahrt.\",\"breadcrumb\":{\"@id\":\"https:\\\/\\\/www.doldrumsbv.nl\\\/de\\\/arbeitsbereiche\\\/#breadcrumb\"},\"inLanguage\":\"de\",\"potentialAction\":[{\"@type\":\"ReadAction\",\"target\":[\"https:\\\/\\\/www.doldrumsbv.nl\\\/de\\\/arbeitsbereiche\\\/\"]}]},{\"@type\":\"BreadcrumbList\",\"@id\":\"https:\\\/\\\/www.doldrumsbv.nl\\\/de\\\/arbeitsbereiche\\\/#breadcrumb\",\"itemListElement\":[{\"@type\":\"ListItem\",\"position\":1,\"name\":\"Home\",\"item\":\"https:\\\/\\\/www.doldrumsbv.nl\\\/de\\\/\"},{\"@type\":\"ListItem\",\"position\":2,\"name\":\"Arbeitsbereiche\"}]},{\"@type\":\"WebSite\",\"@id\":\"https:\\\/\\\/www.doldrumsbv.nl\\\/#website\",\"url\":\"https:\\\/\\\/www.doldrumsbv.nl\\\/\",\"name\":\"Doldrums\",\"description\":\"Marine &amp; Technical Surveyors\",\"potentialAction\":[{\"@type\":\"SearchAction\",\"target\":{\"@type\":\"EntryPoint\",\"urlTemplate\":\"https:\\\/\\\/www.doldrumsbv.nl\\\/?s={search_term_string}\"},\"query-input\":{\"@type\":\"PropertyValueSpecification\",\"valueRequired\":true,\"valueName\":\"search_term_string\"}}],\"inLanguage\":\"de\"}]}<\/script>\n<!-- \/ Yoast SEO plugin. -->","yoast_head_json":{"title":"Arbeitsbereiche - Doldrums","description":"Doldrums ist t\u00e4tig in Schadensbegutachtung, Untersuchungen und Wertbegutachtungen im maritimen Bereich, Fischerei als die Yacht-Schifffahrt.","robots":{"index":"index","follow":"follow","max-snippet":"max-snippet:-1","max-image-preview":"max-image-preview:large","max-video-preview":"max-video-preview:-1"},"canonical":"https:\/\/www.doldrumsbv.nl\/de\/arbeitsbereiche\/","og_locale":"de_DE","og_type":"article","og_title":"Arbeitsbereiche - Doldrums","og_description":"Doldrums ist t\u00e4tig in Schadensbegutachtung, Untersuchungen und Wertbegutachtungen im maritimen Bereich, Fischerei als die Yacht-Schifffahrt.","og_url":"https:\/\/www.doldrumsbv.nl\/de\/arbeitsbereiche\/","og_site_name":"Doldrums","article_modified_time":"2014-07-16T16:07:56+00:00","schema":{"@context":"https:\/\/schema.org","@graph":[{"@type":"WebPage","@id":"https:\/\/www.doldrumsbv.nl\/de\/arbeitsbereiche\/","url":"https:\/\/www.doldrumsbv.nl\/de\/arbeitsbereiche\/","name":"Arbeitsbereiche - Doldrums","isPartOf":{"@id":"https:\/\/www.doldrumsbv.nl\/#website"},"datePublished":"2013-10-16T12:23:18+00:00","dateModified":"2014-07-16T16:07:56+00:00","description":"Doldrums ist t\u00e4tig in Schadensbegutachtung, Untersuchungen und Wertbegutachtungen im maritimen Bereich, Fischerei als die Yacht-Schifffahrt.","breadcrumb":{"@id":"https:\/\/www.doldrumsbv.nl\/de\/arbeitsbereiche\/#breadcrumb"},"inLanguage":"de","potentialAction":[{"@type":"ReadAction","target":["https:\/\/www.doldrumsbv.nl\/de\/arbeitsbereiche\/"]}]},{"@type":"BreadcrumbList","@id":"https:\/\/www.doldrumsbv.nl\/de\/arbeitsbereiche\/#breadcrumb","itemListElement":[{"@type":"ListItem","position":1,"name":"Home","item":"https:\/\/www.doldrumsbv.nl\/de\/"},{"@type":"ListItem","position":2,"name":"Arbeitsbereiche"}]},{"@type":"WebSite","@id":"https:\/\/www.doldrumsbv.nl\/#website","url":"https:\/\/www.doldrumsbv.nl\/","name":"Doldrums","description":"Marine &amp; Technical Surveyors","potentialAction":[{"@type":"SearchAction","target":{"@type":"EntryPoint","urlTemplate":"https:\/\/www.doldrumsbv.nl\/?s={search_term_string}"},"query-input":{"@type":"PropertyValueSpecification","valueRequired":true,"valueName":"search_term_string"}}],"inLanguage":"de"}]}},"_links":{"self":[{"href":"https:\/\/www.doldrumsbv.nl\/de\/wp-json\/wp\/v2\/pages\/72","targetHints":{"allow":["GET"]}}],"collection":[{"href":"https:\/\/www.doldrumsbv.nl\/de\/wp-json\/wp\/v2\/pages"}],"about":[{"href":"https:\/\/www.doldrumsbv.nl\/de\/wp-json\/wp\/v2\/types\/page"}],"author":[{"embeddable":true,"href":"https:\/\/www.doldrumsbv.nl\/de\/wp-json\/wp\/v2\/users\/2"}],"replies":[{"embeddable":true,"href":"https:\/\/www.doldrumsbv.nl\/de\/wp-json\/wp\/v2\/comments?post=72"}],"version-history":[{"count":4,"href":"https:\/\/www.doldrumsbv.nl\/de\/wp-json\/wp\/v2\/pages\/72\/revisions"}],"predecessor-version":[{"id":1054,"href":"https:\/\/www.doldrumsbv.nl\/de\/wp-json\/wp\/v2\/pages\/72\/revisions\/1054"}],"wp:attachment":[{"href":"https:\/\/www.doldrumsbv.nl\/de\/wp-json\/wp\/v2\/media?parent=72"}],"curies":[{"name":"wp","href":"https:\/\/api.w.org\/{rel}","templated":true}]}}