{"id":60,"date":"2013-10-16T11:34:24","date_gmt":"2013-10-16T11:34:24","guid":{"rendered":"https:\/\/www.doldrumsbv.nl\/?page_id=60"},"modified":"2015-12-03T15:03:46","modified_gmt":"2015-12-03T15:03:46","slug":"home-3","status":"publish","type":"page","link":"https:\/\/www.doldrumsbv.nl\/de\/","title":{"rendered":"Home"},"content":{"rendered":"<p>Doldrums ist ein junges unabh\u00e4ngiges Sachverst\u00e4ndigenb\u00fcro, mit erfahrenen nautischen und technischen Sachverst\u00e4ndigen, das eine Reihe von technischen maritimen Diensten anbietet.<\/p>\n<p>PROFESSIONALIT\u00c4T &#8211; vertrauensw\u00fcrdigkeit &#8211; NO NONSENSE &#8211; PROBLEMsl\u00f6send Orientiert sind die Kernworte, die unsere Dienstleistung kennzeichnen.<\/p>\n<p>Unsere Siedlung befindet sich in Rotterdam, das dynamisches Herz von den Niederlanden, wie auch \u201cGateway to Europe\u201d f\u00fcr unter anderem die Binnenfahrt und die Seefahrt.<\/p>\n<p>Doldrums ist weltweit besch\u00e4ftigt und verwendet auch ein Netz von lokalen Sachverst\u00e4ndigen.<\/p>\n<p>Gerne sind wir Ihre \u2018Pilots in Expertise\u2019, 24 Stunden am Tag, 7 Tage die Woche, 365 Tage im Jahr.<\/p>\n<p>Eine kurze Pr\u00e4sentation von Doldrums:<\/p>\n<p><iframe loading=\"lazy\" src=\"https:\/\/player.vimeo.com\/video\/147720571\" width=\"500\" height=\"281\" frameborder=\"0\" allowfullscreen=\"allowfullscreen\"><\/iframe><\/p>\n<p>&nbsp;<\/p>\n","protected":false},"excerpt":{"rendered":"<p>Doldrums ist ein junges unabh\u00e4ngiges Sachverst\u00e4ndigenb\u00fcro, mit erfahrenen nautischen und technischen Sachverst\u00e4ndigen, das eine Reihe von technischen maritimen Diensten anbietet. PROFESSIONALIT\u00c4T &#8211; vertrauensw\u00fcrdigkeit &#8211; NO NONSENSE &#8211; PROBLEMsl\u00f6send Orientiert sind die Kernworte, die unsere Dienstleistung kennzeichnen. Unsere Siedlung befindet sich in Rotterdam, das dynamisches Herz von den Niederlanden, wie auch \u201cGateway to Europe\u201d f\u00fcr unter [&hellip;]<\/p>\n","protected":false},"author":2,"featured_media":0,"parent":0,"menu_order":0,"comment_status":"open","ping_status":"open","template":"home-page.php","meta":{"_acf_changed":false,"footnotes":""},"class_list":["post-60","page","type-page","status-publish","hentry"],"acf":[],"yoast_head":"<!-- This site is optimized with the Yoast SEO plugin v27.6 - https:\/\/yoast.com\/product\/yoast-seo-wordpress\/ -->\n<title>Home - Doldrums<\/title>\n<meta name=\"description\" content=\"Doldrums ist ein Sachverst\u00e4ndigenb\u00fcro, mit nautischen und technischen Sachverst\u00e4ndigen, das eine Reihe von technischen maritimen Diensten anbietet.\" \/>\n<meta name=\"robots\" content=\"index, follow, max-snippet:-1, max-image-preview:large, max-video-preview:-1\" \/>\n<link rel=\"canonical\" href=\"https:\/\/www.doldrumsbv.nl\/de\/\" \/>\n<meta property=\"og:locale\" content=\"de_DE\" \/>\n<meta property=\"og:type\" content=\"article\" \/>\n<meta property=\"og:title\" content=\"Home - Doldrums\" \/>\n<meta property=\"og:description\" content=\"Doldrums ist ein Sachverst\u00e4ndigenb\u00fcro, mit nautischen und technischen Sachverst\u00e4ndigen, das eine Reihe von technischen maritimen Diensten anbietet.\" \/>\n<meta property=\"og:url\" content=\"https:\/\/www.doldrumsbv.nl\/de\/\" \/>\n<meta property=\"og:site_name\" content=\"Doldrums\" \/>\n<meta property=\"article:modified_time\" content=\"2015-12-03T15:03:46+00:00\" \/>\n<meta name=\"twitter:label1\" content=\"Gesch\u00e4tzte Lesezeit\" \/>\n\t<meta name=\"twitter:data1\" content=\"1\u00a0Minute\" \/>\n<script type=\"application\/ld+json\" class=\"yoast-schema-graph\">{\"@context\":\"https:\\\/\\\/schema.org\",\"@graph\":[{\"@type\":\"WebPage\",\"@id\":\"https:\\\/\\\/www.doldrumsbv.nl\\\/de\\\/\",\"url\":\"https:\\\/\\\/www.doldrumsbv.nl\\\/de\\\/\",\"name\":\"Home - Doldrums\",\"isPartOf\":{\"@id\":\"https:\\\/\\\/www.doldrumsbv.nl\\\/#website\"},\"datePublished\":\"2013-10-16T11:34:24+00:00\",\"dateModified\":\"2015-12-03T15:03:46+00:00\",\"description\":\"Doldrums ist ein Sachverst\u00e4ndigenb\u00fcro, mit nautischen und technischen Sachverst\u00e4ndigen, das eine Reihe von technischen maritimen Diensten anbietet.\",\"breadcrumb\":{\"@id\":\"https:\\\/\\\/www.doldrumsbv.nl\\\/de\\\/#breadcrumb\"},\"inLanguage\":\"de\",\"potentialAction\":[{\"@type\":\"ReadAction\",\"target\":[\"https:\\\/\\\/www.doldrumsbv.nl\\\/de\\\/\"]}]},{\"@type\":\"BreadcrumbList\",\"@id\":\"https:\\\/\\\/www.doldrumsbv.nl\\\/de\\\/#breadcrumb\",\"itemListElement\":[{\"@type\":\"ListItem\",\"position\":1,\"name\":\"Home\",\"item\":\"https:\\\/\\\/www.doldrumsbv.nl\\\/de\\\/\"},{\"@type\":\"ListItem\",\"position\":2,\"name\":\"Home\"}]},{\"@type\":\"WebSite\",\"@id\":\"https:\\\/\\\/www.doldrumsbv.nl\\\/#website\",\"url\":\"https:\\\/\\\/www.doldrumsbv.nl\\\/\",\"name\":\"Doldrums\",\"description\":\"Marine &amp; Technical Surveyors\",\"potentialAction\":[{\"@type\":\"SearchAction\",\"target\":{\"@type\":\"EntryPoint\",\"urlTemplate\":\"https:\\\/\\\/www.doldrumsbv.nl\\\/?s={search_term_string}\"},\"query-input\":{\"@type\":\"PropertyValueSpecification\",\"valueRequired\":true,\"valueName\":\"search_term_string\"}}],\"inLanguage\":\"de\"}]}<\/script>\n<!-- \/ Yoast SEO plugin. -->","yoast_head_json":{"title":"Home - Doldrums","description":"Doldrums ist ein Sachverst\u00e4ndigenb\u00fcro, mit nautischen und technischen Sachverst\u00e4ndigen, das eine Reihe von technischen maritimen Diensten anbietet.","robots":{"index":"index","follow":"follow","max-snippet":"max-snippet:-1","max-image-preview":"max-image-preview:large","max-video-preview":"max-video-preview:-1"},"canonical":"https:\/\/www.doldrumsbv.nl\/de\/","og_locale":"de_DE","og_type":"article","og_title":"Home - Doldrums","og_description":"Doldrums ist ein Sachverst\u00e4ndigenb\u00fcro, mit nautischen und technischen Sachverst\u00e4ndigen, das eine Reihe von technischen maritimen Diensten anbietet.","og_url":"https:\/\/www.doldrumsbv.nl\/de\/","og_site_name":"Doldrums","article_modified_time":"2015-12-03T15:03:46+00:00","twitter_misc":{"Gesch\u00e4tzte Lesezeit":"1\u00a0Minute"},"schema":{"@context":"https:\/\/schema.org","@graph":[{"@type":"WebPage","@id":"https:\/\/www.doldrumsbv.nl\/de\/","url":"https:\/\/www.doldrumsbv.nl\/de\/","name":"Home - Doldrums","isPartOf":{"@id":"https:\/\/www.doldrumsbv.nl\/#website"},"datePublished":"2013-10-16T11:34:24+00:00","dateModified":"2015-12-03T15:03:46+00:00","description":"Doldrums ist ein Sachverst\u00e4ndigenb\u00fcro, mit nautischen und technischen Sachverst\u00e4ndigen, das eine Reihe von technischen maritimen Diensten anbietet.","breadcrumb":{"@id":"https:\/\/www.doldrumsbv.nl\/de\/#breadcrumb"},"inLanguage":"de","potentialAction":[{"@type":"ReadAction","target":["https:\/\/www.doldrumsbv.nl\/de\/"]}]},{"@type":"BreadcrumbList","@id":"https:\/\/www.doldrumsbv.nl\/de\/#breadcrumb","itemListElement":[{"@type":"ListItem","position":1,"name":"Home","item":"https:\/\/www.doldrumsbv.nl\/de\/"},{"@type":"ListItem","position":2,"name":"Home"}]},{"@type":"WebSite","@id":"https:\/\/www.doldrumsbv.nl\/#website","url":"https:\/\/www.doldrumsbv.nl\/","name":"Doldrums","description":"Marine &amp; Technical Surveyors","potentialAction":[{"@type":"SearchAction","target":{"@type":"EntryPoint","urlTemplate":"https:\/\/www.doldrumsbv.nl\/?s={search_term_string}"},"query-input":{"@type":"PropertyValueSpecification","valueRequired":true,"valueName":"search_term_string"}}],"inLanguage":"de"}]}},"_links":{"self":[{"href":"https:\/\/www.doldrumsbv.nl\/de\/wp-json\/wp\/v2\/pages\/60","targetHints":{"allow":["GET"]}}],"collection":[{"href":"https:\/\/www.doldrumsbv.nl\/de\/wp-json\/wp\/v2\/pages"}],"about":[{"href":"https:\/\/www.doldrumsbv.nl\/de\/wp-json\/wp\/v2\/types\/page"}],"author":[{"embeddable":true,"href":"https:\/\/www.doldrumsbv.nl\/de\/wp-json\/wp\/v2\/users\/2"}],"replies":[{"embeddable":true,"href":"https:\/\/www.doldrumsbv.nl\/de\/wp-json\/wp\/v2\/comments?post=60"}],"version-history":[{"count":7,"href":"https:\/\/www.doldrumsbv.nl\/de\/wp-json\/wp\/v2\/pages\/60\/revisions"}],"predecessor-version":[{"id":1426,"href":"https:\/\/www.doldrumsbv.nl\/de\/wp-json\/wp\/v2\/pages\/60\/revisions\/1426"}],"wp:attachment":[{"href":"https:\/\/www.doldrumsbv.nl\/de\/wp-json\/wp\/v2\/media?parent=60"}],"curies":[{"name":"wp","href":"https:\/\/api.w.org\/{rel}","templated":true}]}}