{"id":1815,"date":"2023-08-11T08:54:00","date_gmt":"2023-08-11T08:54:00","guid":{"rendered":"https:\/\/www.doldrumsbv.nl\/?page_id=1815"},"modified":"2025-02-04T09:48:05","modified_gmt":"2025-02-04T09:48:05","slug":"maicel-konijnendijk","status":"publish","type":"page","link":"https:\/\/www.doldrumsbv.nl\/de\/team\/maicel-konijnendijk\/","title":{"rendered":"Maicel Konijnendijk"},"content":{"rendered":"<p>Nach Vollendung der Maritimen \/ Industriellen Ausbildung auf der Seemannsakademie in Vlissingen, trat Maicel in 1997 einem Inspektionsunternehmen im maritimen und Offshore-Industrie bei.<\/p>\n<p>In den folgenden 10 Jahren hat Maicel sich spezialisiert in Begutachtung von Konservierung \/ Korrosion, Schiffsneubau \/ Reparaturbegleitung und NDT (Non-Destructive Testing) Besichtigungen.<\/p>\n<p>Er war w\u00e4hrend 9 Jahren Werkleiter der Marineabteilung und war verantwortlich f\u00fcr ein Team von 40 Mitarbeiter.<\/p>\n<p>In 2015 hat er den \u00dcbergang zu der Sachverst\u00e4ndigenwelt gemacht, wo er seitdem viele Erfahrungen gesammelt hat als Maritim und Technisch Sachverst\u00e4ndiger.<\/p>\n<p>Ab dem 1. Augustus 2023 verst\u00e4rkt Maicel unseres Team.<\/p>\n<p>&nbsp;<\/p>\n<h3>St\u00e4rken Maicel<\/h3>\n<p>&nbsp;<\/p>\n<ul>\n<li>Kasko und Maschinen Begutachtung von Binnenschiffen und Jachten<\/li>\n<li>Allgemeine Schiffsbau, Off-shore Konstruktionen, Kr\u00e4ne und Technische Anlagen<\/li>\n<li>Untersuchungen von maritimen Unf\u00e4lle<\/li>\n<li>Non-Destructive Testing (UTM\/UT\/MT\/PT\/VT)<\/li>\n<li>Konservierung \/ Korrosion &#8211; Begutachtung<\/li>\n<li>Bevollm\u00e4chtigter Sachverst\u00e4ndiger f\u00fcr Untersuchungen von Binnenschiffen f\u00fcr die Schiffsuntersuchungskommission (SUK)<\/li>\n<li>Bevollm\u00e4chtigter Sachverst\u00e4ndiger f\u00fcr Schadensverh\u00fctungsuntersuchungen an Binnenschiffe.<\/li>\n<\/ul>\n<p>&nbsp;<\/p>\n<h3>Weitere F\u00e4higkeiten<\/h3>\n<p>&nbsp;<\/p>\n<ul>\n<li>Registrierter Experte, eingeschrieben beim NIVRE<\/li>\n<li>IVR Sachverst\u00e4ndiger f\u00fcr SPO Schadensverh\u00fctungsuntersuchungen<\/li>\n<li>NBKB Sachverst\u00e4ndiger f\u00fcr Untersuchungen von Binnenschiffen f\u00fcr die Niederl\u00e4ndische Schiffs-Untersuchungs-Kommission (ILT).<\/li>\n<\/ul>\n","protected":false},"excerpt":{"rendered":"<p>Nach Vollendung der Maritimen \/ Industriellen Ausbildung auf der Seemannsakademie in Vlissingen, trat Maicel in 1997 einem Inspektionsunternehmen im maritimen und Offshore-Industrie bei. In den folgenden 10 Jahren hat Maicel sich spezialisiert in Begutachtung von Konservierung \/ Korrosion, Schiffsneubau \/ Reparaturbegleitung und NDT (Non-Destructive Testing) Besichtigungen. Er war w\u00e4hrend 9 Jahren Werkleiter der Marineabteilung und [&hellip;]<\/p>\n","protected":false},"author":2,"featured_media":0,"parent":112,"menu_order":0,"comment_status":"closed","ping_status":"closed","template":"","meta":{"_acf_changed":false,"footnotes":""},"class_list":["post-1815","page","type-page","status-publish","hentry"],"acf":[],"yoast_head":"<!-- This site is optimized with the Yoast SEO plugin v27.4 - https:\/\/yoast.com\/product\/yoast-seo-wordpress\/ -->\n<title>Maicel Konijnendijk - Doldrums<\/title>\n<meta name=\"robots\" content=\"index, follow, max-snippet:-1, max-image-preview:large, max-video-preview:-1\" \/>\n<link rel=\"canonical\" href=\"https:\/\/www.doldrumsbv.nl\/de\/team\/maicel-konijnendijk\/\" \/>\n<meta property=\"og:locale\" content=\"de_DE\" \/>\n<meta property=\"og:type\" content=\"article\" \/>\n<meta property=\"og:title\" content=\"Maicel Konijnendijk - Doldrums\" \/>\n<meta property=\"og:description\" content=\"Nach Vollendung der Maritimen \/ Industriellen Ausbildung auf der Seemannsakademie in Vlissingen, trat Maicel in 1997 einem Inspektionsunternehmen im maritimen und Offshore-Industrie bei. In den folgenden 10 Jahren hat Maicel sich spezialisiert in Begutachtung von Konservierung \/ Korrosion, Schiffsneubau \/ Reparaturbegleitung und NDT (Non-Destructive Testing) Besichtigungen. Er war w\u00e4hrend 9 Jahren Werkleiter der Marineabteilung und [&hellip;]\" \/>\n<meta property=\"og:url\" content=\"https:\/\/www.doldrumsbv.nl\/de\/team\/maicel-konijnendijk\/\" \/>\n<meta property=\"og:site_name\" content=\"Doldrums\" \/>\n<meta property=\"article:modified_time\" content=\"2025-02-04T09:48:05+00:00\" \/>\n<meta name=\"twitter:label1\" content=\"Gesch\u00e4tzte Lesezeit\" \/>\n\t<meta name=\"twitter:data1\" content=\"1\u00a0Minute\" \/>\n<script type=\"application\/ld+json\" class=\"yoast-schema-graph\">{\"@context\":\"https:\\\/\\\/schema.org\",\"@graph\":[{\"@type\":\"WebPage\",\"@id\":\"https:\\\/\\\/www.doldrumsbv.nl\\\/de\\\/team\\\/maicel-konijnendijk\\\/\",\"url\":\"https:\\\/\\\/www.doldrumsbv.nl\\\/de\\\/team\\\/maicel-konijnendijk\\\/\",\"name\":\"Maicel Konijnendijk - Doldrums\",\"isPartOf\":{\"@id\":\"https:\\\/\\\/www.doldrumsbv.nl\\\/#website\"},\"datePublished\":\"2023-08-11T08:54:00+00:00\",\"dateModified\":\"2025-02-04T09:48:05+00:00\",\"breadcrumb\":{\"@id\":\"https:\\\/\\\/www.doldrumsbv.nl\\\/de\\\/team\\\/maicel-konijnendijk\\\/#breadcrumb\"},\"inLanguage\":\"de\",\"potentialAction\":[{\"@type\":\"ReadAction\",\"target\":[\"https:\\\/\\\/www.doldrumsbv.nl\\\/de\\\/team\\\/maicel-konijnendijk\\\/\"]}]},{\"@type\":\"BreadcrumbList\",\"@id\":\"https:\\\/\\\/www.doldrumsbv.nl\\\/de\\\/team\\\/maicel-konijnendijk\\\/#breadcrumb\",\"itemListElement\":[{\"@type\":\"ListItem\",\"position\":1,\"name\":\"Home\",\"item\":\"https:\\\/\\\/www.doldrumsbv.nl\\\/de\\\/\"},{\"@type\":\"ListItem\",\"position\":2,\"name\":\"Team\",\"item\":\"https:\\\/\\\/www.doldrumsbv.nl\\\/de\\\/team\\\/\"},{\"@type\":\"ListItem\",\"position\":3,\"name\":\"Maicel Konijnendijk\"}]},{\"@type\":\"WebSite\",\"@id\":\"https:\\\/\\\/www.doldrumsbv.nl\\\/#website\",\"url\":\"https:\\\/\\\/www.doldrumsbv.nl\\\/\",\"name\":\"Doldrums\",\"description\":\"Marine &amp; Technical Surveyors\",\"potentialAction\":[{\"@type\":\"SearchAction\",\"target\":{\"@type\":\"EntryPoint\",\"urlTemplate\":\"https:\\\/\\\/www.doldrumsbv.nl\\\/?s={search_term_string}\"},\"query-input\":{\"@type\":\"PropertyValueSpecification\",\"valueRequired\":true,\"valueName\":\"search_term_string\"}}],\"inLanguage\":\"de\"}]}<\/script>\n<!-- \/ Yoast SEO plugin. -->","yoast_head_json":{"title":"Maicel Konijnendijk - Doldrums","robots":{"index":"index","follow":"follow","max-snippet":"max-snippet:-1","max-image-preview":"max-image-preview:large","max-video-preview":"max-video-preview:-1"},"canonical":"https:\/\/www.doldrumsbv.nl\/de\/team\/maicel-konijnendijk\/","og_locale":"de_DE","og_type":"article","og_title":"Maicel Konijnendijk - Doldrums","og_description":"Nach Vollendung der Maritimen \/ Industriellen Ausbildung auf der Seemannsakademie in Vlissingen, trat Maicel in 1997 einem Inspektionsunternehmen im maritimen und Offshore-Industrie bei. In den folgenden 10 Jahren hat Maicel sich spezialisiert in Begutachtung von Konservierung \/ Korrosion, Schiffsneubau \/ Reparaturbegleitung und NDT (Non-Destructive Testing) Besichtigungen. Er war w\u00e4hrend 9 Jahren Werkleiter der Marineabteilung und [&hellip;]","og_url":"https:\/\/www.doldrumsbv.nl\/de\/team\/maicel-konijnendijk\/","og_site_name":"Doldrums","article_modified_time":"2025-02-04T09:48:05+00:00","twitter_misc":{"Gesch\u00e4tzte Lesezeit":"1\u00a0Minute"},"schema":{"@context":"https:\/\/schema.org","@graph":[{"@type":"WebPage","@id":"https:\/\/www.doldrumsbv.nl\/de\/team\/maicel-konijnendijk\/","url":"https:\/\/www.doldrumsbv.nl\/de\/team\/maicel-konijnendijk\/","name":"Maicel Konijnendijk - Doldrums","isPartOf":{"@id":"https:\/\/www.doldrumsbv.nl\/#website"},"datePublished":"2023-08-11T08:54:00+00:00","dateModified":"2025-02-04T09:48:05+00:00","breadcrumb":{"@id":"https:\/\/www.doldrumsbv.nl\/de\/team\/maicel-konijnendijk\/#breadcrumb"},"inLanguage":"de","potentialAction":[{"@type":"ReadAction","target":["https:\/\/www.doldrumsbv.nl\/de\/team\/maicel-konijnendijk\/"]}]},{"@type":"BreadcrumbList","@id":"https:\/\/www.doldrumsbv.nl\/de\/team\/maicel-konijnendijk\/#breadcrumb","itemListElement":[{"@type":"ListItem","position":1,"name":"Home","item":"https:\/\/www.doldrumsbv.nl\/de\/"},{"@type":"ListItem","position":2,"name":"Team","item":"https:\/\/www.doldrumsbv.nl\/de\/team\/"},{"@type":"ListItem","position":3,"name":"Maicel Konijnendijk"}]},{"@type":"WebSite","@id":"https:\/\/www.doldrumsbv.nl\/#website","url":"https:\/\/www.doldrumsbv.nl\/","name":"Doldrums","description":"Marine &amp; Technical Surveyors","potentialAction":[{"@type":"SearchAction","target":{"@type":"EntryPoint","urlTemplate":"https:\/\/www.doldrumsbv.nl\/?s={search_term_string}"},"query-input":{"@type":"PropertyValueSpecification","valueRequired":true,"valueName":"search_term_string"}}],"inLanguage":"de"}]}},"_links":{"self":[{"href":"https:\/\/www.doldrumsbv.nl\/de\/wp-json\/wp\/v2\/pages\/1815","targetHints":{"allow":["GET"]}}],"collection":[{"href":"https:\/\/www.doldrumsbv.nl\/de\/wp-json\/wp\/v2\/pages"}],"about":[{"href":"https:\/\/www.doldrumsbv.nl\/de\/wp-json\/wp\/v2\/types\/page"}],"author":[{"embeddable":true,"href":"https:\/\/www.doldrumsbv.nl\/de\/wp-json\/wp\/v2\/users\/2"}],"replies":[{"embeddable":true,"href":"https:\/\/www.doldrumsbv.nl\/de\/wp-json\/wp\/v2\/comments?post=1815"}],"version-history":[{"count":8,"href":"https:\/\/www.doldrumsbv.nl\/de\/wp-json\/wp\/v2\/pages\/1815\/revisions"}],"predecessor-version":[{"id":1910,"href":"https:\/\/www.doldrumsbv.nl\/de\/wp-json\/wp\/v2\/pages\/1815\/revisions\/1910"}],"up":[{"embeddable":true,"href":"https:\/\/www.doldrumsbv.nl\/de\/wp-json\/wp\/v2\/pages\/112"}],"wp:attachment":[{"href":"https:\/\/www.doldrumsbv.nl\/de\/wp-json\/wp\/v2\/media?parent=1815"}],"curies":[{"name":"wp","href":"https:\/\/api.w.org\/{rel}","templated":true}]}}