{"id":1650,"date":"2021-03-25T15:46:20","date_gmt":"2021-03-25T15:46:20","guid":{"rendered":"https:\/\/www.doldrumsbv.nl\/team\/rob-schipper\/"},"modified":"2021-03-25T16:31:20","modified_gmt":"2021-03-25T16:31:20","slug":"rob-schipper","status":"publish","type":"page","link":"https:\/\/www.doldrumsbv.nl\/de\/team\/rob-schipper\/","title":{"rendered":"Rob Schipper"},"content":{"rendered":"<p>Rob Schipper war, nach seiner technischen Ausbildung bei der K\u00f6niglichen Marine, 11 Jahre t\u00e4tig auf die niederl\u00e4ndische U-Bootflotte. Er war sowohl Projektleiter als auch Hauptmaschinist.<\/p>\n<p>Im Jahr 1998 ist er zu der Handelsschifffahrt gewechselt und hat als Hauptmaschinist auf Tankschiffen gefahren. Anschlie\u00dfend hat er als Technischer Inspektor bei der gleichen Rederei gearbeitet.<\/p>\n<p>Von 2006 bis 2013 war er t\u00e4tig bei einem Ingenieurs- und Schiffssachverst\u00e4ndigenb\u00fcro in Rotterdam.<\/p>\n<p>In der Periode von 2013 bis 2021 hat er verschiedene Managementposten bekleidet, unter anderem Manager Schiffsmanagement bei einer niederl\u00e4ndischen Tankerrederei und Technischer Direktor bei einer Rederei in Hong Kong.<\/p>\n<p>Ab 1. M\u00e4rz 2021 ist Rob zu der Schiffssachverst\u00e4ndigenwelt zur\u00fcckgekehrt und sind wir sehr froh dass er das Doldrums Team verst\u00e4rkt.<\/p>\n<p>&nbsp;<\/p>\n<h3><b>St\u00e4rken Rob Schipper<\/b><\/h3>\n<p>&nbsp;<\/p>\n<ul>\n<li>Kasko und Maschinen Begutachtung in weitesten Sinne;<\/li>\n<li>Beratung zu Reparaturfragst\u00fccken hinsichtlich Schiffsbau, technischen Anlagen und Werkzeugen;<\/li>\n<li>Technische Untersuchungen von Schadensursachen;<\/li>\n<li>Besichtigungen zur Ein- und Ausmietung von Kaskos und Maschinen.<\/li>\n<li>Vorbesichtigungen (Akzeptanz) f\u00fcr Kasko-, Maschinen- und P&amp;I Versicherer.<\/li>\n<li>Reparatur- und Neubauaufsicht Seeschiffe (Superintendency).<\/li>\n<li>Projektmanagement und Betreuung.<\/li>\n<li>Zustandsbesichtigungen zu Ankauf und Verkauf von Binnen- und Seeschiffe.<\/li>\n<\/ul>\n<p>&nbsp;<\/p>\n<h3><b>Mitgliedschaften<\/b><\/h3>\n<p>&nbsp;<\/p>\n<ul>\n<li>Koninklijke Nederlandse Vereniging van Technici op Scheepvaartgebied.<\/li>\n<\/ul>\n","protected":false},"excerpt":{"rendered":"<p>Rob Schipper war, nach seiner technischen Ausbildung bei der K\u00f6niglichen Marine, 11 Jahre t\u00e4tig auf die niederl\u00e4ndische U-Bootflotte. Er war sowohl Projektleiter als auch Hauptmaschinist. Im Jahr 1998 ist er zu der Handelsschifffahrt gewechselt und hat als Hauptmaschinist auf Tankschiffen gefahren. Anschlie\u00dfend hat er als Technischer Inspektor bei der gleichen Rederei gearbeitet. Von 2006 bis [&hellip;]<\/p>\n","protected":false},"author":2,"featured_media":0,"parent":112,"menu_order":0,"comment_status":"closed","ping_status":"closed","template":"","meta":{"_acf_changed":false,"footnotes":""},"class_list":["post-1650","page","type-page","status-publish","hentry"],"acf":[],"yoast_head":"<!-- This site is optimized with the Yoast SEO plugin v27.4 - https:\/\/yoast.com\/product\/yoast-seo-wordpress\/ -->\n<title>Rob Schipper - Doldrums<\/title>\n<meta name=\"robots\" content=\"index, follow, max-snippet:-1, max-image-preview:large, max-video-preview:-1\" \/>\n<link rel=\"canonical\" href=\"https:\/\/www.doldrumsbv.nl\/de\/team\/rob-schipper\/\" \/>\n<meta property=\"og:locale\" content=\"de_DE\" \/>\n<meta property=\"og:type\" content=\"article\" \/>\n<meta property=\"og:title\" content=\"Rob Schipper - Doldrums\" \/>\n<meta property=\"og:description\" content=\"Rob Schipper war, nach seiner technischen Ausbildung bei der K\u00f6niglichen Marine, 11 Jahre t\u00e4tig auf die niederl\u00e4ndische U-Bootflotte. Er war sowohl Projektleiter als auch Hauptmaschinist. Im Jahr 1998 ist er zu der Handelsschifffahrt gewechselt und hat als Hauptmaschinist auf Tankschiffen gefahren. Anschlie\u00dfend hat er als Technischer Inspektor bei der gleichen Rederei gearbeitet. Von 2006 bis [&hellip;]\" \/>\n<meta property=\"og:url\" content=\"https:\/\/www.doldrumsbv.nl\/de\/team\/rob-schipper\/\" \/>\n<meta property=\"og:site_name\" content=\"Doldrums\" \/>\n<meta property=\"article:modified_time\" content=\"2021-03-25T16:31:20+00:00\" \/>\n<meta name=\"twitter:label1\" content=\"Gesch\u00e4tzte Lesezeit\" \/>\n\t<meta name=\"twitter:data1\" content=\"1\u00a0Minute\" \/>\n<script type=\"application\/ld+json\" class=\"yoast-schema-graph\">{\"@context\":\"https:\\\/\\\/schema.org\",\"@graph\":[{\"@type\":\"WebPage\",\"@id\":\"https:\\\/\\\/www.doldrumsbv.nl\\\/de\\\/team\\\/rob-schipper\\\/\",\"url\":\"https:\\\/\\\/www.doldrumsbv.nl\\\/de\\\/team\\\/rob-schipper\\\/\",\"name\":\"Rob Schipper - Doldrums\",\"isPartOf\":{\"@id\":\"https:\\\/\\\/www.doldrumsbv.nl\\\/#website\"},\"datePublished\":\"2021-03-25T15:46:20+00:00\",\"dateModified\":\"2021-03-25T16:31:20+00:00\",\"breadcrumb\":{\"@id\":\"https:\\\/\\\/www.doldrumsbv.nl\\\/de\\\/team\\\/rob-schipper\\\/#breadcrumb\"},\"inLanguage\":\"de\",\"potentialAction\":[{\"@type\":\"ReadAction\",\"target\":[\"https:\\\/\\\/www.doldrumsbv.nl\\\/de\\\/team\\\/rob-schipper\\\/\"]}]},{\"@type\":\"BreadcrumbList\",\"@id\":\"https:\\\/\\\/www.doldrumsbv.nl\\\/de\\\/team\\\/rob-schipper\\\/#breadcrumb\",\"itemListElement\":[{\"@type\":\"ListItem\",\"position\":1,\"name\":\"Home\",\"item\":\"https:\\\/\\\/www.doldrumsbv.nl\\\/de\\\/\"},{\"@type\":\"ListItem\",\"position\":2,\"name\":\"Team\",\"item\":\"https:\\\/\\\/www.doldrumsbv.nl\\\/de\\\/team\\\/\"},{\"@type\":\"ListItem\",\"position\":3,\"name\":\"Rob Schipper\"}]},{\"@type\":\"WebSite\",\"@id\":\"https:\\\/\\\/www.doldrumsbv.nl\\\/#website\",\"url\":\"https:\\\/\\\/www.doldrumsbv.nl\\\/\",\"name\":\"Doldrums\",\"description\":\"Marine &amp; Technical Surveyors\",\"potentialAction\":[{\"@type\":\"SearchAction\",\"target\":{\"@type\":\"EntryPoint\",\"urlTemplate\":\"https:\\\/\\\/www.doldrumsbv.nl\\\/?s={search_term_string}\"},\"query-input\":{\"@type\":\"PropertyValueSpecification\",\"valueRequired\":true,\"valueName\":\"search_term_string\"}}],\"inLanguage\":\"de\"}]}<\/script>\n<!-- \/ Yoast SEO plugin. -->","yoast_head_json":{"title":"Rob Schipper - Doldrums","robots":{"index":"index","follow":"follow","max-snippet":"max-snippet:-1","max-image-preview":"max-image-preview:large","max-video-preview":"max-video-preview:-1"},"canonical":"https:\/\/www.doldrumsbv.nl\/de\/team\/rob-schipper\/","og_locale":"de_DE","og_type":"article","og_title":"Rob Schipper - Doldrums","og_description":"Rob Schipper war, nach seiner technischen Ausbildung bei der K\u00f6niglichen Marine, 11 Jahre t\u00e4tig auf die niederl\u00e4ndische U-Bootflotte. Er war sowohl Projektleiter als auch Hauptmaschinist. Im Jahr 1998 ist er zu der Handelsschifffahrt gewechselt und hat als Hauptmaschinist auf Tankschiffen gefahren. Anschlie\u00dfend hat er als Technischer Inspektor bei der gleichen Rederei gearbeitet. Von 2006 bis [&hellip;]","og_url":"https:\/\/www.doldrumsbv.nl\/de\/team\/rob-schipper\/","og_site_name":"Doldrums","article_modified_time":"2021-03-25T16:31:20+00:00","twitter_misc":{"Gesch\u00e4tzte Lesezeit":"1\u00a0Minute"},"schema":{"@context":"https:\/\/schema.org","@graph":[{"@type":"WebPage","@id":"https:\/\/www.doldrumsbv.nl\/de\/team\/rob-schipper\/","url":"https:\/\/www.doldrumsbv.nl\/de\/team\/rob-schipper\/","name":"Rob Schipper - Doldrums","isPartOf":{"@id":"https:\/\/www.doldrumsbv.nl\/#website"},"datePublished":"2021-03-25T15:46:20+00:00","dateModified":"2021-03-25T16:31:20+00:00","breadcrumb":{"@id":"https:\/\/www.doldrumsbv.nl\/de\/team\/rob-schipper\/#breadcrumb"},"inLanguage":"de","potentialAction":[{"@type":"ReadAction","target":["https:\/\/www.doldrumsbv.nl\/de\/team\/rob-schipper\/"]}]},{"@type":"BreadcrumbList","@id":"https:\/\/www.doldrumsbv.nl\/de\/team\/rob-schipper\/#breadcrumb","itemListElement":[{"@type":"ListItem","position":1,"name":"Home","item":"https:\/\/www.doldrumsbv.nl\/de\/"},{"@type":"ListItem","position":2,"name":"Team","item":"https:\/\/www.doldrumsbv.nl\/de\/team\/"},{"@type":"ListItem","position":3,"name":"Rob Schipper"}]},{"@type":"WebSite","@id":"https:\/\/www.doldrumsbv.nl\/#website","url":"https:\/\/www.doldrumsbv.nl\/","name":"Doldrums","description":"Marine &amp; Technical Surveyors","potentialAction":[{"@type":"SearchAction","target":{"@type":"EntryPoint","urlTemplate":"https:\/\/www.doldrumsbv.nl\/?s={search_term_string}"},"query-input":{"@type":"PropertyValueSpecification","valueRequired":true,"valueName":"search_term_string"}}],"inLanguage":"de"}]}},"_links":{"self":[{"href":"https:\/\/www.doldrumsbv.nl\/de\/wp-json\/wp\/v2\/pages\/1650","targetHints":{"allow":["GET"]}}],"collection":[{"href":"https:\/\/www.doldrumsbv.nl\/de\/wp-json\/wp\/v2\/pages"}],"about":[{"href":"https:\/\/www.doldrumsbv.nl\/de\/wp-json\/wp\/v2\/types\/page"}],"author":[{"embeddable":true,"href":"https:\/\/www.doldrumsbv.nl\/de\/wp-json\/wp\/v2\/users\/2"}],"replies":[{"embeddable":true,"href":"https:\/\/www.doldrumsbv.nl\/de\/wp-json\/wp\/v2\/comments?post=1650"}],"version-history":[{"count":3,"href":"https:\/\/www.doldrumsbv.nl\/de\/wp-json\/wp\/v2\/pages\/1650\/revisions"}],"predecessor-version":[{"id":1659,"href":"https:\/\/www.doldrumsbv.nl\/de\/wp-json\/wp\/v2\/pages\/1650\/revisions\/1659"}],"up":[{"embeddable":true,"href":"https:\/\/www.doldrumsbv.nl\/de\/wp-json\/wp\/v2\/pages\/112"}],"wp:attachment":[{"href":"https:\/\/www.doldrumsbv.nl\/de\/wp-json\/wp\/v2\/media?parent=1650"}],"curies":[{"name":"wp","href":"https:\/\/api.w.org\/{rel}","templated":true}]}}