{"id":1346,"date":"2014-09-03T14:50:05","date_gmt":"2014-09-03T14:50:05","guid":{"rendered":"https:\/\/www.doldrumsbv.nl\/?page_id=1346"},"modified":"2015-06-05T11:55:16","modified_gmt":"2015-06-05T11:55:16","slug":"mareen-gouw-de","status":"publish","type":"page","link":"https:\/\/www.doldrumsbv.nl\/de\/team\/mareen-gouw-de\/","title":{"rendered":"Marleen Gouw"},"content":{"rendered":"<p>Marleen\u00a0hat, nach der mittleren Handelsschule (MEAO)\u00a0und der Marketing Ausbildung NIMA-A\/B, seit 1993 haupts\u00e4chlich gearbeitet als Notarangestellte, wobei Sie zust\u00e4ndig war f\u00fcr alle vorkommenden administrativen Arbeite, die Korrespondenz und die Pflege von Kundenkontakten.<\/p>\n<p>Vom 1. Juni 2015\u00a0an, ist Marleen bei uns t\u00e4tig als Sekret\u00e4rin.<\/p>\n<p>&nbsp;<\/p>\n","protected":false},"excerpt":{"rendered":"<p>Marleen\u00a0hat, nach der mittleren Handelsschule (MEAO)\u00a0und der Marketing Ausbildung NIMA-A\/B, seit 1993 haupts\u00e4chlich gearbeitet als Notarangestellte, wobei Sie zust\u00e4ndig war f\u00fcr alle vorkommenden administrativen Arbeite, die Korrespondenz und die Pflege von Kundenkontakten. Vom 1. Juni 2015\u00a0an, ist Marleen bei uns t\u00e4tig als Sekret\u00e4rin. &nbsp;<\/p>\n","protected":false},"author":3,"featured_media":0,"parent":112,"menu_order":6,"comment_status":"open","ping_status":"open","template":"","meta":{"_acf_changed":false,"footnotes":""},"class_list":["post-1346","page","type-page","status-publish","hentry"],"acf":[],"yoast_head":"<!-- This site is optimized with the Yoast SEO plugin v27.4 - https:\/\/yoast.com\/product\/yoast-seo-wordpress\/ -->\n<title>Marleen Gouw - Doldrums<\/title>\n<meta name=\"description\" content=\"Celia hat in 1998 ihre Fachhochschulausbildung Design und Kommunikation vollendet. Seit den. 1 Juni 2014 ist Celia bei uns als Sekret\u00e4rin t\u00e4tig.\" \/>\n<meta name=\"robots\" content=\"index, follow, max-snippet:-1, max-image-preview:large, max-video-preview:-1\" \/>\n<link rel=\"canonical\" href=\"https:\/\/www.doldrumsbv.nl\/de\/team\/mareen-gouw-de\/\" \/>\n<meta property=\"og:locale\" content=\"de_DE\" \/>\n<meta property=\"og:type\" content=\"article\" \/>\n<meta property=\"og:title\" content=\"Marleen Gouw - Doldrums\" \/>\n<meta property=\"og:description\" content=\"Celia hat in 1998 ihre Fachhochschulausbildung Design und Kommunikation vollendet. Seit den. 1 Juni 2014 ist Celia bei uns als Sekret\u00e4rin t\u00e4tig.\" \/>\n<meta property=\"og:url\" content=\"https:\/\/www.doldrumsbv.nl\/de\/team\/mareen-gouw-de\/\" \/>\n<meta property=\"og:site_name\" content=\"Doldrums\" \/>\n<meta property=\"article:modified_time\" content=\"2015-06-05T11:55:16+00:00\" \/>\n<script type=\"application\/ld+json\" class=\"yoast-schema-graph\">{\"@context\":\"https:\\\/\\\/schema.org\",\"@graph\":[{\"@type\":\"WebPage\",\"@id\":\"https:\\\/\\\/www.doldrumsbv.nl\\\/de\\\/team\\\/mareen-gouw-de\\\/\",\"url\":\"https:\\\/\\\/www.doldrumsbv.nl\\\/de\\\/team\\\/mareen-gouw-de\\\/\",\"name\":\"Marleen Gouw - Doldrums\",\"isPartOf\":{\"@id\":\"https:\\\/\\\/www.doldrumsbv.nl\\\/#website\"},\"datePublished\":\"2014-09-03T14:50:05+00:00\",\"dateModified\":\"2015-06-05T11:55:16+00:00\",\"description\":\"Celia hat in 1998 ihre Fachhochschulausbildung Design und Kommunikation vollendet. Seit den. 1 Juni 2014 ist Celia bei uns als Sekret\u00e4rin t\u00e4tig.\",\"breadcrumb\":{\"@id\":\"https:\\\/\\\/www.doldrumsbv.nl\\\/de\\\/team\\\/mareen-gouw-de\\\/#breadcrumb\"},\"inLanguage\":\"de\",\"potentialAction\":[{\"@type\":\"ReadAction\",\"target\":[\"https:\\\/\\\/www.doldrumsbv.nl\\\/de\\\/team\\\/mareen-gouw-de\\\/\"]}]},{\"@type\":\"BreadcrumbList\",\"@id\":\"https:\\\/\\\/www.doldrumsbv.nl\\\/de\\\/team\\\/mareen-gouw-de\\\/#breadcrumb\",\"itemListElement\":[{\"@type\":\"ListItem\",\"position\":1,\"name\":\"Home\",\"item\":\"https:\\\/\\\/www.doldrumsbv.nl\\\/de\\\/\"},{\"@type\":\"ListItem\",\"position\":2,\"name\":\"Team\",\"item\":\"https:\\\/\\\/www.doldrumsbv.nl\\\/de\\\/team\\\/\"},{\"@type\":\"ListItem\",\"position\":3,\"name\":\"Marleen Gouw\"}]},{\"@type\":\"WebSite\",\"@id\":\"https:\\\/\\\/www.doldrumsbv.nl\\\/#website\",\"url\":\"https:\\\/\\\/www.doldrumsbv.nl\\\/\",\"name\":\"Doldrums\",\"description\":\"Marine &amp; Technical Surveyors\",\"potentialAction\":[{\"@type\":\"SearchAction\",\"target\":{\"@type\":\"EntryPoint\",\"urlTemplate\":\"https:\\\/\\\/www.doldrumsbv.nl\\\/?s={search_term_string}\"},\"query-input\":{\"@type\":\"PropertyValueSpecification\",\"valueRequired\":true,\"valueName\":\"search_term_string\"}}],\"inLanguage\":\"de\"}]}<\/script>\n<!-- \/ Yoast SEO plugin. -->","yoast_head_json":{"title":"Marleen Gouw - Doldrums","description":"Celia hat in 1998 ihre Fachhochschulausbildung Design und Kommunikation vollendet. Seit den. 1 Juni 2014 ist Celia bei uns als Sekret\u00e4rin t\u00e4tig.","robots":{"index":"index","follow":"follow","max-snippet":"max-snippet:-1","max-image-preview":"max-image-preview:large","max-video-preview":"max-video-preview:-1"},"canonical":"https:\/\/www.doldrumsbv.nl\/de\/team\/mareen-gouw-de\/","og_locale":"de_DE","og_type":"article","og_title":"Marleen Gouw - Doldrums","og_description":"Celia hat in 1998 ihre Fachhochschulausbildung Design und Kommunikation vollendet. Seit den. 1 Juni 2014 ist Celia bei uns als Sekret\u00e4rin t\u00e4tig.","og_url":"https:\/\/www.doldrumsbv.nl\/de\/team\/mareen-gouw-de\/","og_site_name":"Doldrums","article_modified_time":"2015-06-05T11:55:16+00:00","schema":{"@context":"https:\/\/schema.org","@graph":[{"@type":"WebPage","@id":"https:\/\/www.doldrumsbv.nl\/de\/team\/mareen-gouw-de\/","url":"https:\/\/www.doldrumsbv.nl\/de\/team\/mareen-gouw-de\/","name":"Marleen Gouw - Doldrums","isPartOf":{"@id":"https:\/\/www.doldrumsbv.nl\/#website"},"datePublished":"2014-09-03T14:50:05+00:00","dateModified":"2015-06-05T11:55:16+00:00","description":"Celia hat in 1998 ihre Fachhochschulausbildung Design und Kommunikation vollendet. Seit den. 1 Juni 2014 ist Celia bei uns als Sekret\u00e4rin t\u00e4tig.","breadcrumb":{"@id":"https:\/\/www.doldrumsbv.nl\/de\/team\/mareen-gouw-de\/#breadcrumb"},"inLanguage":"de","potentialAction":[{"@type":"ReadAction","target":["https:\/\/www.doldrumsbv.nl\/de\/team\/mareen-gouw-de\/"]}]},{"@type":"BreadcrumbList","@id":"https:\/\/www.doldrumsbv.nl\/de\/team\/mareen-gouw-de\/#breadcrumb","itemListElement":[{"@type":"ListItem","position":1,"name":"Home","item":"https:\/\/www.doldrumsbv.nl\/de\/"},{"@type":"ListItem","position":2,"name":"Team","item":"https:\/\/www.doldrumsbv.nl\/de\/team\/"},{"@type":"ListItem","position":3,"name":"Marleen Gouw"}]},{"@type":"WebSite","@id":"https:\/\/www.doldrumsbv.nl\/#website","url":"https:\/\/www.doldrumsbv.nl\/","name":"Doldrums","description":"Marine &amp; Technical Surveyors","potentialAction":[{"@type":"SearchAction","target":{"@type":"EntryPoint","urlTemplate":"https:\/\/www.doldrumsbv.nl\/?s={search_term_string}"},"query-input":{"@type":"PropertyValueSpecification","valueRequired":true,"valueName":"search_term_string"}}],"inLanguage":"de"}]}},"_links":{"self":[{"href":"https:\/\/www.doldrumsbv.nl\/de\/wp-json\/wp\/v2\/pages\/1346","targetHints":{"allow":["GET"]}}],"collection":[{"href":"https:\/\/www.doldrumsbv.nl\/de\/wp-json\/wp\/v2\/pages"}],"about":[{"href":"https:\/\/www.doldrumsbv.nl\/de\/wp-json\/wp\/v2\/types\/page"}],"author":[{"embeddable":true,"href":"https:\/\/www.doldrumsbv.nl\/de\/wp-json\/wp\/v2\/users\/3"}],"replies":[{"embeddable":true,"href":"https:\/\/www.doldrumsbv.nl\/de\/wp-json\/wp\/v2\/comments?post=1346"}],"version-history":[{"count":7,"href":"https:\/\/www.doldrumsbv.nl\/de\/wp-json\/wp\/v2\/pages\/1346\/revisions"}],"predecessor-version":[{"id":1415,"href":"https:\/\/www.doldrumsbv.nl\/de\/wp-json\/wp\/v2\/pages\/1346\/revisions\/1415"}],"up":[{"embeddable":true,"href":"https:\/\/www.doldrumsbv.nl\/de\/wp-json\/wp\/v2\/pages\/112"}],"wp:attachment":[{"href":"https:\/\/www.doldrumsbv.nl\/de\/wp-json\/wp\/v2\/media?parent=1346"}],"curies":[{"name":"wp","href":"https:\/\/api.w.org\/{rel}","templated":true}]}}