{"id":115,"date":"2013-10-28T20:24:43","date_gmt":"2013-10-28T20:24:43","guid":{"rendered":"https:\/\/www.doldrumsbv.nl\/?page_id=115"},"modified":"2014-07-16T16:02:36","modified_gmt":"2014-07-16T16:02:36","slug":"doldrums","status":"publish","type":"page","link":"https:\/\/www.doldrumsbv.nl\/de\/doldrums\/","title":{"rendered":"Doldrums"},"content":{"rendered":"<p>Doldrums ist ein junges unabh\u00e4ngiges Sachverst\u00e4ndigenb\u00fcro, mit erfahrenen nautischen und technischen Sachverst\u00e4ndigen, das eine Reihe von technischen maritimen Diensten anbietet.<\/p>\n<p>PROFESSIONALIT\u00c4T \u2013 vertrauensw\u00fcrdigkeit \u2013 NO NONSENSE \u2013 PROBLEMsl\u00f6send Orientiert sind die Kernworte, die unsere Dienstleistung kennzeichnen.<\/p>\n","protected":false},"excerpt":{"rendered":"<p>Doldrums ist ein junges unabh\u00e4ngiges Sachverst\u00e4ndigenb\u00fcro, mit erfahrenen nautischen und technischen Sachverst\u00e4ndigen, das eine Reihe von technischen maritimen Diensten anbietet. PROFESSIONALIT\u00c4T \u2013 vertrauensw\u00fcrdigkeit \u2013 NO NONSENSE \u2013 PROBLEMsl\u00f6send Orientiert sind die Kernworte, die unsere Dienstleistung kennzeichnen.<\/p>\n","protected":false},"author":2,"featured_media":0,"parent":0,"menu_order":0,"comment_status":"open","ping_status":"open","template":"","meta":{"_acf_changed":false,"footnotes":""},"class_list":["post-115","page","type-page","status-publish","hentry"],"acf":[],"yoast_head":"<!-- This site is optimized with the Yoast SEO plugin v27.4 - https:\/\/yoast.com\/product\/yoast-seo-wordpress\/ -->\n<title>Doldrums - Doldrums<\/title>\n<meta name=\"description\" content=\"Doldrums ist ein Sachverst\u00e4ndigenb\u00fcro, mit erfahrenen nautischen und technischen Sachverst\u00e4ndigen,das eine Reihe von technischen maritimen Diensten anbietet\" \/>\n<meta name=\"robots\" content=\"index, follow, max-snippet:-1, max-image-preview:large, max-video-preview:-1\" \/>\n<link rel=\"canonical\" href=\"https:\/\/www.doldrumsbv.nl\/de\/doldrums\/\" \/>\n<meta property=\"og:locale\" content=\"de_DE\" \/>\n<meta property=\"og:type\" content=\"article\" \/>\n<meta property=\"og:title\" content=\"Doldrums - Doldrums\" \/>\n<meta property=\"og:description\" content=\"Doldrums ist ein Sachverst\u00e4ndigenb\u00fcro, mit erfahrenen nautischen und technischen Sachverst\u00e4ndigen,das eine Reihe von technischen maritimen Diensten anbietet\" \/>\n<meta property=\"og:url\" content=\"https:\/\/www.doldrumsbv.nl\/de\/doldrums\/\" \/>\n<meta property=\"og:site_name\" content=\"Doldrums\" \/>\n<meta property=\"article:modified_time\" content=\"2014-07-16T16:02:36+00:00\" \/>\n<script type=\"application\/ld+json\" class=\"yoast-schema-graph\">{\"@context\":\"https:\\\/\\\/schema.org\",\"@graph\":[{\"@type\":\"WebPage\",\"@id\":\"https:\\\/\\\/www.doldrumsbv.nl\\\/de\\\/doldrums\\\/\",\"url\":\"https:\\\/\\\/www.doldrumsbv.nl\\\/de\\\/doldrums\\\/\",\"name\":\"Doldrums - Doldrums\",\"isPartOf\":{\"@id\":\"https:\\\/\\\/www.doldrumsbv.nl\\\/#website\"},\"datePublished\":\"2013-10-28T20:24:43+00:00\",\"dateModified\":\"2014-07-16T16:02:36+00:00\",\"description\":\"Doldrums ist ein Sachverst\u00e4ndigenb\u00fcro, mit erfahrenen nautischen und technischen Sachverst\u00e4ndigen,das eine Reihe von technischen maritimen Diensten anbietet\",\"breadcrumb\":{\"@id\":\"https:\\\/\\\/www.doldrumsbv.nl\\\/de\\\/doldrums\\\/#breadcrumb\"},\"inLanguage\":\"de\",\"potentialAction\":[{\"@type\":\"ReadAction\",\"target\":[\"https:\\\/\\\/www.doldrumsbv.nl\\\/de\\\/doldrums\\\/\"]}]},{\"@type\":\"BreadcrumbList\",\"@id\":\"https:\\\/\\\/www.doldrumsbv.nl\\\/de\\\/doldrums\\\/#breadcrumb\",\"itemListElement\":[{\"@type\":\"ListItem\",\"position\":1,\"name\":\"Home\",\"item\":\"https:\\\/\\\/www.doldrumsbv.nl\\\/de\\\/\"},{\"@type\":\"ListItem\",\"position\":2,\"name\":\"Doldrums\"}]},{\"@type\":\"WebSite\",\"@id\":\"https:\\\/\\\/www.doldrumsbv.nl\\\/#website\",\"url\":\"https:\\\/\\\/www.doldrumsbv.nl\\\/\",\"name\":\"Doldrums\",\"description\":\"Marine &amp; Technical Surveyors\",\"potentialAction\":[{\"@type\":\"SearchAction\",\"target\":{\"@type\":\"EntryPoint\",\"urlTemplate\":\"https:\\\/\\\/www.doldrumsbv.nl\\\/?s={search_term_string}\"},\"query-input\":{\"@type\":\"PropertyValueSpecification\",\"valueRequired\":true,\"valueName\":\"search_term_string\"}}],\"inLanguage\":\"de\"}]}<\/script>\n<!-- \/ Yoast SEO plugin. -->","yoast_head_json":{"title":"Doldrums - Doldrums","description":"Doldrums ist ein Sachverst\u00e4ndigenb\u00fcro, mit erfahrenen nautischen und technischen Sachverst\u00e4ndigen,das eine Reihe von technischen maritimen Diensten anbietet","robots":{"index":"index","follow":"follow","max-snippet":"max-snippet:-1","max-image-preview":"max-image-preview:large","max-video-preview":"max-video-preview:-1"},"canonical":"https:\/\/www.doldrumsbv.nl\/de\/doldrums\/","og_locale":"de_DE","og_type":"article","og_title":"Doldrums - Doldrums","og_description":"Doldrums ist ein Sachverst\u00e4ndigenb\u00fcro, mit erfahrenen nautischen und technischen Sachverst\u00e4ndigen,das eine Reihe von technischen maritimen Diensten anbietet","og_url":"https:\/\/www.doldrumsbv.nl\/de\/doldrums\/","og_site_name":"Doldrums","article_modified_time":"2014-07-16T16:02:36+00:00","schema":{"@context":"https:\/\/schema.org","@graph":[{"@type":"WebPage","@id":"https:\/\/www.doldrumsbv.nl\/de\/doldrums\/","url":"https:\/\/www.doldrumsbv.nl\/de\/doldrums\/","name":"Doldrums - Doldrums","isPartOf":{"@id":"https:\/\/www.doldrumsbv.nl\/#website"},"datePublished":"2013-10-28T20:24:43+00:00","dateModified":"2014-07-16T16:02:36+00:00","description":"Doldrums ist ein Sachverst\u00e4ndigenb\u00fcro, mit erfahrenen nautischen und technischen Sachverst\u00e4ndigen,das eine Reihe von technischen maritimen Diensten anbietet","breadcrumb":{"@id":"https:\/\/www.doldrumsbv.nl\/de\/doldrums\/#breadcrumb"},"inLanguage":"de","potentialAction":[{"@type":"ReadAction","target":["https:\/\/www.doldrumsbv.nl\/de\/doldrums\/"]}]},{"@type":"BreadcrumbList","@id":"https:\/\/www.doldrumsbv.nl\/de\/doldrums\/#breadcrumb","itemListElement":[{"@type":"ListItem","position":1,"name":"Home","item":"https:\/\/www.doldrumsbv.nl\/de\/"},{"@type":"ListItem","position":2,"name":"Doldrums"}]},{"@type":"WebSite","@id":"https:\/\/www.doldrumsbv.nl\/#website","url":"https:\/\/www.doldrumsbv.nl\/","name":"Doldrums","description":"Marine &amp; Technical Surveyors","potentialAction":[{"@type":"SearchAction","target":{"@type":"EntryPoint","urlTemplate":"https:\/\/www.doldrumsbv.nl\/?s={search_term_string}"},"query-input":{"@type":"PropertyValueSpecification","valueRequired":true,"valueName":"search_term_string"}}],"inLanguage":"de"}]}},"_links":{"self":[{"href":"https:\/\/www.doldrumsbv.nl\/de\/wp-json\/wp\/v2\/pages\/115","targetHints":{"allow":["GET"]}}],"collection":[{"href":"https:\/\/www.doldrumsbv.nl\/de\/wp-json\/wp\/v2\/pages"}],"about":[{"href":"https:\/\/www.doldrumsbv.nl\/de\/wp-json\/wp\/v2\/types\/page"}],"author":[{"embeddable":true,"href":"https:\/\/www.doldrumsbv.nl\/de\/wp-json\/wp\/v2\/users\/2"}],"replies":[{"embeddable":true,"href":"https:\/\/www.doldrumsbv.nl\/de\/wp-json\/wp\/v2\/comments?post=115"}],"version-history":[{"count":5,"href":"https:\/\/www.doldrumsbv.nl\/de\/wp-json\/wp\/v2\/pages\/115\/revisions"}],"predecessor-version":[{"id":1048,"href":"https:\/\/www.doldrumsbv.nl\/de\/wp-json\/wp\/v2\/pages\/115\/revisions\/1048"}],"wp:attachment":[{"href":"https:\/\/www.doldrumsbv.nl\/de\/wp-json\/wp\/v2\/media?parent=115"}],"curies":[{"name":"wp","href":"https:\/\/api.w.org\/{rel}","templated":true}]}}