{"id":1148,"date":"2014-07-28T14:00:57","date_gmt":"2014-07-28T14:00:57","guid":{"rendered":"https:\/\/www.doldrumsbv.nl\/?page_id=1148"},"modified":"2014-07-28T14:55:35","modified_gmt":"2014-07-28T14:55:35","slug":"corina-oorschot-de","status":"publish","type":"page","link":"https:\/\/www.doldrumsbv.nl\/de\/team\/corina-oorschot-de\/","title":{"rendered":"Corina Oorschot"},"content":{"rendered":"<p>Corina hat nach dem Gymnasium bei mehreren Firmen als Vorstands-Sekret\u00e4rin gearbeitet. In der Periode 1993 &#8211; 2011 ist sie Officemanager bei einem international orientierten Schiffsbaubetrieb gewesen und hat dadurch Affinit\u00e4t mit der Maritimen Wirtschaft.<br \/>\nSeit 2011 ist Corina Officemanager bei \u00a0Doldrums und ist zust\u00e4ndig f\u00fcr das Sekretariat, die Buchf\u00fchrung und darauf bezogene T\u00e4tigkeiten.<\/p>\n","protected":false},"excerpt":{"rendered":"<p>Corina hat nach dem Gymnasium bei mehreren Firmen als Vorstands-Sekret\u00e4rin gearbeitet. In der Periode 1993 &#8211; 2011 ist sie Officemanager bei einem international orientierten Schiffsbaubetrieb gewesen und hat dadurch Affinit\u00e4t mit der Maritimen Wirtschaft. Seit 2011 ist Corina Officemanager bei \u00a0Doldrums und ist zust\u00e4ndig f\u00fcr das Sekretariat, die Buchf\u00fchrung und darauf bezogene T\u00e4tigkeiten.<\/p>\n","protected":false},"author":2,"featured_media":0,"parent":112,"menu_order":5,"comment_status":"closed","ping_status":"closed","template":"","meta":{"_acf_changed":false,"footnotes":""},"class_list":["post-1148","page","type-page","status-publish","hentry"],"acf":[],"yoast_head":"<!-- This site is optimized with the Yoast SEO plugin v27.4 - https:\/\/yoast.com\/product\/yoast-seo-wordpress\/ -->\n<title>Corina Oorschot - Doldrums<\/title>\n<meta name=\"description\" content=\"Corina Oorschot ist Officemanager bei Doldrums und ist zust\u00e4ndig f\u00fcr das Sekretariat, die Buchf\u00fchrung und darauf bezogene T\u00e4tigkeiten.\" \/>\n<meta name=\"robots\" content=\"index, follow, max-snippet:-1, max-image-preview:large, max-video-preview:-1\" \/>\n<link rel=\"canonical\" href=\"https:\/\/www.doldrumsbv.nl\/de\/team\/corina-oorschot-de\/\" \/>\n<meta property=\"og:locale\" content=\"de_DE\" \/>\n<meta property=\"og:type\" content=\"article\" \/>\n<meta property=\"og:title\" content=\"Corina Oorschot - Doldrums\" \/>\n<meta property=\"og:description\" content=\"Corina Oorschot ist Officemanager bei Doldrums und ist zust\u00e4ndig f\u00fcr das Sekretariat, die Buchf\u00fchrung und darauf bezogene T\u00e4tigkeiten.\" \/>\n<meta property=\"og:url\" content=\"https:\/\/www.doldrumsbv.nl\/de\/team\/corina-oorschot-de\/\" \/>\n<meta property=\"og:site_name\" content=\"Doldrums\" \/>\n<meta property=\"article:modified_time\" content=\"2014-07-28T14:55:35+00:00\" \/>\n<script type=\"application\/ld+json\" class=\"yoast-schema-graph\">{\"@context\":\"https:\\\/\\\/schema.org\",\"@graph\":[{\"@type\":\"WebPage\",\"@id\":\"https:\\\/\\\/www.doldrumsbv.nl\\\/de\\\/team\\\/corina-oorschot-de\\\/\",\"url\":\"https:\\\/\\\/www.doldrumsbv.nl\\\/de\\\/team\\\/corina-oorschot-de\\\/\",\"name\":\"Corina Oorschot - Doldrums\",\"isPartOf\":{\"@id\":\"https:\\\/\\\/www.doldrumsbv.nl\\\/#website\"},\"datePublished\":\"2014-07-28T14:00:57+00:00\",\"dateModified\":\"2014-07-28T14:55:35+00:00\",\"description\":\"Corina Oorschot ist Officemanager bei Doldrums und ist zust\u00e4ndig f\u00fcr das Sekretariat, die Buchf\u00fchrung und darauf bezogene T\u00e4tigkeiten.\",\"breadcrumb\":{\"@id\":\"https:\\\/\\\/www.doldrumsbv.nl\\\/de\\\/team\\\/corina-oorschot-de\\\/#breadcrumb\"},\"inLanguage\":\"de\",\"potentialAction\":[{\"@type\":\"ReadAction\",\"target\":[\"https:\\\/\\\/www.doldrumsbv.nl\\\/de\\\/team\\\/corina-oorschot-de\\\/\"]}]},{\"@type\":\"BreadcrumbList\",\"@id\":\"https:\\\/\\\/www.doldrumsbv.nl\\\/de\\\/team\\\/corina-oorschot-de\\\/#breadcrumb\",\"itemListElement\":[{\"@type\":\"ListItem\",\"position\":1,\"name\":\"Home\",\"item\":\"https:\\\/\\\/www.doldrumsbv.nl\\\/de\\\/\"},{\"@type\":\"ListItem\",\"position\":2,\"name\":\"Team\",\"item\":\"https:\\\/\\\/www.doldrumsbv.nl\\\/de\\\/team\\\/\"},{\"@type\":\"ListItem\",\"position\":3,\"name\":\"Corina Oorschot\"}]},{\"@type\":\"WebSite\",\"@id\":\"https:\\\/\\\/www.doldrumsbv.nl\\\/#website\",\"url\":\"https:\\\/\\\/www.doldrumsbv.nl\\\/\",\"name\":\"Doldrums\",\"description\":\"Marine &amp; Technical Surveyors\",\"potentialAction\":[{\"@type\":\"SearchAction\",\"target\":{\"@type\":\"EntryPoint\",\"urlTemplate\":\"https:\\\/\\\/www.doldrumsbv.nl\\\/?s={search_term_string}\"},\"query-input\":{\"@type\":\"PropertyValueSpecification\",\"valueRequired\":true,\"valueName\":\"search_term_string\"}}],\"inLanguage\":\"de\"}]}<\/script>\n<!-- \/ Yoast SEO plugin. -->","yoast_head_json":{"title":"Corina Oorschot - Doldrums","description":"Corina Oorschot ist Officemanager bei Doldrums und ist zust\u00e4ndig f\u00fcr das Sekretariat, die Buchf\u00fchrung und darauf bezogene T\u00e4tigkeiten.","robots":{"index":"index","follow":"follow","max-snippet":"max-snippet:-1","max-image-preview":"max-image-preview:large","max-video-preview":"max-video-preview:-1"},"canonical":"https:\/\/www.doldrumsbv.nl\/de\/team\/corina-oorschot-de\/","og_locale":"de_DE","og_type":"article","og_title":"Corina Oorschot - Doldrums","og_description":"Corina Oorschot ist Officemanager bei Doldrums und ist zust\u00e4ndig f\u00fcr das Sekretariat, die Buchf\u00fchrung und darauf bezogene T\u00e4tigkeiten.","og_url":"https:\/\/www.doldrumsbv.nl\/de\/team\/corina-oorschot-de\/","og_site_name":"Doldrums","article_modified_time":"2014-07-28T14:55:35+00:00","schema":{"@context":"https:\/\/schema.org","@graph":[{"@type":"WebPage","@id":"https:\/\/www.doldrumsbv.nl\/de\/team\/corina-oorschot-de\/","url":"https:\/\/www.doldrumsbv.nl\/de\/team\/corina-oorschot-de\/","name":"Corina Oorschot - Doldrums","isPartOf":{"@id":"https:\/\/www.doldrumsbv.nl\/#website"},"datePublished":"2014-07-28T14:00:57+00:00","dateModified":"2014-07-28T14:55:35+00:00","description":"Corina Oorschot ist Officemanager bei Doldrums und ist zust\u00e4ndig f\u00fcr das Sekretariat, die Buchf\u00fchrung und darauf bezogene T\u00e4tigkeiten.","breadcrumb":{"@id":"https:\/\/www.doldrumsbv.nl\/de\/team\/corina-oorschot-de\/#breadcrumb"},"inLanguage":"de","potentialAction":[{"@type":"ReadAction","target":["https:\/\/www.doldrumsbv.nl\/de\/team\/corina-oorschot-de\/"]}]},{"@type":"BreadcrumbList","@id":"https:\/\/www.doldrumsbv.nl\/de\/team\/corina-oorschot-de\/#breadcrumb","itemListElement":[{"@type":"ListItem","position":1,"name":"Home","item":"https:\/\/www.doldrumsbv.nl\/de\/"},{"@type":"ListItem","position":2,"name":"Team","item":"https:\/\/www.doldrumsbv.nl\/de\/team\/"},{"@type":"ListItem","position":3,"name":"Corina Oorschot"}]},{"@type":"WebSite","@id":"https:\/\/www.doldrumsbv.nl\/#website","url":"https:\/\/www.doldrumsbv.nl\/","name":"Doldrums","description":"Marine &amp; Technical Surveyors","potentialAction":[{"@type":"SearchAction","target":{"@type":"EntryPoint","urlTemplate":"https:\/\/www.doldrumsbv.nl\/?s={search_term_string}"},"query-input":{"@type":"PropertyValueSpecification","valueRequired":true,"valueName":"search_term_string"}}],"inLanguage":"de"}]}},"_links":{"self":[{"href":"https:\/\/www.doldrumsbv.nl\/de\/wp-json\/wp\/v2\/pages\/1148","targetHints":{"allow":["GET"]}}],"collection":[{"href":"https:\/\/www.doldrumsbv.nl\/de\/wp-json\/wp\/v2\/pages"}],"about":[{"href":"https:\/\/www.doldrumsbv.nl\/de\/wp-json\/wp\/v2\/types\/page"}],"author":[{"embeddable":true,"href":"https:\/\/www.doldrumsbv.nl\/de\/wp-json\/wp\/v2\/users\/2"}],"replies":[{"embeddable":true,"href":"https:\/\/www.doldrumsbv.nl\/de\/wp-json\/wp\/v2\/comments?post=1148"}],"version-history":[{"count":2,"href":"https:\/\/www.doldrumsbv.nl\/de\/wp-json\/wp\/v2\/pages\/1148\/revisions"}],"predecessor-version":[{"id":1182,"href":"https:\/\/www.doldrumsbv.nl\/de\/wp-json\/wp\/v2\/pages\/1148\/revisions\/1182"}],"up":[{"embeddable":true,"href":"https:\/\/www.doldrumsbv.nl\/de\/wp-json\/wp\/v2\/pages\/112"}],"wp:attachment":[{"href":"https:\/\/www.doldrumsbv.nl\/de\/wp-json\/wp\/v2\/media?parent=1148"}],"curies":[{"name":"wp","href":"https:\/\/api.w.org\/{rel}","templated":true}]}}