{"id":1137,"date":"2014-07-28T13:41:40","date_gmt":"2014-07-28T13:41:40","guid":{"rendered":"https:\/\/www.doldrumsbv.nl\/?page_id=1137"},"modified":"2015-10-27T08:21:41","modified_gmt":"2015-10-27T08:21:41","slug":"niko-vos-de","status":"publish","type":"page","link":"https:\/\/www.doldrumsbv.nl\/de\/team\/niko-vos-de\/","title":{"rendered":"Niko Vos"},"content":{"rendered":"<p>Niko Vos ist nach der Schiffsing.-Schule in Utrecht ab 1982 auf verschiedenen kleinen und gro\u00dfen Handelsschiffen als Maschinist gefahren. Unter anderem auf Tankschiffen, Massengutschiffen und K\u00fchlschiffen. Anschlie\u00dfend hat er als Superintendent bei einer Ship Management Company gearbeitet. Ab 1992 war als Reaktor Techniker und Projekt Techniker bei einem Kernenergie Kraftwerk besch\u00e4ftigt. Daher r\u00fchrt seine breite Erfahrung in der Schifffahrt und Technik. In 1997 hat er sich der Sachverst\u00e4ndigen Welt angeschlossen und somit langj\u00e4hrige Erfahrung als maritimer und technischer Sachverst\u00e4ndiger sammeln k\u00f6nnen.<\/p>\n<h3>St\u00e4rken Niko<\/h3>\n<p>&nbsp;<\/p>\n<ul>\n<li>Kasko und Maschinen Begutachtung in weitesten Sinne.<\/li>\n<li>Bewertung von Maschinen und Maschinenanlagen.<\/li>\n<li>Begutachtung zu Reparaturen an Fahrzeugen, technischen Anlagen und Werkzeugen.<\/li>\n<li>Technische Untersuchungen von Schadensursachen komplizierter technischer Angelegenheiten.<\/li>\n<li>Besichtigungen zur Ein- und Ausmietung von Kaskos und Maschinen.<\/li>\n<li>Vorbesichtigungen f\u00fcr Kasko, Maschinen und P&amp;I Versicherer.<\/li>\n<li>Reparatur- und Neubauaufsicht Seeschiffe (Superintendency).<\/li>\n<li>Projektmanagement und Betreuung.<\/li>\n<li>Zustandsbesichtigungen zu Ankauf und Verkauf von Binnen- und Seeschiffe.<\/li>\n<\/ul>\n<p>&nbsp;<\/p>\n<h3>Weitere F\u00e4higkeiten<\/h3>\n<p>&nbsp;<\/p>\n<ul>\n<li>Maschinist Hochseeschiffe.<\/li>\n<\/ul>\n<p>&nbsp;<\/p>\n<h3>Mitgliedschaften<\/h3>\n<p>&nbsp;<\/p>\n<ul>\n<li>Assoziiertes Mitglied vom International Institute of Marine Surveyors (IIMS) in London.<\/li>\n<li>Koninklijke Nederlandse Vereniging van Technici op Scheepvaartgebied.<\/li>\n<\/ul>\n","protected":false},"excerpt":{"rendered":"<p>Niko Vos ist nach der Schiffsing.-Schule in Utrecht ab 1982 auf verschiedenen kleinen und gro\u00dfen Handelsschiffen als Maschinist gefahren. Unter anderem auf Tankschiffen, Massengutschiffen und K\u00fchlschiffen. Anschlie\u00dfend hat er als Superintendent bei einer Ship Management Company gearbeitet. Ab 1992 war als Reaktor Techniker und Projekt Techniker bei einem Kernenergie Kraftwerk besch\u00e4ftigt. Daher r\u00fchrt seine breite [&hellip;]<\/p>\n","protected":false},"author":2,"featured_media":0,"parent":112,"menu_order":0,"comment_status":"open","ping_status":"open","template":"","meta":{"_acf_changed":false,"footnotes":""},"class_list":["post-1137","page","type-page","status-publish","hentry"],"acf":[],"yoast_head":"<!-- This site is optimized with the Yoast SEO plugin v27.4 - https:\/\/yoast.com\/product\/yoast-seo-wordpress\/ -->\n<title>Niko Vos - Doldrums<\/title>\n<meta name=\"description\" content=\"Niko Vos ist Sachverst\u00e4ndiger und hat bis heute viel maritimen und technischen Sachverstand erworben.\" \/>\n<meta name=\"robots\" content=\"index, follow, max-snippet:-1, max-image-preview:large, max-video-preview:-1\" \/>\n<link rel=\"canonical\" href=\"https:\/\/www.doldrumsbv.nl\/de\/team\/niko-vos-de\/\" \/>\n<meta property=\"og:locale\" content=\"de_DE\" \/>\n<meta property=\"og:type\" content=\"article\" \/>\n<meta property=\"og:title\" content=\"Niko Vos - Doldrums\" \/>\n<meta property=\"og:description\" content=\"Niko Vos ist Sachverst\u00e4ndiger und hat bis heute viel maritimen und technischen Sachverstand erworben.\" \/>\n<meta property=\"og:url\" content=\"https:\/\/www.doldrumsbv.nl\/de\/team\/niko-vos-de\/\" \/>\n<meta property=\"og:site_name\" content=\"Doldrums\" \/>\n<meta property=\"article:modified_time\" content=\"2015-10-27T08:21:41+00:00\" \/>\n<meta name=\"twitter:label1\" content=\"Gesch\u00e4tzte Lesezeit\" \/>\n\t<meta name=\"twitter:data1\" content=\"1\u00a0Minute\" \/>\n<script type=\"application\/ld+json\" class=\"yoast-schema-graph\">{\"@context\":\"https:\\\/\\\/schema.org\",\"@graph\":[{\"@type\":\"WebPage\",\"@id\":\"https:\\\/\\\/www.doldrumsbv.nl\\\/de\\\/team\\\/niko-vos-de\\\/\",\"url\":\"https:\\\/\\\/www.doldrumsbv.nl\\\/de\\\/team\\\/niko-vos-de\\\/\",\"name\":\"Niko Vos - Doldrums\",\"isPartOf\":{\"@id\":\"https:\\\/\\\/www.doldrumsbv.nl\\\/#website\"},\"datePublished\":\"2014-07-28T13:41:40+00:00\",\"dateModified\":\"2015-10-27T08:21:41+00:00\",\"description\":\"Niko Vos ist Sachverst\u00e4ndiger und hat bis heute viel maritimen und technischen Sachverstand erworben.\",\"breadcrumb\":{\"@id\":\"https:\\\/\\\/www.doldrumsbv.nl\\\/de\\\/team\\\/niko-vos-de\\\/#breadcrumb\"},\"inLanguage\":\"de\",\"potentialAction\":[{\"@type\":\"ReadAction\",\"target\":[\"https:\\\/\\\/www.doldrumsbv.nl\\\/de\\\/team\\\/niko-vos-de\\\/\"]}]},{\"@type\":\"BreadcrumbList\",\"@id\":\"https:\\\/\\\/www.doldrumsbv.nl\\\/de\\\/team\\\/niko-vos-de\\\/#breadcrumb\",\"itemListElement\":[{\"@type\":\"ListItem\",\"position\":1,\"name\":\"Home\",\"item\":\"https:\\\/\\\/www.doldrumsbv.nl\\\/de\\\/\"},{\"@type\":\"ListItem\",\"position\":2,\"name\":\"Team\",\"item\":\"https:\\\/\\\/www.doldrumsbv.nl\\\/de\\\/team\\\/\"},{\"@type\":\"ListItem\",\"position\":3,\"name\":\"Niko Vos\"}]},{\"@type\":\"WebSite\",\"@id\":\"https:\\\/\\\/www.doldrumsbv.nl\\\/#website\",\"url\":\"https:\\\/\\\/www.doldrumsbv.nl\\\/\",\"name\":\"Doldrums\",\"description\":\"Marine &amp; Technical Surveyors\",\"potentialAction\":[{\"@type\":\"SearchAction\",\"target\":{\"@type\":\"EntryPoint\",\"urlTemplate\":\"https:\\\/\\\/www.doldrumsbv.nl\\\/?s={search_term_string}\"},\"query-input\":{\"@type\":\"PropertyValueSpecification\",\"valueRequired\":true,\"valueName\":\"search_term_string\"}}],\"inLanguage\":\"de\"}]}<\/script>\n<!-- \/ Yoast SEO plugin. -->","yoast_head_json":{"title":"Niko Vos - Doldrums","description":"Niko Vos ist Sachverst\u00e4ndiger und hat bis heute viel maritimen und technischen Sachverstand erworben.","robots":{"index":"index","follow":"follow","max-snippet":"max-snippet:-1","max-image-preview":"max-image-preview:large","max-video-preview":"max-video-preview:-1"},"canonical":"https:\/\/www.doldrumsbv.nl\/de\/team\/niko-vos-de\/","og_locale":"de_DE","og_type":"article","og_title":"Niko Vos - Doldrums","og_description":"Niko Vos ist Sachverst\u00e4ndiger und hat bis heute viel maritimen und technischen Sachverstand erworben.","og_url":"https:\/\/www.doldrumsbv.nl\/de\/team\/niko-vos-de\/","og_site_name":"Doldrums","article_modified_time":"2015-10-27T08:21:41+00:00","twitter_misc":{"Gesch\u00e4tzte Lesezeit":"1\u00a0Minute"},"schema":{"@context":"https:\/\/schema.org","@graph":[{"@type":"WebPage","@id":"https:\/\/www.doldrumsbv.nl\/de\/team\/niko-vos-de\/","url":"https:\/\/www.doldrumsbv.nl\/de\/team\/niko-vos-de\/","name":"Niko Vos - Doldrums","isPartOf":{"@id":"https:\/\/www.doldrumsbv.nl\/#website"},"datePublished":"2014-07-28T13:41:40+00:00","dateModified":"2015-10-27T08:21:41+00:00","description":"Niko Vos ist Sachverst\u00e4ndiger und hat bis heute viel maritimen und technischen Sachverstand erworben.","breadcrumb":{"@id":"https:\/\/www.doldrumsbv.nl\/de\/team\/niko-vos-de\/#breadcrumb"},"inLanguage":"de","potentialAction":[{"@type":"ReadAction","target":["https:\/\/www.doldrumsbv.nl\/de\/team\/niko-vos-de\/"]}]},{"@type":"BreadcrumbList","@id":"https:\/\/www.doldrumsbv.nl\/de\/team\/niko-vos-de\/#breadcrumb","itemListElement":[{"@type":"ListItem","position":1,"name":"Home","item":"https:\/\/www.doldrumsbv.nl\/de\/"},{"@type":"ListItem","position":2,"name":"Team","item":"https:\/\/www.doldrumsbv.nl\/de\/team\/"},{"@type":"ListItem","position":3,"name":"Niko Vos"}]},{"@type":"WebSite","@id":"https:\/\/www.doldrumsbv.nl\/#website","url":"https:\/\/www.doldrumsbv.nl\/","name":"Doldrums","description":"Marine &amp; Technical Surveyors","potentialAction":[{"@type":"SearchAction","target":{"@type":"EntryPoint","urlTemplate":"https:\/\/www.doldrumsbv.nl\/?s={search_term_string}"},"query-input":{"@type":"PropertyValueSpecification","valueRequired":true,"valueName":"search_term_string"}}],"inLanguage":"de"}]}},"_links":{"self":[{"href":"https:\/\/www.doldrumsbv.nl\/de\/wp-json\/wp\/v2\/pages\/1137","targetHints":{"allow":["GET"]}}],"collection":[{"href":"https:\/\/www.doldrumsbv.nl\/de\/wp-json\/wp\/v2\/pages"}],"about":[{"href":"https:\/\/www.doldrumsbv.nl\/de\/wp-json\/wp\/v2\/types\/page"}],"author":[{"embeddable":true,"href":"https:\/\/www.doldrumsbv.nl\/de\/wp-json\/wp\/v2\/users\/2"}],"replies":[{"embeddable":true,"href":"https:\/\/www.doldrumsbv.nl\/de\/wp-json\/wp\/v2\/comments?post=1137"}],"version-history":[{"count":12,"href":"https:\/\/www.doldrumsbv.nl\/de\/wp-json\/wp\/v2\/pages\/1137\/revisions"}],"predecessor-version":[{"id":1419,"href":"https:\/\/www.doldrumsbv.nl\/de\/wp-json\/wp\/v2\/pages\/1137\/revisions\/1419"}],"up":[{"embeddable":true,"href":"https:\/\/www.doldrumsbv.nl\/de\/wp-json\/wp\/v2\/pages\/112"}],"wp:attachment":[{"href":"https:\/\/www.doldrumsbv.nl\/de\/wp-json\/wp\/v2\/media?parent=1137"}],"curies":[{"name":"wp","href":"https:\/\/api.w.org\/{rel}","templated":true}]}}