{"id":112,"date":"2013-10-28T20:23:45","date_gmt":"2013-10-28T20:23:45","guid":{"rendered":"https:\/\/www.doldrumsbv.nl\/?page_id=112"},"modified":"2026-01-21T16:35:25","modified_gmt":"2026-01-21T16:35:25","slug":"team","status":"publish","type":"page","link":"https:\/\/www.doldrumsbv.nl\/de\/team\/","title":{"rendered":"Team"},"content":{"rendered":"<p>Doldrums wurde am 1. Juni 2007 in Rotterdam gegr\u00fcndet durch vier begeisterten und erfahrenen Sachverst\u00e4ndigen.<br \/>\nInzwischen hat das Team sich vergr\u00f6\u00dfert bis sechs Sachverst\u00e4ndigen und mit Verwaltungsunterst\u00fctzung.<\/p>\n<p>Die Sachverst\u00e4ndigen haben insgesamt mehr als 70 Jahren Erfahrung.<br \/>\nAlle Sachverst\u00e4ndigen sind Seefahrer gewesen, mit breite maritime, technische und nautische Kenntnisse, die in den vergangenen Jahren gewachsen sind mit Menschenkenntnis, Versicherungskenntnisse und, nicht unbedeutend, Pragmatismus.<\/p>\n<p>Drei Sachverst\u00e4ndigen sind beim NIVRE (Niederl\u00e4ndisch Institut f\u00fcr registrierte Experten) registriert.<\/p>\n<p>Zwei Sachverst\u00e4ndigen sind Bevollm\u00e4chtigte IVR Sachverst\u00e4ndigen f\u00fcr SPO Schadensverh\u00fctungsuntersuchungen an Binnenschiffe, namens Versicherer.<\/p>\n<p>Zwei Sachverst\u00e4ndigen sind Mitglied vom International Institute of Marine Surveyors in London und ein dieser beiden Sachverst\u00e4ndigen ist Ehemitglied.<\/p>\n<p>Zwei Sachverst\u00e4ndigen sind beim Verenigd Register van Taxateurs (VRT) (= Taxatoren) eingeschrieben.<\/p>\n<p>&nbsp;<\/p>\n<p>&nbsp;<\/p>\n","protected":false},"excerpt":{"rendered":"<p>Doldrums wurde am 1. Juni 2007 in Rotterdam gegr\u00fcndet durch vier begeisterten und erfahrenen Sachverst\u00e4ndigen. Inzwischen hat das Team sich vergr\u00f6\u00dfert bis sechs Sachverst\u00e4ndigen und mit Verwaltungsunterst\u00fctzung. Die Sachverst\u00e4ndigen haben insgesamt mehr als 70 Jahren Erfahrung. Alle Sachverst\u00e4ndigen sind Seefahrer gewesen, mit breite maritime, technische und nautische Kenntnisse, die in den vergangenen Jahren gewachsen sind [&hellip;]<\/p>\n","protected":false},"author":2,"featured_media":0,"parent":0,"menu_order":3,"comment_status":"open","ping_status":"open","template":"","meta":{"_acf_changed":false,"footnotes":""},"class_list":["post-112","page","type-page","status-publish","hentry"],"acf":[],"yoast_head":"<!-- This site is optimized with the Yoast SEO plugin v27.4 - https:\/\/yoast.com\/product\/yoast-seo-wordpress\/ -->\n<title>Team - Doldrums<\/title>\n<meta name=\"description\" content=\"Doldrums wurde am 1. Juni 2007 in Rotterdam gegr\u00fcndet. Das Team besteht aus f\u00fcnf Sachverst\u00e4ndigen und Verwaltungsunterst\u00fctzung.\" \/>\n<meta name=\"robots\" content=\"index, follow, max-snippet:-1, max-image-preview:large, max-video-preview:-1\" \/>\n<link rel=\"canonical\" href=\"https:\/\/www.doldrumsbv.nl\/de\/team\/\" \/>\n<meta property=\"og:locale\" content=\"de_DE\" \/>\n<meta property=\"og:type\" content=\"article\" \/>\n<meta property=\"og:title\" content=\"Team - Doldrums\" \/>\n<meta property=\"og:description\" content=\"Doldrums wurde am 1. Juni 2007 in Rotterdam gegr\u00fcndet. Das Team besteht aus f\u00fcnf Sachverst\u00e4ndigen und Verwaltungsunterst\u00fctzung.\" \/>\n<meta property=\"og:url\" content=\"https:\/\/www.doldrumsbv.nl\/de\/team\/\" \/>\n<meta property=\"og:site_name\" content=\"Doldrums\" \/>\n<meta property=\"article:modified_time\" content=\"2026-01-21T16:35:25+00:00\" \/>\n<meta name=\"twitter:label1\" content=\"Gesch\u00e4tzte Lesezeit\" \/>\n\t<meta name=\"twitter:data1\" content=\"1\u00a0Minute\" \/>\n<script type=\"application\/ld+json\" class=\"yoast-schema-graph\">{\"@context\":\"https:\\\/\\\/schema.org\",\"@graph\":[{\"@type\":\"WebPage\",\"@id\":\"https:\\\/\\\/www.doldrumsbv.nl\\\/de\\\/team\\\/\",\"url\":\"https:\\\/\\\/www.doldrumsbv.nl\\\/de\\\/team\\\/\",\"name\":\"Team - Doldrums\",\"isPartOf\":{\"@id\":\"https:\\\/\\\/www.doldrumsbv.nl\\\/#website\"},\"datePublished\":\"2013-10-28T20:23:45+00:00\",\"dateModified\":\"2026-01-21T16:35:25+00:00\",\"description\":\"Doldrums wurde am 1. Juni 2007 in Rotterdam gegr\u00fcndet. Das Team besteht aus f\u00fcnf Sachverst\u00e4ndigen und Verwaltungsunterst\u00fctzung.\",\"breadcrumb\":{\"@id\":\"https:\\\/\\\/www.doldrumsbv.nl\\\/de\\\/team\\\/#breadcrumb\"},\"inLanguage\":\"de\",\"potentialAction\":[{\"@type\":\"ReadAction\",\"target\":[\"https:\\\/\\\/www.doldrumsbv.nl\\\/de\\\/team\\\/\"]}]},{\"@type\":\"BreadcrumbList\",\"@id\":\"https:\\\/\\\/www.doldrumsbv.nl\\\/de\\\/team\\\/#breadcrumb\",\"itemListElement\":[{\"@type\":\"ListItem\",\"position\":1,\"name\":\"Home\",\"item\":\"https:\\\/\\\/www.doldrumsbv.nl\\\/de\\\/\"},{\"@type\":\"ListItem\",\"position\":2,\"name\":\"Team\"}]},{\"@type\":\"WebSite\",\"@id\":\"https:\\\/\\\/www.doldrumsbv.nl\\\/#website\",\"url\":\"https:\\\/\\\/www.doldrumsbv.nl\\\/\",\"name\":\"Doldrums\",\"description\":\"Marine &amp; Technical Surveyors\",\"potentialAction\":[{\"@type\":\"SearchAction\",\"target\":{\"@type\":\"EntryPoint\",\"urlTemplate\":\"https:\\\/\\\/www.doldrumsbv.nl\\\/?s={search_term_string}\"},\"query-input\":{\"@type\":\"PropertyValueSpecification\",\"valueRequired\":true,\"valueName\":\"search_term_string\"}}],\"inLanguage\":\"de\"}]}<\/script>\n<!-- \/ Yoast SEO plugin. -->","yoast_head_json":{"title":"Team - Doldrums","description":"Doldrums wurde am 1. Juni 2007 in Rotterdam gegr\u00fcndet. Das Team besteht aus f\u00fcnf Sachverst\u00e4ndigen und Verwaltungsunterst\u00fctzung.","robots":{"index":"index","follow":"follow","max-snippet":"max-snippet:-1","max-image-preview":"max-image-preview:large","max-video-preview":"max-video-preview:-1"},"canonical":"https:\/\/www.doldrumsbv.nl\/de\/team\/","og_locale":"de_DE","og_type":"article","og_title":"Team - Doldrums","og_description":"Doldrums wurde am 1. Juni 2007 in Rotterdam gegr\u00fcndet. Das Team besteht aus f\u00fcnf Sachverst\u00e4ndigen und Verwaltungsunterst\u00fctzung.","og_url":"https:\/\/www.doldrumsbv.nl\/de\/team\/","og_site_name":"Doldrums","article_modified_time":"2026-01-21T16:35:25+00:00","twitter_misc":{"Gesch\u00e4tzte Lesezeit":"1\u00a0Minute"},"schema":{"@context":"https:\/\/schema.org","@graph":[{"@type":"WebPage","@id":"https:\/\/www.doldrumsbv.nl\/de\/team\/","url":"https:\/\/www.doldrumsbv.nl\/de\/team\/","name":"Team - Doldrums","isPartOf":{"@id":"https:\/\/www.doldrumsbv.nl\/#website"},"datePublished":"2013-10-28T20:23:45+00:00","dateModified":"2026-01-21T16:35:25+00:00","description":"Doldrums wurde am 1. Juni 2007 in Rotterdam gegr\u00fcndet. Das Team besteht aus f\u00fcnf Sachverst\u00e4ndigen und Verwaltungsunterst\u00fctzung.","breadcrumb":{"@id":"https:\/\/www.doldrumsbv.nl\/de\/team\/#breadcrumb"},"inLanguage":"de","potentialAction":[{"@type":"ReadAction","target":["https:\/\/www.doldrumsbv.nl\/de\/team\/"]}]},{"@type":"BreadcrumbList","@id":"https:\/\/www.doldrumsbv.nl\/de\/team\/#breadcrumb","itemListElement":[{"@type":"ListItem","position":1,"name":"Home","item":"https:\/\/www.doldrumsbv.nl\/de\/"},{"@type":"ListItem","position":2,"name":"Team"}]},{"@type":"WebSite","@id":"https:\/\/www.doldrumsbv.nl\/#website","url":"https:\/\/www.doldrumsbv.nl\/","name":"Doldrums","description":"Marine &amp; Technical Surveyors","potentialAction":[{"@type":"SearchAction","target":{"@type":"EntryPoint","urlTemplate":"https:\/\/www.doldrumsbv.nl\/?s={search_term_string}"},"query-input":{"@type":"PropertyValueSpecification","valueRequired":true,"valueName":"search_term_string"}}],"inLanguage":"de"}]}},"_links":{"self":[{"href":"https:\/\/www.doldrumsbv.nl\/de\/wp-json\/wp\/v2\/pages\/112","targetHints":{"allow":["GET"]}}],"collection":[{"href":"https:\/\/www.doldrumsbv.nl\/de\/wp-json\/wp\/v2\/pages"}],"about":[{"href":"https:\/\/www.doldrumsbv.nl\/de\/wp-json\/wp\/v2\/types\/page"}],"author":[{"embeddable":true,"href":"https:\/\/www.doldrumsbv.nl\/de\/wp-json\/wp\/v2\/users\/2"}],"replies":[{"embeddable":true,"href":"https:\/\/www.doldrumsbv.nl\/de\/wp-json\/wp\/v2\/comments?post=112"}],"version-history":[{"count":6,"href":"https:\/\/www.doldrumsbv.nl\/de\/wp-json\/wp\/v2\/pages\/112\/revisions"}],"predecessor-version":[{"id":1929,"href":"https:\/\/www.doldrumsbv.nl\/de\/wp-json\/wp\/v2\/pages\/112\/revisions\/1929"}],"wp:attachment":[{"href":"https:\/\/www.doldrumsbv.nl\/de\/wp-json\/wp\/v2\/media?parent=112"}],"curies":[{"name":"wp","href":"https:\/\/api.w.org\/{rel}","templated":true}]}}